{"id":981,"date":"2020-04-30T17:12:59","date_gmt":"2020-04-30T22:12:59","guid":{"rendered":"http:\/\/solcoinco.com\/?post_type=product&#038;p=981"},"modified":"2026-01-18T17:11:24","modified_gmt":"2026-01-18T22:11:24","slug":"camara-termica-optris-xi-400-t010-detectora-de-fiebre","status":"publish","type":"product","link":"https:\/\/solcoinco.com\/?product=camara-termica-optris-xi-400-t010-detectora-de-fiebre","title":{"rendered":"C\u00e1mara T\u00e9rmica Optris Xi \u2013 L\u00ednea Compacta"},"content":{"rendered":"<ul>\n<li>C\u00e1mara industrial con 382 x 288 p\u00edxeles para<\/li>\n<li>Medici\u00f3n exacta de la temperatura de -20 \u00b0C a 100 \u00b0C<\/li>\n<li>C\u00e1mara resistente de tama\u00f1o peque\u00f1o con enfoque motorizado.<\/li>\n<li>Velocidad de cuadro de 80 Hz para el monitoreo de procesos t\u00e9rmicos r\u00e1pidos<\/li>\n<li>Amplio paquete listo para usar a un precio atractivo: incluyendo software de procesamiento de im\u00e1genes vers\u00e1til, conexi\u00f3n cables y certificado de calibraci\u00f3n<\/li>\n<\/ul>","protected":false},"excerpt":{"rendered":"<p>Presentamos la nueva c\u00e1mara Xi 400 T010, dedicada a aplicaciones de detecci\u00f3n de fiebre.<\/p>\n<p>Encuentre aqu\u00ed la informaci\u00f3n t\u00e9cnica para este modelo.<\/p>\n<p><a class=\"button small default\" href=\"http:\/\/solcoinco.com\/productos\/OPT-PIX-Connect-Rel.-3.25.3131.0.zip\" target=\"_blank\" rel=\"noopener noreferrer\"><span style=\"color: #ff0000;\">Software PIX Connect<\/span><\/a><\/p>\n<p><a class=\"button small default\" href=\"http:\/\/solcoinco.com\/productos\/1787_Xi-400-T010-DS-EN2020-04-A_web.pdf\" target=\"_blank\" rel=\"noopener noreferrer\">Informaci\u00f3n T\u00e9cnica<\/a><\/p>\n","protected":false},"featured_media":983,"comment_status":"closed","ping_status":"closed","template":"","meta":[],"product_brand":[],"product_cat":[63,66,67],"product_tag":[],"class_list":{"0":"post-981","1":"product","2":"type-product","3":"status-publish","4":"has-post-thumbnail","6":"product_cat-temperatura","7":"product_cat-medicion-infrarroja","8":"product_cat-camaras","10":"first","11":"instock","12":"shipping-taxable","13":"product-type-simple"},"_links":{"self":[{"href":"https:\/\/solcoinco.com\/index.php?rest_route=\/wp\/v2\/product\/981","targetHints":{"allow":["GET"]}}],"collection":[{"href":"https:\/\/solcoinco.com\/index.php?rest_route=\/wp\/v2\/product"}],"about":[{"href":"https:\/\/solcoinco.com\/index.php?rest_route=\/wp\/v2\/types\/product"}],"replies":[{"embeddable":true,"href":"https:\/\/solcoinco.com\/index.php?rest_route=%2Fwp%2Fv2%2Fcomments&post=981"}],"wp:featuredmedia":[{"embeddable":true,"href":"https:\/\/solcoinco.com\/index.php?rest_route=\/wp\/v2\/media\/983"}],"wp:attachment":[{"href":"https:\/\/solcoinco.com\/index.php?rest_route=%2Fwp%2Fv2%2Fmedia&parent=981"}],"wp:term":[{"taxonomy":"product_brand","embeddable":true,"href":"https:\/\/solcoinco.com\/index.php?rest_route=%2Fwp%2Fv2%2Fproduct_brand&post=981"},{"taxonomy":"product_cat","embeddable":true,"href":"https:\/\/solcoinco.com\/index.php?rest_route=%2Fwp%2Fv2%2Fproduct_cat&post=981"},{"taxonomy":"product_tag","embeddable":true,"href":"https:\/\/solcoinco.com\/index.php?rest_route=%2Fwp%2Fv2%2Fproduct_tag&post=981"}],"curies":[{"name":"wp","href":"https:\/\/api.w.org\/{rel}","templated":true}]}}