{"id":975,"date":"2020-04-30T16:27:39","date_gmt":"2020-04-30T21:27:39","guid":{"rendered":"http:\/\/solcoinco.com\/?post_type=product&#038;p=975"},"modified":"2020-05-14T16:32:43","modified_gmt":"2020-05-14T21:32:43","slug":"camara-termica-pi-450i-t010-deteccion-de-fiebre","status":"publish","type":"product","link":"https:\/\/solcoinco.com\/?product=camara-termica-pi-450i-t010-deteccion-de-fiebre","title":{"rendered":"C\u00e1mara t\u00e9rmica PI 450i T010 Detectora de fiebre"},"content":{"rendered":"<ul>\n<li>La c\u00e1mara m\u00e1s peque\u00f1a de su clase (46 x 56 x 68 &#8211; 77 mm)<\/li>\n<li>Lentes intercambiables<\/li>\n<li>Excelente sensibilidad t\u00e9rmica de 40 mK<\/li>\n<li>Software de an\u00e1lisis sin licencia y certificado de calibraci\u00f3n Incluido<\/li>\n<li>Detector: FPA, no refrigerado (17 \u00b5m x 17 \u00b5m)<\/li>\n<li>Resoluci\u00f3n \u00f3ptica: 382 x 288 pixel<\/li>\n<li>Rango espectral: 8 &#8211; 14 \u00b5m<\/li>\n<li>Rango de temperatura: -20\u00b0C&#8230;100\u00b0C<\/li>\n<li>Precisi\u00f3n con BR 20AR (T.Amb. 18\u00b0C &#8230;33\u00b0C): \u00b10.5 \u00b0C (T.Obj 30\u00b0C&#8230;40\u00b0C)<\/li>\n<li>Im\u00e1genes por segundo: 80 Hz<\/li>\n<li>Interfaces PC: USB 2.0<\/li>\n<li>Fuente de alimentaci\u00f3n:\u00a0Suministro v\u00eda USB<\/li>\n<\/ul>","protected":false},"excerpt":{"rendered":"<p>C\u00e1mara IR para la detecci\u00f3n de m\u00ednimas diferencias de temperatura, optima para aplicaciones de detecci\u00f3n de fiebre.<\/p>\n<ul>\n<li>Software de an\u00e1lisis sin licencia y certificado de calibraci\u00f3n Incluido<\/li>\n<\/ul>\n<p><a class=\"button small default\" href=\"http:\/\/solcoinco.com\/productos\/1785_PI_450i_T010-DS-EN2020-04-A_web.pdf\" target=\"_blank\" rel=\"noopener noreferrer\">Informaci\u00f3n T\u00e9cnica<\/a><\/p>\n","protected":false},"featured_media":987,"comment_status":"closed","ping_status":"closed","template":"","meta":[],"product_brand":[],"product_cat":[63,66,67],"product_tag":[],"class_list":{"0":"post-975","1":"product","2":"type-product","3":"status-publish","4":"has-post-thumbnail","6":"product_cat-temperatura","7":"product_cat-medicion-infrarroja","8":"product_cat-camaras","10":"first","11":"instock","12":"shipping-taxable","13":"product-type-simple"},"_links":{"self":[{"href":"https:\/\/solcoinco.com\/index.php?rest_route=\/wp\/v2\/product\/975","targetHints":{"allow":["GET"]}}],"collection":[{"href":"https:\/\/solcoinco.com\/index.php?rest_route=\/wp\/v2\/product"}],"about":[{"href":"https:\/\/solcoinco.com\/index.php?rest_route=\/wp\/v2\/types\/product"}],"replies":[{"embeddable":true,"href":"https:\/\/solcoinco.com\/index.php?rest_route=%2Fwp%2Fv2%2Fcomments&post=975"}],"wp:featuredmedia":[{"embeddable":true,"href":"https:\/\/solcoinco.com\/index.php?rest_route=\/wp\/v2\/media\/987"}],"wp:attachment":[{"href":"https:\/\/solcoinco.com\/index.php?rest_route=%2Fwp%2Fv2%2Fmedia&parent=975"}],"wp:term":[{"taxonomy":"product_brand","embeddable":true,"href":"https:\/\/solcoinco.com\/index.php?rest_route=%2Fwp%2Fv2%2Fproduct_brand&post=975"},{"taxonomy":"product_cat","embeddable":true,"href":"https:\/\/solcoinco.com\/index.php?rest_route=%2Fwp%2Fv2%2Fproduct_cat&post=975"},{"taxonomy":"product_tag","embeddable":true,"href":"https:\/\/solcoinco.com\/index.php?rest_route=%2Fwp%2Fv2%2Fproduct_tag&post=975"}],"curies":[{"name":"wp","href":"https:\/\/api.w.org\/{rel}","templated":true}]}}