{"id":955,"date":"2020-04-30T11:23:54","date_gmt":"2020-04-30T16:23:54","guid":{"rendered":"http:\/\/solcoinco.com\/?post_type=product&#038;p=955"},"modified":"2020-04-30T11:25:38","modified_gmt":"2020-04-30T16:25:38","slug":"camara-termica-optris-pi-1m","status":"publish","type":"product","link":"https:\/\/solcoinco.com\/?product=camara-termica-optris-pi-1m","title":{"rendered":"C\u00e1mara t\u00e9rmica OPTRIS PI 1M"},"content":{"rendered":"<p>La c\u00e1mara infrarroja optris PI 640 es la c\u00e1mara termogr\u00e1fica VGA m\u00e1s peque\u00f1a del mundo. Es capaz de grabar y capturar im\u00e1genes t\u00e9rmicas en tiempo real con gran nitidez y una resoluci\u00f3n de 640 x 480 p\u00edxeles.<\/p>\n<p>La nueva PI 1M ofrece toda una serie de caracter\u00edsticas exclusivas en el mercado: un\u00a0<strong>rango contin\u00fao de temperatura de 450 \u00baC a 1.800 \u00baC<\/strong>, una\u00a0<strong>frecuencia de imagen de hasta 1 kHz<\/strong>\u00a0as\u00ed como diversos modos de resoluci\u00f3n y frecuencia de imagen.<\/p>\n<p>El\u00a0amplio paquete de Software de an\u00e1lisis optris PIX Connect\u00a0<strong>no tiene l\u00edmite de licencia<\/strong>\u00a0y ya est\u00e1\u00a0<strong>incluido en el precio<\/strong>.<\/p>\n<p>La c\u00e1mara infrarroja PI 1M mide con precisi\u00f3n en el rango de temperaturas desde 400 \u00b0C hasta 1800 \u00b0C (sin rangos inferiores)\u00a0y se puede adquirir con\u00a0accesorios industriales.<\/p>\n<p><strong>Ventajas:<\/strong><\/p>\n<ul>\n<li>Detector altamente din\u00e1mico CMOS con una resoluci\u00f3n \u00f3ptica de hasta 764 x 480 p\u00edxeles<\/li>\n<li>Rango muy amplio de temperatura (sin rangos inferiores) de 450 \u00b0C a 1800 \u00b0C<\/li>\n<li>Frecuencias de imagen de hasta 1 kHz para procesos r\u00e1pidos<\/li>\n<li>Emisi\u00f3n en tiempo real de los p\u00edxeles medios en un tiempo de respuesta de 1 ms<\/li>\n<li>1 kHz modo de escaneo en l\u00ednea posible<\/li>\n<\/ul>\n<p><span style=\"color: #000000;\"> <a class=\"button small orange\" style=\"color: #000000;\" href=\"https:\/\/www.optris.es\/calculador-optico\">Calculador \u00d3ptico<\/a><\/span><\/p>","protected":false},"excerpt":{"rendered":"<p>La\u00a0<strong>c\u00e1mara infrarroja con longitud de onda corta<\/strong>\u00a0optris PI 1M ha sido desarrollada para hacer mediciones de\u00a0<strong>temperatura en la industria del metal<\/strong>.<\/p>\n<p><a class=\"button small default\" href=\"http:\/\/solcoinco.com\/productos\/datasheet-optris-pi-1m-uk.pdf\" target=\"_blank\" rel=\"noopener noreferrer\">Informaci\u00f3n T\u00e9cnica<\/a><\/p>\n","protected":false},"featured_media":554,"comment_status":"closed","ping_status":"closed","template":"","meta":[],"product_brand":[],"product_cat":[63,66,67],"product_tag":[],"class_list":{"0":"post-955","1":"product","2":"type-product","3":"status-publish","4":"has-post-thumbnail","6":"product_cat-temperatura","7":"product_cat-medicion-infrarroja","8":"product_cat-camaras","10":"first","11":"instock","12":"shipping-taxable","13":"product-type-simple"},"_links":{"self":[{"href":"https:\/\/solcoinco.com\/index.php?rest_route=\/wp\/v2\/product\/955","targetHints":{"allow":["GET"]}}],"collection":[{"href":"https:\/\/solcoinco.com\/index.php?rest_route=\/wp\/v2\/product"}],"about":[{"href":"https:\/\/solcoinco.com\/index.php?rest_route=\/wp\/v2\/types\/product"}],"replies":[{"embeddable":true,"href":"https:\/\/solcoinco.com\/index.php?rest_route=%2Fwp%2Fv2%2Fcomments&post=955"}],"wp:featuredmedia":[{"embeddable":true,"href":"https:\/\/solcoinco.com\/index.php?rest_route=\/wp\/v2\/media\/554"}],"wp:attachment":[{"href":"https:\/\/solcoinco.com\/index.php?rest_route=%2Fwp%2Fv2%2Fmedia&parent=955"}],"wp:term":[{"taxonomy":"product_brand","embeddable":true,"href":"https:\/\/solcoinco.com\/index.php?rest_route=%2Fwp%2Fv2%2Fproduct_brand&post=955"},{"taxonomy":"product_cat","embeddable":true,"href":"https:\/\/solcoinco.com\/index.php?rest_route=%2Fwp%2Fv2%2Fproduct_cat&post=955"},{"taxonomy":"product_tag","embeddable":true,"href":"https:\/\/solcoinco.com\/index.php?rest_route=%2Fwp%2Fv2%2Fproduct_tag&post=955"}],"curies":[{"name":"wp","href":"https:\/\/api.w.org\/{rel}","templated":true}]}}