{"id":948,"date":"2020-04-29T16:22:12","date_gmt":"2020-04-29T21:22:12","guid":{"rendered":"http:\/\/solcoinco.com\/?post_type=product&#038;p=948"},"modified":"2020-04-30T08:11:00","modified_gmt":"2020-04-30T13:11:00","slug":"camara-termica-optris-pi-450i-g7-640-g7","status":"publish","type":"product","link":"https:\/\/solcoinco.com\/?product=camara-termica-optris-pi-450i-g7-640-g7","title":{"rendered":"C\u00e1mara t\u00e9rmica OPTRIS PI 450i G7 \/ 640 G7"},"content":{"rendered":"<p>Se han conservado los par\u00e1metros t\u00edpicos de las c\u00e1maras Optris como son \u2013 la\u00a0<strong>alta frecuencia de imagen<\/strong>\u00a0(80 Hz), la\u00a0<strong>alta resoluci\u00f3n \u00f3ptica<\/strong>\u00a0(640 x 480 p\u00edxeles) y el\u00a0<strong>dise\u00f1o compacto<\/strong>\u00a0\u2013 a fin de poder tomar\u00a0<strong>im\u00e1genes termogr\u00e1ficas en tiempo real tanto de perlas de vidrio como de grandes planchas de vidrio.<\/strong><\/p>\n<p>La c\u00e1mara infrarroja se utiliza de\u00a0<strong>c\u00e1mara lineal en el sector de fabricaci\u00f3n de vidrio plano<\/strong>\u00a0y ofrece toda una serie de opciones para la documentaci\u00f3n y el mando de los procesos.<\/p>\n<p>Esta c\u00e1mara infrarroja concebida para la industria del vidrio se caracteriza por su alta potencia y dimensiones compactas, adem\u00e1s, cuenta con lentes intercambiables y\u00a0accesorios industriales. El amplio\u00a0paquete termogr\u00e1fico de Software optris PIX Connect, sin l\u00edmite de licencia, est\u00e1 incluido en el precio.<\/p>\n<p><span style=\"color: #000000;\"> <a class=\"button small orange\" style=\"color: #000000;\" href=\"https:\/\/www.optris.es\/calculador-optico\">Calculador \u00d3ptico<\/a><\/span><\/p>","protected":false},"excerpt":{"rendered":"<p><strong>La c\u00e1mara infrarroja optris PI 450i G7\/ 640 G7<\/strong>\u00a0es la primera c\u00e1mara termogr\u00e1fica espec\u00edfica del sector en la serie PI. Para la industria del vidrio se ha concebido especialmente una c\u00e1mara que mide s\u00f3lo en un rango espectral<\/p>\n<p><a class=\"button small default\" href=\"http:\/\/solcoinco.com\/productos\/datasheet-optris-pi-450-g7.pdf\" target=\"_blank\" rel=\"noopener noreferrer\">Informaci\u00f3n T\u00e9cnica<\/a><\/p>\n","protected":false},"featured_media":949,"comment_status":"closed","ping_status":"closed","template":"","meta":[],"product_brand":[],"product_cat":[63,66,67],"product_tag":[],"class_list":{"0":"post-948","1":"product","2":"type-product","3":"status-publish","4":"has-post-thumbnail","6":"product_cat-temperatura","7":"product_cat-medicion-infrarroja","8":"product_cat-camaras","10":"first","11":"instock","12":"shipping-taxable","13":"product-type-simple"},"_links":{"self":[{"href":"https:\/\/solcoinco.com\/index.php?rest_route=\/wp\/v2\/product\/948","targetHints":{"allow":["GET"]}}],"collection":[{"href":"https:\/\/solcoinco.com\/index.php?rest_route=\/wp\/v2\/product"}],"about":[{"href":"https:\/\/solcoinco.com\/index.php?rest_route=\/wp\/v2\/types\/product"}],"replies":[{"embeddable":true,"href":"https:\/\/solcoinco.com\/index.php?rest_route=%2Fwp%2Fv2%2Fcomments&post=948"}],"wp:featuredmedia":[{"embeddable":true,"href":"https:\/\/solcoinco.com\/index.php?rest_route=\/wp\/v2\/media\/949"}],"wp:attachment":[{"href":"https:\/\/solcoinco.com\/index.php?rest_route=%2Fwp%2Fv2%2Fmedia&parent=948"}],"wp:term":[{"taxonomy":"product_brand","embeddable":true,"href":"https:\/\/solcoinco.com\/index.php?rest_route=%2Fwp%2Fv2%2Fproduct_brand&post=948"},{"taxonomy":"product_cat","embeddable":true,"href":"https:\/\/solcoinco.com\/index.php?rest_route=%2Fwp%2Fv2%2Fproduct_cat&post=948"},{"taxonomy":"product_tag","embeddable":true,"href":"https:\/\/solcoinco.com\/index.php?rest_route=%2Fwp%2Fv2%2Fproduct_tag&post=948"}],"curies":[{"name":"wp","href":"https:\/\/api.w.org\/{rel}","templated":true}]}}