{"id":927,"date":"2020-04-29T09:30:18","date_gmt":"2020-04-29T14:30:18","guid":{"rendered":"http:\/\/solcoinco.com\/?post_type=product&#038;p=927"},"modified":"2020-04-29T16:31:50","modified_gmt":"2020-04-29T21:31:50","slug":"camara-termica-optris-pi-160","status":"publish","type":"product","link":"https:\/\/solcoinco.com\/?product=camara-termica-optris-pi-160","title":{"rendered":"C\u00e1mara t\u00e9rmica OPTRIS PI 640"},"content":{"rendered":"<p>Su tama\u00f1o es de tan s\u00f3lo <strong>46x56x90<\/strong>\u00a0mm y un peso de\u00a0<strong>320 gramos<\/strong>\u00a0(c\u00e1mara-lente), la optris\u00ae PI 640 es la c\u00e1mara m\u00e1s peque\u00f1a en el mercado de la termograf\u00eda. El\u00a0amplio paquete de Software de an\u00e1lisis optris PIX Connect\u00a0<strong>no tiene l\u00edmite de licencia<\/strong>\u00a0y ya est\u00e1\u00a0<strong>incluido en el precio<\/strong>.<\/p>\n<p>La c\u00e1mara infrarroja compacta PI 640 mide con precisi\u00f3n en el rango de temperaturas desde -20\u00b0C hasta 900\u00b0C y se puede adquirir con\u00a0accesorios industriales.<\/p>\n<p><strong>Par\u00e1metros importantes<\/strong><\/p>\n<ul>\n<li>Resoluci\u00f3n \u00f3ptica 640 x 480 Px<\/li>\n<li>Rango de temperatura:<br \/>\ndesde -20\u00b0C hasta 900\u00b0C<\/li>\n<li>Rango espectral: 8 hasta 14 \u00b5m<\/li>\n<li>Frecuencia de imagen: 32 Hz<\/li>\n<li>Medidas: 46 mm x 56 mm x 90 mm<\/li>\n<\/ul>\n<p><a class=\"button small orange\" style=\"color: #000000;\" href=\"https:\/\/www.optris.es\/calculador-optico\">Calculador \u00d3ptico<\/a><\/p>","protected":false},"excerpt":{"rendered":"<p>La\u00a0<strong>c\u00e1mara infrarroja optris PI 640<\/strong>\u00a0es la\u00a0<strong>c\u00e1mara termogr\u00e1fica VGA m\u00e1s peque\u00f1a<\/strong>\u00a0del mundo. Es capaz de grabar y capturar\u00a0<strong>im\u00e1genes t\u00e9rmicas en tiempo real<\/strong>\u00a0con gran nitidez y una resoluci\u00f3n de\u00a0<strong>640 x 480 p\u00edxeles<\/strong>.<\/p>\n<p><a class=\"button small default\" href=\"http:\/\/solcoinco.com\/productos\/datasheet-optris-pi-640.pdf\" target=\"_blank\" rel=\"noopener noreferrer\">Informaci\u00f3n T\u00e9cnica<\/a><\/p>\n","protected":false},"featured_media":550,"comment_status":"closed","ping_status":"closed","template":"","meta":[],"product_brand":[],"product_cat":[63,66,67],"product_tag":[],"class_list":{"0":"post-927","1":"product","2":"type-product","3":"status-publish","4":"has-post-thumbnail","6":"product_cat-temperatura","7":"product_cat-medicion-infrarroja","8":"product_cat-camaras","10":"first","11":"instock","12":"shipping-taxable","13":"product-type-simple"},"_links":{"self":[{"href":"https:\/\/solcoinco.com\/index.php?rest_route=\/wp\/v2\/product\/927","targetHints":{"allow":["GET"]}}],"collection":[{"href":"https:\/\/solcoinco.com\/index.php?rest_route=\/wp\/v2\/product"}],"about":[{"href":"https:\/\/solcoinco.com\/index.php?rest_route=\/wp\/v2\/types\/product"}],"replies":[{"embeddable":true,"href":"https:\/\/solcoinco.com\/index.php?rest_route=%2Fwp%2Fv2%2Fcomments&post=927"}],"wp:featuredmedia":[{"embeddable":true,"href":"https:\/\/solcoinco.com\/index.php?rest_route=\/wp\/v2\/media\/550"}],"wp:attachment":[{"href":"https:\/\/solcoinco.com\/index.php?rest_route=%2Fwp%2Fv2%2Fmedia&parent=927"}],"wp:term":[{"taxonomy":"product_brand","embeddable":true,"href":"https:\/\/solcoinco.com\/index.php?rest_route=%2Fwp%2Fv2%2Fproduct_brand&post=927"},{"taxonomy":"product_cat","embeddable":true,"href":"https:\/\/solcoinco.com\/index.php?rest_route=%2Fwp%2Fv2%2Fproduct_cat&post=927"},{"taxonomy":"product_tag","embeddable":true,"href":"https:\/\/solcoinco.com\/index.php?rest_route=%2Fwp%2Fv2%2Fproduct_tag&post=927"}],"curies":[{"name":"wp","href":"https:\/\/api.w.org\/{rel}","templated":true}]}}