{"id":837,"date":"2020-04-25T23:19:27","date_gmt":"2020-04-26T04:19:27","guid":{"rendered":"http:\/\/solcoinco.com\/?product=resistencias-tipo-cable-nozzle"},"modified":"2020-04-25T23:19:27","modified_gmt":"2020-04-26T04:19:27","slug":"resistencias-tipo-cable-nozzle","status":"publish","type":"product","link":"https:\/\/solcoinco.com\/?product=resistencias-tipo-cable-nozzle","title":{"rendered":"Resistencias tipo cable \u00abNozzle\u00bb"},"content":{"rendered":"<p>Pueden ser solicitadas con diferentes tipos de salida en sus terminales y figuradas de acuerdo a las necesidades del cliente.<\/p>\n<p>Las resistencias tipo cable \u00abnozzle\u00bb han sido dise\u00f1adas especialmente para el calentamiento de las boquillas en las industria del pl\u00e1stico. Son muy compactas y alta densidad de  potencia lo que les permite un gran poder calor\u00edfico distribuido uniformemente. Toda la resistencia est\u00e1 herm\u00e9ticamente sellada para evitar la entrada de materiales, humedad, l\u00edquidos,etc.<\/p>","protected":false},"excerpt":{"rendered":"<p>Resistencias tipo cable figurables seg\u00fan su aplicaci\u00f3n<\/p>\n","protected":false},"featured_media":338,"comment_status":"open","ping_status":"closed","template":"","meta":[],"product_brand":[],"product_cat":[78],"product_tag":[79],"class_list":{"0":"post-837","1":"product","2":"type-product","3":"status-publish","4":"has-post-thumbnail","6":"product_cat-resistencias","7":"product_tag-resistencias","9":"first","10":"instock","11":"shipping-taxable","12":"product-type-simple"},"_links":{"self":[{"href":"https:\/\/solcoinco.com\/index.php?rest_route=\/wp\/v2\/product\/837","targetHints":{"allow":["GET"]}}],"collection":[{"href":"https:\/\/solcoinco.com\/index.php?rest_route=\/wp\/v2\/product"}],"about":[{"href":"https:\/\/solcoinco.com\/index.php?rest_route=\/wp\/v2\/types\/product"}],"replies":[{"embeddable":true,"href":"https:\/\/solcoinco.com\/index.php?rest_route=%2Fwp%2Fv2%2Fcomments&post=837"}],"wp:featuredmedia":[{"embeddable":true,"href":"https:\/\/solcoinco.com\/index.php?rest_route=\/wp\/v2\/media\/338"}],"wp:attachment":[{"href":"https:\/\/solcoinco.com\/index.php?rest_route=%2Fwp%2Fv2%2Fmedia&parent=837"}],"wp:term":[{"taxonomy":"product_brand","embeddable":true,"href":"https:\/\/solcoinco.com\/index.php?rest_route=%2Fwp%2Fv2%2Fproduct_brand&post=837"},{"taxonomy":"product_cat","embeddable":true,"href":"https:\/\/solcoinco.com\/index.php?rest_route=%2Fwp%2Fv2%2Fproduct_cat&post=837"},{"taxonomy":"product_tag","embeddable":true,"href":"https:\/\/solcoinco.com\/index.php?rest_route=%2Fwp%2Fv2%2Fproduct_tag&post=837"}],"curies":[{"name":"wp","href":"https:\/\/api.w.org\/{rel}","templated":true}]}}