{"id":836,"date":"2020-04-25T23:19:27","date_gmt":"2020-04-26T04:19:27","guid":{"rendered":"http:\/\/solcoinco.com\/?product=resistencias-teflon-inmersion"},"modified":"2025-04-11T16:27:56","modified_gmt":"2025-04-11T21:27:56","slug":"resistencias-teflon-inmersion","status":"publish","type":"product","link":"https:\/\/solcoinco.com\/?product=resistencias-teflon-inmersion","title":{"rendered":"Resistencias Teflon Inmersi\u00f3n"},"content":{"rendered":"<p>Las resistencias para inmersi\u00f3n con recubrimiento en tefl\u00f3n son resistentes a productos qu\u00edmicos, ideales para usar en el calentamiento de soluciones corrosivas como el electro-pulido, cromado, qu\u00edmica y electroqu\u00edmica niquelado, plateado y otros de uso frecuente en procesos de electro-c\u00e1todos.<\/p>\n<p>M\u00e1ximo voltaje 480Vac<br \/>\nMaterial del revestimiento en tefl\u00f3n<br \/>\nDensidad de potencia 10w\/in2 (para una vida \u00fatil extendida)<br \/>\nM\u00e1xima temperatura 90\u00b0C<br \/>\nCon terminal de tierra<br \/>\nCaja de conexiones en PP herm\u00e9ticamente sellada<br \/>\nTerminales en PVC<br \/>\nSistema de conexi\u00f3n el\u00e9ctrica en una fase<br \/>\nDisponibles en diferentes formas (vertical, en L, etc.)<\/p>","protected":false},"excerpt":{"rendered":"<p>Resistencias para inmersi\u00f3n en tefl\u00f3n fabricadas seg\u00fan su aplicaci\u00f3n<\/p>\n","protected":false},"featured_media":1244,"comment_status":"open","ping_status":"closed","template":"","meta":[],"product_brand":[],"product_cat":[78],"product_tag":[79],"class_list":{"0":"post-836","1":"product","2":"type-product","3":"status-publish","4":"has-post-thumbnail","6":"product_cat-resistencias","7":"product_tag-resistencias","9":"first","10":"instock","11":"shipping-taxable","12":"product-type-simple"},"_links":{"self":[{"href":"https:\/\/solcoinco.com\/index.php?rest_route=\/wp\/v2\/product\/836","targetHints":{"allow":["GET"]}}],"collection":[{"href":"https:\/\/solcoinco.com\/index.php?rest_route=\/wp\/v2\/product"}],"about":[{"href":"https:\/\/solcoinco.com\/index.php?rest_route=\/wp\/v2\/types\/product"}],"replies":[{"embeddable":true,"href":"https:\/\/solcoinco.com\/index.php?rest_route=%2Fwp%2Fv2%2Fcomments&post=836"}],"wp:featuredmedia":[{"embeddable":true,"href":"https:\/\/solcoinco.com\/index.php?rest_route=\/wp\/v2\/media\/1244"}],"wp:attachment":[{"href":"https:\/\/solcoinco.com\/index.php?rest_route=%2Fwp%2Fv2%2Fmedia&parent=836"}],"wp:term":[{"taxonomy":"product_brand","embeddable":true,"href":"https:\/\/solcoinco.com\/index.php?rest_route=%2Fwp%2Fv2%2Fproduct_brand&post=836"},{"taxonomy":"product_cat","embeddable":true,"href":"https:\/\/solcoinco.com\/index.php?rest_route=%2Fwp%2Fv2%2Fproduct_cat&post=836"},{"taxonomy":"product_tag","embeddable":true,"href":"https:\/\/solcoinco.com\/index.php?rest_route=%2Fwp%2Fv2%2Fproduct_tag&post=836"}],"curies":[{"name":"wp","href":"https:\/\/api.w.org\/{rel}","templated":true}]}}