{"id":835,"date":"2020-04-25T23:19:27","date_gmt":"2020-04-26T04:19:27","guid":{"rendered":"http:\/\/solcoinco.com\/?product=resistencia-cartucho"},"modified":"2024-08-09T16:26:52","modified_gmt":"2024-08-09T21:26:52","slug":"resistencia-cartucho","status":"publish","type":"product","link":"https:\/\/solcoinco.com\/?product=resistencia-cartucho","title":{"rendered":"Resistencia Cartucho"},"content":{"rendered":"<p>La forma de construcci\u00f3n de estos elementos de calefacci\u00f3n permiten su utilizaci\u00f3n en condiciones de trabajo pesado, como pueden ser vibraciones y altas temperaturas ya que<br \/>\npueden llegar a alcanzar m\u00e1s de 450\u00ba en la superficie del cartucho.<\/p>\n<p>Las resistencias de Alta Densidad son id\u00f3neas para la instalaci\u00f3n de una potencia elevada en el m\u00ednimo espacio.<\/p>\n<p>Estos cartuchos pueden incorporar el termopar tipo (J \u00f3 K) dentro de la resistencias.<\/p>\n<p>Densidad de potencia m\u00e1xima: 400W \/ in2<br \/>\nTemperatura de trabajo m\u00e1xima 760\u00b0C<br \/>\nVoltaje m\u00e1ximo 480Vac<br \/>\nDi\u00e1metros est\u00e1ndar desde 1\/8\u2033 hasta 1\u2033<br \/>\nDiferentes tipos de terminales<br \/>\nOpciones de protecci\u00f3n en coraza o malla de acero SS304<\/p>","protected":false},"excerpt":{"rendered":"<p>Resistencias tipo cartucho fabricadas seg\u00fan su aplicaci\u00f3n<\/p>\n","protected":false},"featured_media":1160,"comment_status":"open","ping_status":"closed","template":"","meta":[],"product_brand":[],"product_cat":[78],"product_tag":[79],"class_list":{"0":"post-835","1":"product","2":"type-product","3":"status-publish","4":"has-post-thumbnail","6":"product_cat-resistencias","7":"product_tag-resistencias","9":"first","10":"instock","11":"shipping-taxable","12":"product-type-simple"},"_links":{"self":[{"href":"https:\/\/solcoinco.com\/index.php?rest_route=\/wp\/v2\/product\/835","targetHints":{"allow":["GET"]}}],"collection":[{"href":"https:\/\/solcoinco.com\/index.php?rest_route=\/wp\/v2\/product"}],"about":[{"href":"https:\/\/solcoinco.com\/index.php?rest_route=\/wp\/v2\/types\/product"}],"replies":[{"embeddable":true,"href":"https:\/\/solcoinco.com\/index.php?rest_route=%2Fwp%2Fv2%2Fcomments&post=835"}],"wp:featuredmedia":[{"embeddable":true,"href":"https:\/\/solcoinco.com\/index.php?rest_route=\/wp\/v2\/media\/1160"}],"wp:attachment":[{"href":"https:\/\/solcoinco.com\/index.php?rest_route=%2Fwp%2Fv2%2Fmedia&parent=835"}],"wp:term":[{"taxonomy":"product_brand","embeddable":true,"href":"https:\/\/solcoinco.com\/index.php?rest_route=%2Fwp%2Fv2%2Fproduct_brand&post=835"},{"taxonomy":"product_cat","embeddable":true,"href":"https:\/\/solcoinco.com\/index.php?rest_route=%2Fwp%2Fv2%2Fproduct_cat&post=835"},{"taxonomy":"product_tag","embeddable":true,"href":"https:\/\/solcoinco.com\/index.php?rest_route=%2Fwp%2Fv2%2Fproduct_tag&post=835"}],"curies":[{"name":"wp","href":"https:\/\/api.w.org\/{rel}","templated":true}]}}