{"id":832,"date":"2020-04-25T23:19:27","date_gmt":"2020-04-26T04:19:27","guid":{"rendered":"http:\/\/solcoinco.com\/?product=interruptor-caudal"},"modified":"2021-02-12T15:14:30","modified_gmt":"2021-02-12T20:14:30","slug":"interruptor-caudal","status":"publish","type":"product","link":"https:\/\/solcoinco.com\/?product=interruptor-caudal","title":{"rendered":"Interruptor Caudal"},"content":{"rendered":"<p>Los Interruptores de flujo ofrece una fiabilidad extraordinaria a un precio competitivo y puede instalarse en tuber\u00edas de 1\/2&#8243; y m\u00e1s grandes. Fabricados en diferentes materales seg\u00fan la aplicaci\u00f3n, pr\u00e1cticamente no requieren mantenimiento. La ca\u00edda de presi\u00f3n en el instrumento es insignificante e independiente del di\u00e1metro de la tuber\u00eda. Est\u00e1 disponible con un contacto normalmente abierto, normalmente cerrado o SPDT.<\/p>","protected":false},"excerpt":{"rendered":"<p>Interruptores de flujo tipo paleta<\/p>\n","protected":false},"featured_media":303,"comment_status":"open","ping_status":"closed","template":"","meta":[],"product_brand":[],"product_cat":[76,73],"product_tag":[77],"class_list":{"0":"post-832","1":"product","2":"type-product","3":"status-publish","4":"has-post-thumbnail","6":"product_cat-caudal","7":"product_cat-interruptores","8":"product_tag-caudal","10":"first","11":"instock","12":"shipping-taxable","13":"product-type-simple"},"_links":{"self":[{"href":"https:\/\/solcoinco.com\/index.php?rest_route=\/wp\/v2\/product\/832","targetHints":{"allow":["GET"]}}],"collection":[{"href":"https:\/\/solcoinco.com\/index.php?rest_route=\/wp\/v2\/product"}],"about":[{"href":"https:\/\/solcoinco.com\/index.php?rest_route=\/wp\/v2\/types\/product"}],"replies":[{"embeddable":true,"href":"https:\/\/solcoinco.com\/index.php?rest_route=%2Fwp%2Fv2%2Fcomments&post=832"}],"wp:featuredmedia":[{"embeddable":true,"href":"https:\/\/solcoinco.com\/index.php?rest_route=\/wp\/v2\/media\/303"}],"wp:attachment":[{"href":"https:\/\/solcoinco.com\/index.php?rest_route=%2Fwp%2Fv2%2Fmedia&parent=832"}],"wp:term":[{"taxonomy":"product_brand","embeddable":true,"href":"https:\/\/solcoinco.com\/index.php?rest_route=%2Fwp%2Fv2%2Fproduct_brand&post=832"},{"taxonomy":"product_cat","embeddable":true,"href":"https:\/\/solcoinco.com\/index.php?rest_route=%2Fwp%2Fv2%2Fproduct_cat&post=832"},{"taxonomy":"product_tag","embeddable":true,"href":"https:\/\/solcoinco.com\/index.php?rest_route=%2Fwp%2Fv2%2Fproduct_tag&post=832"}],"curies":[{"name":"wp","href":"https:\/\/api.w.org\/{rel}","templated":true}]}}