{"id":827,"date":"2020-04-25T23:19:27","date_gmt":"2020-04-26T04:19:27","guid":{"rendered":"http:\/\/solcoinco.com\/?product=optris-csmicro-lt-lth"},"modified":"2021-01-20T18:08:26","modified_gmt":"2021-01-20T23:08:26","slug":"optris-csmicro-lt-lth","status":"publish","type":"product","link":"https:\/\/solcoinco.com\/?product=optris-csmicro-lt-lth","title":{"rendered":"CSmicro 2M para la medici\u00f3n de la temperatura en metal"},"content":{"rendered":"<p>El peque\u00f1o cabezal de sensado infrarrojo es apropiado para el montaje en lugares muy estrechos y permite, de este modo, una reducci\u00f3n de los costes en la integraci\u00f3n mec\u00e1nica de determinados procesos.<\/p>\n<h4><strong>Caracter\u00edsticas del optris CSmicro 2M<\/strong><\/h4>\n<h4><strong>Especificaciones de medici\u00f3n<\/strong><\/h4>\n<ul>\n<li>Rango de temperatura\u00a0(escalable v\u00eda software):<br \/>\n250 &#8230; 800\u00b0C (2ML)<br \/>\n385 &#8230; 1600\u00b0C (2MH)<\/li>\n<li>Rango espectral: 1,6 \u00b5m<\/li>\n<li>Resoluci\u00f3n \u00f3ptica\u00a0(90 % energ\u00eda):<br \/>\n40:1 (2ML)<br \/>\n75:1 (2MH)<\/li>\n<li>Lente CF\u00a0[close focus] (opcional):<br \/>\n2,7 mm @ 110 mm (2ML)<br \/>\n1,5 mm @ 110 mm (2MH)<\/li>\n<li>Precisi\u00f3n del sistema:\u00a0\u00b1(0,3%\u00a0T<sub>med<\/sub>\u00a0+1\u00b0C)<sup>1)2)<\/sup><\/li>\n<li>Reproducibilidad:\u00a0\u00b1(0,1%\u00a0T<sub>med<\/sub>\u00a0+1\u00b0C)<sup>1)2)<\/sup><\/li>\n<li>Coeficiente de temperatura:\u00a0\u00b1 0,05 K\/K\u00a0\u00f3 \u00b1 0,05 %\/K<sup>3)<\/sup><\/li>\n<li>NETD<sup>4)<\/sup>: 40 mK (2ML) \/ 50 mK (2MH)<\/li>\n<li>Tiempo de respuesta\u00a0(90%): 8 ms (mA version: 20 ms)<\/li>\n<li>Emisividad \/ Ganancia\u00a0(ajustable v\u00eda software):\u00a00,100 &#8211; 1,100<\/li>\n<li>Transmisividad\u00a0(ajustable v\u00eda software):\u00a00,100 &#8211; 1,100<\/li>\n<li>Procesamiento de la se\u00f1al\u00a0(par\u00e1metros ajustables v\u00eda software):\u00a0 Peak hold (retenci\u00f3n de valores), valley hold (borrado de valores), promedio, funci\u00f3n de retenci\u00f3n extendida con umbral y la hist\u00e9resis<\/li>\n<li>Dimensiones de la electr\u00f3nica:\u00a0longitud: 35 mm, di\u00e1metro: 12 mm<\/li>\n<li>Software:<br \/>\noptris Compact Connect (Windows)<br \/>\nIR mobile (Android)<\/li>\n<\/ul>\n<h4><strong>Especificaciones generales<\/strong><\/h4>\n<ul>\n<li>\u00a0Clase de protecci\u00f3n:\u00a0IP 65 (NEMA-4)<\/li>\n<li>Temperatura Ambiente:<br \/>\n\u201320 &#8230; 125 \u00b0C (cabezal de sensado)<br \/>\n\u201320 &#8230; 80 \u00b0C (Electr\u00f3nica)<br \/>\n\u201320 &#8230; 75 \u00b0C (Electr\u00f3nica \/ mA version)<sup>5)<\/sup><\/li>\n<li>Temperatura de almacenaje:\u00a0desde -40 &#8230; 85\u00b0C (cabezal de sensado y la electr\u00f3nica)<\/li>\n<li>Humedad relativa de aire: 10 &#8211; 95%,\u00a0sin condensaci\u00f3n<\/li>\n<li>Vibraci\u00f3n:\u00a0IEC 60068-2-6 \/ -64<\/li>\n<li>Shock: IEC60068-2-27 (25 G y 50 G)<\/li>\n<li>Peso: 42 g<\/li>\n<\/ul>\n<h4><strong>Especificaciones el\u00e9ctricas<\/strong><\/h4>\n<ul>\n<li>Salida \/ an\u00e1loga:<br \/>\n0 \u2013 5\/10 V (mV version) o 4 \u2013 20 mA (mA version)<\/li>\n<li>Salida \/ alarma:<br \/>\n0 \u2013 30 V \/ 50 mA (colector abierto)<br \/>\n(mA version: 500 mA)<\/li>\n<li>Salida \/ digital:\u00a0uni- \/ bidirectional, 9,6 kBaud, 0\/3 V digital level \/ USB opcional<\/li>\n<li>Entrada (0 &#8211; 10 V):\u00a0Entrada funcional programable para la configuraci\u00f3n de la emisividad externa6) \/ compensaci\u00f3n de la temperatura ambiente6), se\u00f1al activa o funci\u00f3n Peak hold<\/li>\n<li>Funciones del LED:\u00a0Indicaci\u00f3n de alarma, asistencia autom\u00e1tica, autodiagn\u00f3stico, indicaci\u00f3n de la temperatura (V\u00eda c\u00f3digo de temperatura)<\/li>\n<li>Longitud del cable:<br \/>\ncabeza a la electr\u00f3nica: 0,5 m (estandar), 3 m, 6 m<img loading=\"lazy\" decoding=\"async\" class=\"alignright\" style=\"background-color: #ffffff;\" src=\"https:\/\/www.optris.es\/tl_files\/bilder\/Sonstige%20Bilder\/qr-code-optics-calculator-en.png\" width=\"131\" height=\"131\" \/>despu\u00e9s de la electr\u00f3nica: 0,5 m (estandar), 3 m<\/li>\n<li>Alimentaci\u00f3n: 5-30 V DC<\/li>\n<\/ul>\n<p style=\"text-align: right;\"><span style=\"color: #000000;\"><a class=\"button small orange\" style=\"color: #000000;\" href=\"https:\/\/www.optris.es\/calculador-del-punto-de-medicion\">Calculador \u00d3ptico\u00a0<\/a><\/span><\/p>\n<h4><strong>Campos de aplicaci\u00f3n del pir\u00f3metro optris CSmicro 2M<\/strong><\/h4>\n<p>El pir\u00f3metro optris CSmicro 2M, con el rango de onda apropiado para superficies met\u00e1licas, mide con fiabilidad metales de hasta 1600\u00b0C.<br \/>\nEl term\u00f3metro IR se aplica con preferencia sobre todo en la\u00a0industria de elaboraci\u00f3n de metales\u00a0y se emplea, por ejemplo, en procesos de soldadura, soldado, moldeado, temple por inducci\u00f3n o sinterizado.<\/p>\n<p>El control de los trenes de laminaci\u00f3n, los procesos de soldadura de tuber\u00edas y el matrizado representan otras aplicaciones posibles.<\/p>","protected":false},"excerpt":{"rendered":"<p>El pir\u00f3metro optris CSmicro 2M se ha concebido para un rango de temperatura desde 250\u00b0C hasta 1600\u00b0C. Su rango espectral especial de 1,6 \u00b5m lo hace ideal como pir\u00f3metro IR para la\u00a0medici\u00f3n de la temperatura en metales.<\/p>\n<p><span style=\"color: #ff0000;\"><span class=\"rot\">Novedad<\/span>:<\/span> la serie CSmicro se puede manejar ahora tambi\u00e9n a trav\u00e9s de la nueva aplicaci\u00f3n m\u00f3vil por infrarrojos (Android). La aplicaci\u00f3n permite controlar y analizar mediciones de temperatura por infrarrojos a trav\u00e9s del smartphone o la tableta.<\/p>\n<p><a class=\"button small default\" href=\"http:\/\/solcoinco.com\/productos\/csmicro-2m.pdf\" target=\"_blank\" rel=\"noopener noreferrer\">Informaci\u00f3n T\u00e9cnica<\/a> \u00a0\u00a0 \u00a0<a class=\"button small default\" href=\"http:\/\/solcoinco.com\/productos\/folleto-de-aplicacion-metal.pdf\" target=\"_blank\" rel=\"noopener noreferrer\">Folleto de aplicaci\u00f3n en metales<\/a><img decoding=\"async\" class=\"alignright\" src=\"https:\/\/www.optris.es\/assets\/images\/4\/qr-code-5ed6c694.png\" \/><img decoding=\"async\" class=\"alignright\" src=\"https:\/\/www.optris.es\/tl_files\/bilder\/products\/kompaktserie\/cs-micro\/google-play-badge-ES.png\" alt=\"\" width=\"150\" \/><\/p>\n","protected":false},"featured_media":629,"comment_status":"open","ping_status":"closed","template":"","meta":[],"product_brand":[],"product_cat":[63,66,70],"product_tag":[68],"class_list":{"0":"post-827","1":"product","2":"type-product","3":"status-publish","4":"has-post-thumbnail","6":"product_cat-temperatura","7":"product_cat-medicion-infrarroja","8":"product_cat-termometros","9":"product_tag-medicion-infrarroja","11":"first","12":"instock","13":"shipping-taxable","14":"product-type-simple"},"_links":{"self":[{"href":"https:\/\/solcoinco.com\/index.php?rest_route=\/wp\/v2\/product\/827","targetHints":{"allow":["GET"]}}],"collection":[{"href":"https:\/\/solcoinco.com\/index.php?rest_route=\/wp\/v2\/product"}],"about":[{"href":"https:\/\/solcoinco.com\/index.php?rest_route=\/wp\/v2\/types\/product"}],"replies":[{"embeddable":true,"href":"https:\/\/solcoinco.com\/index.php?rest_route=%2Fwp%2Fv2%2Fcomments&post=827"}],"wp:featuredmedia":[{"embeddable":true,"href":"https:\/\/solcoinco.com\/index.php?rest_route=\/wp\/v2\/media\/629"}],"wp:attachment":[{"href":"https:\/\/solcoinco.com\/index.php?rest_route=%2Fwp%2Fv2%2Fmedia&parent=827"}],"wp:term":[{"taxonomy":"product_brand","embeddable":true,"href":"https:\/\/solcoinco.com\/index.php?rest_route=%2Fwp%2Fv2%2Fproduct_brand&post=827"},{"taxonomy":"product_cat","embeddable":true,"href":"https:\/\/solcoinco.com\/index.php?rest_route=%2Fwp%2Fv2%2Fproduct_cat&post=827"},{"taxonomy":"product_tag","embeddable":true,"href":"https:\/\/solcoinco.com\/index.php?rest_route=%2Fwp%2Fv2%2Fproduct_tag&post=827"}],"curies":[{"name":"wp","href":"https:\/\/api.w.org\/{rel}","templated":true}]}}