{"id":825,"date":"2020-04-25T23:19:26","date_gmt":"2020-04-26T04:19:26","guid":{"rendered":"http:\/\/solcoinco.com\/?product=optris-pi400i-pi450"},"modified":"2020-04-29T12:47:19","modified_gmt":"2020-04-29T17:47:19","slug":"optris-pi400i-pi450","status":"publish","type":"product","link":"https:\/\/solcoinco.com\/?product=optris-pi400i-pi450","title":{"rendered":"Optris PI400i\/PI450"},"content":{"rendered":"<p>La c\u00e1mara IR PI 450i ofrece una resoluci\u00f3n de 40 mK y es, por lo tanto, apropiada para\u00a0<strong>detectar peque\u00f1as diferencias de temperatura<\/strong>, lo que es, por ejemplo, imprescindible en el control de calidad de productos y en la profilaxis m\u00e9dica.<\/p>\n<p>Estas c\u00e1maras infrarrojas compactas y potentes se caracterizan por un rango de temperatura desde -20\u00b0C hasta 900\u00b0C pero, adem\u00e1s, el modelo optris PI 400i\/450i se puede equipar opcionalmente para rangos de temperatura de hasta 1500\u00b0C. Est\u00e1 disponible con lentes intercambiables,\u00a0<a title=\"C\u00e1maras IR fijas para el monitoreo de procesos\" href=\"https:\/\/www.optris.es\/camaras-infrarrojas\">accesorios industriales<\/a>\u00a0y un\u00a0<a title=\"Software c\u00e1mara IR optris PIX Connect p. an\u00e1lisis termogr\u00e1fico\" href=\"https:\/\/www.optris.es\/optris-pi-connect\">paquete de Software sin l\u00edmite de licencia<\/a>.<\/p>\n<p>\u00a1Con el calculador \u00f3ptico usted podr\u00e1 buscar y encontrar la lente adecuada para su c\u00e1mara termogr\u00e1fica!<\/p>\n<p><span style=\"color: #000000;\"> <a class=\"button small orange\" style=\"color: #000000;\" href=\"https:\/\/www.optris.es\/calculador-optico\">Calculador \u00d3ptico<\/a><\/span><\/p>\n<p><strong>Par\u00e1metros importantes<\/strong><\/p>\n<ul class=\"compressed-list\">\n<li>Rango de temperatura:<br \/>\ndesde -20\u00b0C hasta 1.500\u00b0C (opci\u00f3n)<\/li>\n<li>Rango espectral: 8 hasta 14 \u00b5m<\/li>\n<li>Frecuencia de imagen: 80 Hz<\/li>\n<li>Medidas: 46 mm x 56 mm x 68 \u2013 77 mm<\/li>\n<\/ul>","protected":false},"excerpt":{"rendered":"<p>Las\u00a0<strong>c\u00e1maras infrarrojas optris PI 400i \/ PI 450i<\/strong>\u00a0son las c\u00e1maras\u00a0<strong>termogr\u00e1ficas m\u00e1s peque\u00f1as de su clase<\/strong>. Es capaz de grabar y capturar\u00a0<strong>im\u00e1genes t\u00e9rmicas de tiempo real a alta velocidad<\/strong>\u00a0con una frecuencia de imagen de 80 Hz y una resoluci\u00f3n de 382 x 288 p\u00edxeles<\/p>\n<p><a class=\"button small default\" href=\"http:\/\/solcoinco.com\/productos\/optris-product-brochure.pdf\" target=\"_blank\" rel=\"noopener noreferrer\">Informaci\u00f3n T\u00e9cnica<\/a><\/p>\n","protected":false},"featured_media":545,"comment_status":"open","ping_status":"closed","template":"","meta":[],"product_brand":[],"product_cat":[63,66,67],"product_tag":[68],"class_list":{"0":"post-825","1":"product","2":"type-product","3":"status-publish","4":"has-post-thumbnail","6":"product_cat-temperatura","7":"product_cat-medicion-infrarroja","8":"product_cat-camaras","9":"product_tag-medicion-infrarroja","11":"first","12":"instock","13":"shipping-taxable","14":"product-type-simple"},"_links":{"self":[{"href":"https:\/\/solcoinco.com\/index.php?rest_route=\/wp\/v2\/product\/825","targetHints":{"allow":["GET"]}}],"collection":[{"href":"https:\/\/solcoinco.com\/index.php?rest_route=\/wp\/v2\/product"}],"about":[{"href":"https:\/\/solcoinco.com\/index.php?rest_route=\/wp\/v2\/types\/product"}],"replies":[{"embeddable":true,"href":"https:\/\/solcoinco.com\/index.php?rest_route=%2Fwp%2Fv2%2Fcomments&post=825"}],"wp:featuredmedia":[{"embeddable":true,"href":"https:\/\/solcoinco.com\/index.php?rest_route=\/wp\/v2\/media\/545"}],"wp:attachment":[{"href":"https:\/\/solcoinco.com\/index.php?rest_route=%2Fwp%2Fv2%2Fmedia&parent=825"}],"wp:term":[{"taxonomy":"product_brand","embeddable":true,"href":"https:\/\/solcoinco.com\/index.php?rest_route=%2Fwp%2Fv2%2Fproduct_brand&post=825"},{"taxonomy":"product_cat","embeddable":true,"href":"https:\/\/solcoinco.com\/index.php?rest_route=%2Fwp%2Fv2%2Fproduct_cat&post=825"},{"taxonomy":"product_tag","embeddable":true,"href":"https:\/\/solcoinco.com\/index.php?rest_route=%2Fwp%2Fv2%2Fproduct_tag&post=825"}],"curies":[{"name":"wp","href":"https:\/\/api.w.org\/{rel}","templated":true}]}}