{"id":2858,"date":"2025-08-28T10:56:49","date_gmt":"2025-08-28T15:56:49","guid":{"rendered":"https:\/\/solcoinco.com\/?post_type=product&#038;p=2858"},"modified":"2025-08-28T10:56:49","modified_gmt":"2025-08-28T15:56:49","slug":"pirometro-optris-cti-lthot-alta-resistencia-termica","status":"publish","type":"product","link":"https:\/\/solcoinco.com\/?product=pirometro-optris-cti-lthot-alta-resistencia-termica","title":{"rendered":"Pir\u00f3metro Optris CTi LThot \u2013 Alta Resistencia T\u00e9rmica"},"content":{"rendered":"<ul>\n<li><span dir=\"auto\">Rango de temperatura: -50 \u00b0C a 1050 \u00b0C<\/span><\/li>\n<li><span dir=\"auto\">Rango espectral: 8 a 14 \u00b5m<\/span><\/li>\n<li><span dir=\"auto\">Tiempo de respuesta: hasta 40 ms<\/span><\/li>\n<li><span dir=\"auto\">Alta clasificaci\u00f3n de temperatura de funcionamiento de hasta 250 \u00b0C<\/span><\/li>\n<\/ul>","protected":false},"excerpt":{"rendered":"<p data-start=\"220\" data-end=\"518\">El <strong data-start=\"223\" data-end=\"243\">Optris CTi LThot<\/strong> est\u00e1 dise\u00f1ado para trabajar en condiciones severas, soportando temperaturas ambiente de hasta <strong data-start=\"338\" data-end=\"376\">250 \u00b0C sin refrigeraci\u00f3n adicional<\/strong>. Su rango de medici\u00f3n va de <strong data-start=\"405\" data-end=\"425\">\u201350 \u00b0C a 1050 \u00b0C<\/strong>, con tiempos de respuesta desde <strong data-start=\"458\" data-end=\"472\">100\u2013400 ms<\/strong> y \u00f3pticas seleccionables de <strong data-start=\"501\" data-end=\"515\">10:1 o 2:1<\/strong>.<\/p>\n<p data-start=\"520\" data-end=\"765\">Con un cabezal compacto de acero inoxidable y electr\u00f3nica independiente, ofrece m\u00faltiples salidas anal\u00f3gicas y digitales (USB, RS485, Ethernet, Profibus, Modbus, entre otras), garantizando una <strong data-start=\"713\" data-end=\"762\">integraci\u00f3n sencilla en maquinaria industrial<\/strong>.<\/p>\n<p data-start=\"767\" data-end=\"987\">Fabricado en Alemania bajo estrictos est\u00e1ndares de calidad, asegura <strong data-start=\"835\" data-end=\"875\">precisi\u00f3n, durabilidad y estabilidad<\/strong>, siendo ideal para procesos en hornos, secadores, tratamiento t\u00e9rmico, pl\u00e1sticos, textiles y semiconductores.<\/p>\n<p><a class=\"button small default\" href=\"http:\/\/solcoinco.com\/productos\/CTihot-ficha-tecnica.pdf\" target=\"_blank\" rel=\"noopener noreferrer\">Ficha De Datos<\/a> <a class=\"button small default\" href=\"http:\/\/solcoinco.com\/productos\/Compact_manual.pdf\" target=\"_blank\" rel=\"noopener noreferrer\">Compact_Manual<\/a>\u00a0<a class=\"button small default\" href=\"http:\/\/solcoinco.com\/productos\/Manual.pdf\" target=\"_blank\" rel=\"noopener noreferrer\">Manual<\/a> <a class=\"button small default\" href=\"https:\/\/wa.me\/573166199944\" target=\"_blank\" rel=\"noopener noreferrer\">Solicitar Informaci\u00f3n<\/a><\/p>\n","protected":false},"featured_media":2859,"comment_status":"closed","ping_status":"closed","template":"","meta":[],"product_brand":[],"product_cat":[63,66,70],"product_tag":[],"class_list":{"0":"post-2858","1":"product","2":"type-product","3":"status-publish","4":"has-post-thumbnail","6":"product_cat-temperatura","7":"product_cat-medicion-infrarroja","8":"product_cat-termometros","10":"first","11":"instock","12":"shipping-taxable","13":"product-type-simple"},"_links":{"self":[{"href":"https:\/\/solcoinco.com\/index.php?rest_route=\/wp\/v2\/product\/2858","targetHints":{"allow":["GET"]}}],"collection":[{"href":"https:\/\/solcoinco.com\/index.php?rest_route=\/wp\/v2\/product"}],"about":[{"href":"https:\/\/solcoinco.com\/index.php?rest_route=\/wp\/v2\/types\/product"}],"replies":[{"embeddable":true,"href":"https:\/\/solcoinco.com\/index.php?rest_route=%2Fwp%2Fv2%2Fcomments&post=2858"}],"wp:featuredmedia":[{"embeddable":true,"href":"https:\/\/solcoinco.com\/index.php?rest_route=\/wp\/v2\/media\/2859"}],"wp:attachment":[{"href":"https:\/\/solcoinco.com\/index.php?rest_route=%2Fwp%2Fv2%2Fmedia&parent=2858"}],"wp:term":[{"taxonomy":"product_brand","embeddable":true,"href":"https:\/\/solcoinco.com\/index.php?rest_route=%2Fwp%2Fv2%2Fproduct_brand&post=2858"},{"taxonomy":"product_cat","embeddable":true,"href":"https:\/\/solcoinco.com\/index.php?rest_route=%2Fwp%2Fv2%2Fproduct_cat&post=2858"},{"taxonomy":"product_tag","embeddable":true,"href":"https:\/\/solcoinco.com\/index.php?rest_route=%2Fwp%2Fv2%2Fproduct_tag&post=2858"}],"curies":[{"name":"wp","href":"https:\/\/api.w.org\/{rel}","templated":true}]}}