{"id":2851,"date":"2025-08-28T09:41:23","date_gmt":"2025-08-28T14:41:23","guid":{"rendered":"https:\/\/solcoinco.com\/?post_type=product&#038;p=2851"},"modified":"2025-08-28T10:40:44","modified_gmt":"2025-08-28T15:40:44","slug":"cti-lt-pirometro-infrarrojo-industrial-compacto-de-dos-piezas","status":"publish","type":"product","link":"https:\/\/solcoinco.com\/?product=cti-lt-pirometro-infrarrojo-industrial-compacto-de-dos-piezas","title":{"rendered":"CTi LT Pir\u00f3metro infrarrojo industrial compacto de dos piezas"},"content":{"rendered":"<ul>\n<li><span dir=\"auto\">Rango de temperatura: -50 \u00b0C a 1050 \u00b0C<\/span><\/li>\n<li><span dir=\"auto\">Rango espectral: 8 a 14 \u00b5m<\/span><\/li>\n<li><span dir=\"auto\">Tiempo de respuesta: 115 ms (90 % de energ\u00eda)<\/span><\/li>\n<li><span dir=\"auto\">Clasificaci\u00f3n de temperatura ambiente alta de hasta 180 \u00b0C<\/span><\/li>\n<li><span dir=\"auto\">Mayor relaci\u00f3n distancia-tama\u00f1o del punto de hasta 22:1<\/span><\/li>\n<li><span dir=\"auto\">Dise\u00f1o \u00fanico resistente a los choques t\u00e9rmicos para una mejor repetibilidad y precisi\u00f3n.<\/span><\/li>\n<\/ul>","protected":false},"excerpt":{"rendered":"<p>La serie <strong data-start=\"186\" data-end=\"203\">Optris CTi LT<\/strong> incorpora uno de los cabezales de detecci\u00f3n infrarroja m\u00e1s peque\u00f1os del mundo, con resoluci\u00f3n \u00f3ptica de hasta <strong data-start=\"314\" data-end=\"322\">22:1<\/strong> y un rango de medici\u00f3n de <strong data-start=\"349\" data-end=\"369\">-50 \u00b0C a 1050 \u00b0C<\/strong>. Su dise\u00f1o de dos piezas permite que el cabezal soporte temperaturas ambiente de hasta <strong data-start=\"457\" data-end=\"495\">180 \u00b0C sin refrigeraci\u00f3n adicional<\/strong>, ideal para entornos industriales exigentes. Con tiempos de respuesta r\u00e1pidos (<strong data-start=\"578\" data-end=\"588\">115 ms<\/strong>) y m\u00faltiples salidas anal\u00f3gicas y digitales (USB-C, RS485, Ethernet, Profibus, entre otras), los pir\u00f3metros CTi LT se integran f\u00e1cilmente en cualquier sistema. Adem\u00e1s, cuentan con accesorios opcionales para precisi\u00f3n y protecci\u00f3n en condiciones extremas. En conjunto, ofrecen <strong data-start=\"868\" data-end=\"940\">medici\u00f3n de temperatura sin contacto confiable, adaptable y duradera<\/strong>, optimizada para procesos de fabricaci\u00f3n de alta velocidad y calidad.<\/p>\n<p><a class=\"button small default\" href=\"http:\/\/solcoinco.com\/productos\/Ficha_Datos.pdf\" target=\"_blank\" rel=\"noopener noreferrer\">Ficha De Datos<\/a> <a class=\"button small default\" href=\"http:\/\/solcoinco.com\/productos\/Compact_manual.pdf\" target=\"_blank\" rel=\"noopener noreferrer\">Compact_Manual<\/a>\u00a0<a class=\"button small default\" href=\"http:\/\/solcoinco.com\/productos\/Manual.pdf\" target=\"_blank\" rel=\"noopener noreferrer\">Manual<\/a> <a class=\"button small default\" href=\"https:\/\/wa.me\/573166199944\" target=\"_blank\" rel=\"noopener noreferrer\">Solicitar Informaci\u00f3n<\/a><\/p>\n","protected":false},"featured_media":2854,"comment_status":"closed","ping_status":"closed","template":"","meta":[],"product_brand":[],"product_cat":[63,66,70],"product_tag":[],"class_list":{"0":"post-2851","1":"product","2":"type-product","3":"status-publish","4":"has-post-thumbnail","6":"product_cat-temperatura","7":"product_cat-medicion-infrarroja","8":"product_cat-termometros","10":"first","11":"instock","12":"shipping-taxable","13":"product-type-simple"},"_links":{"self":[{"href":"https:\/\/solcoinco.com\/index.php?rest_route=\/wp\/v2\/product\/2851","targetHints":{"allow":["GET"]}}],"collection":[{"href":"https:\/\/solcoinco.com\/index.php?rest_route=\/wp\/v2\/product"}],"about":[{"href":"https:\/\/solcoinco.com\/index.php?rest_route=\/wp\/v2\/types\/product"}],"replies":[{"embeddable":true,"href":"https:\/\/solcoinco.com\/index.php?rest_route=%2Fwp%2Fv2%2Fcomments&post=2851"}],"wp:featuredmedia":[{"embeddable":true,"href":"https:\/\/solcoinco.com\/index.php?rest_route=\/wp\/v2\/media\/2854"}],"wp:attachment":[{"href":"https:\/\/solcoinco.com\/index.php?rest_route=%2Fwp%2Fv2%2Fmedia&parent=2851"}],"wp:term":[{"taxonomy":"product_brand","embeddable":true,"href":"https:\/\/solcoinco.com\/index.php?rest_route=%2Fwp%2Fv2%2Fproduct_brand&post=2851"},{"taxonomy":"product_cat","embeddable":true,"href":"https:\/\/solcoinco.com\/index.php?rest_route=%2Fwp%2Fv2%2Fproduct_cat&post=2851"},{"taxonomy":"product_tag","embeddable":true,"href":"https:\/\/solcoinco.com\/index.php?rest_route=%2Fwp%2Fv2%2Fproduct_tag&post=2851"}],"curies":[{"name":"wp","href":"https:\/\/api.w.org\/{rel}","templated":true}]}}