{"id":2847,"date":"2025-05-08T11:23:42","date_gmt":"2025-05-08T16:23:42","guid":{"rendered":"https:\/\/solcoinco.com\/?post_type=product&#038;p=2847"},"modified":"2025-07-22T17:59:45","modified_gmt":"2025-07-22T22:59:45","slug":"indicador-de-nivel-vibratorio-compacto-gvl1c","status":"publish","type":"product","link":"https:\/\/solcoinco.com\/?product=indicador-de-nivel-vibratorio-compacto-gvl1c","title":{"rendered":"Indicador de nivel Camlogic vibratorio compacto GVL1C"},"content":{"rendered":"<div class=\"prod-desc mt-2 mb-1\">\n<p>El\u00a0<strong>GVL1C<\/strong>\u00a0es un interruptor de nivel de horquilla vibratoria confiable y duradero, ideal para monitorear niveles\u00a0<strong>de l\u00edquido<\/strong>\u00a0en tanques, tuber\u00edas o dep\u00f3sitos. Fabricado en resistente\u00a0<strong>acero inoxidable 316L<\/strong>\u00a0, est\u00e1 dise\u00f1ado para soportar incluso los entornos m\u00e1s hostiles, incluyendo l\u00edquidos agresivos o corrosivos. Su dise\u00f1o compacto y f\u00e1cil instalaci\u00f3n lo convierten en la opci\u00f3n ideal para una amplia gama de aplicaciones. Probado para cumplir con los m\u00e1s altos est\u00e1ndares de seguridad, es una soluci\u00f3n confiable para operaciones cr\u00edticas.<\/p>\n<h3><strong>Ventajas<\/strong><\/h3>\n<ul class=\"eh-list-01 eh-generic--list\">\n<li class=\"eh-list--item\"><strong>R\u00e1pido y f\u00e1cil de instalar<\/strong>\u00a0: no se necesitan herramientas ni ajustes complicados.<\/li>\n<li class=\"eh-list--item\"><strong>Seguro y confiable<\/strong>\u00a0: funciona perfectamente, incluso en entornos exigentes o peligrosos.<\/li>\n<li class=\"eh-list--item\"><strong>Uso vers\u00e1til<\/strong>\u00a0: funciona con todo tipo de l\u00edquidos, desde agua hasta materiales espesos o con muchos qu\u00edmicos.<\/li>\n<li class=\"eh-list--item\"><strong>Bajo mantenimiento<\/strong>\u00a0: el dise\u00f1o de horquilla autolimpiante permite que funcione sin problemas con un m\u00ednimo esfuerzo.<\/li>\n<li class=\"eh-list--item\"><strong>Mayor tranquilidad<\/strong>\u00a0: puede complementar otros sensores, como el radar o el ultras\u00f3nico, para garantizar la precisi\u00f3n y la seguridad.<\/li>\n<\/ul>\n<\/div>\n<div class=\"prod-cert-item mb-2\">\n<div class=\"prod-cert-img d-inline-flex\"><img decoding=\"async\" class=\"\" title=\"Materiales l\u00edquidos\" src=\"https:\/\/www.camlogic.it\/uploads\/icone\/4x\/liquidi@4x.png\" alt=\"Materiales l\u00edquidos\" width=\"60\" \/><img decoding=\"async\" class=\"\" title=\"Materiales corrosivos\" src=\"https:\/\/www.camlogic.it\/uploads\/icone\/4x\/corrosivi@4x.png\" alt=\"Materiales corrosivos\" width=\"60\" \/><img decoding=\"async\" class=\"\" title=\"Materiales alimentarios\" src=\"https:\/\/www.camlogic.it\/uploads\/icone\/4x\/alimentare@4x.png\" alt=\"Materiales alimentarios\" width=\"60\" \/><\/div>\n<div>\n<hr \/>\n<div class=\"info-wrapper\">\n<h2><strong>ESPECIFICACIONES T\u00c9CNICAS<\/strong><\/h2>\n<ul>\n<li><strong>Conexi\u00f3n m\u00ednima al proceso:<\/strong>\u00a01\/2\u201d Gas BSPP<\/li>\n<li><strong>Material de la carcasa:<\/strong>\u00a0AISI 316L<strong><strong><img loading=\"lazy\" decoding=\"async\" class=\"img-web-ext alignright\" style=\"background-color: #ffffff; font-weight: 400;\" src=\"https:\/\/www.camlogic.it\/uploads\/outline\/Vibrazione\/gvl1c.svg\" width=\"45\" height=\"207\" \/><\/strong><\/strong><\/li>\n<li><strong>Alimentaci\u00f3n:<\/strong>\u00a016-32 V CC<\/li>\n<li><strong>Tiempo de respuesta r\u00e1pido:<\/strong> 1 segundo<\/li>\n<li><strong>Se\u00f1al de salida:<\/strong>\u00a0PNP<\/li>\n<li><strong>Clasificaci\u00f3n de contacto:<\/strong>\u00a0250 mA<\/li>\n<li><strong>Viscosidad m\u00e1xima:<\/strong> 10.000 mm2\/s (=centiStokes)<\/li>\n<li><strong>Temperatura ambiente:<\/strong>\u00a0-20 a +70 \u00b0C (-4 a 158 \u00b0F)<\/li>\n<li><strong>Temperatura del proceso:<\/strong>\u00a0-30 a +150 \u00b0C (-22 a 302 \u00b0F)<\/li>\n<li><strong>Presi\u00f3n de proceso:<\/strong>\u00a0absoluta \/ 15 bar (217,5 psi)<\/li>\n<\/ul>\n<\/div>\n<\/div>\n<\/div>\n<div><\/div>\n<div><\/div>\n<div>\n<div><\/div>\n<div><\/div>\n<div><a class=\"button small default\" href=\"https:\/\/www.camlogic.it\/en\/products\/detail\/gvl1c_960#productDetailConfigurator\" target=\"_blank\" rel=\"noopener noreferrer\">CONFIGURADOR<\/a><\/div>\n<\/div>\n<div><\/div>\n<div><\/div>\n<div><\/div>\n<hr \/>\n<div>\n<div class=\"images-wrapper\"><img loading=\"lazy\" decoding=\"async\" class=\"img-web-ext lazy_img alignleft\" src=\"https:\/\/res.cloudinary.com\/zzdinary\/image\/upload\/w_500,c_scale,f_auto\/camlogic\/prodotti\/accessori\/cyuv1qqllnnqoesji8oa.jpg\" width=\"181\" height=\"81\" data-src=\"https:\/\/res.cloudinary.com\/zzdinary\/image\/upload\/w_500,c_scale,f_auto\/camlogic\/prodotti\/accessori\/cyuv1qqllnnqoesji8oa.jpg\" \/><\/div>\n<div class=\"info-wrapper\">\n<div class=\"prod-desc mt-2 \">\n<h2><strong>ESPECIFICACIONES EL\u00c9CTRICAS<\/strong><\/h2>\n<p style=\"padding-left: 200px;\"><strong>\u2022 Fuente de alimentaci\u00f3n disponible<\/strong>\u00a0: 16-32 V CC<br \/>\n<strong>\u2022 Versi\u00f3n est\u00e1ndar<\/strong>\u00a0: Salida PNP con respuesta r\u00e1pida y conector DIN para una f\u00e1cil instalaci\u00f3n<br \/>\n<strong>\u2022 Resistencia a alta presi\u00f3n<\/strong>\u00a0: soporta presiones de hasta 15 bar<br \/>\n<strong>\u2022 Rango de temperatura de proceso<\/strong> : funciona entre -30 \u00b0C y 150 \u00b0C<\/p>\n<\/div>\n<\/div>\n<\/div>","protected":false},"excerpt":{"rendered":"<p>El\u00a0\u00a0<strong>GVL1C<\/strong>\u00a0est\u00e1 fabricado en\u00a0<strong>acero inoxidable 316L<\/strong>\u00a0resistente y cuenta con una\u00a0<strong>conexi\u00f3n roscada de 1\/2 gas (BSPP)<\/strong>\u00a0. De tama\u00f1o compacto, es ideal para la detecci\u00f3n precisa del nivel de\u00a0<strong>l\u00edquidos<\/strong>\u00a0de todo tipo, con un rendimiento fiable y constante.<\/p>\n<p><strong><a class=\"button small default\" href=\"http:\/\/solcoinco.com\/productos\/Ficha_Tecnica_GVL1C.pdf\" target=\"_blank\" rel=\"noopener noreferrer\">Informaci\u00f3n T\u00e9cnica<\/a> \u00a0<a class=\"button small default\" href=\"http:\/\/solcoinco.com\/productos\/Manual_GVL1C.pdf\" target=\"_blank\" rel=\"noopener noreferrer\">Manual<\/a><a class=\"button small default\" href=\"https:\/\/wa.me\/573166199944\" target=\"_blank\" rel=\"noopener noreferrer\">Solicitar Informaci\u00f3n<\/a><\/strong><\/p>\n","protected":false},"featured_media":2848,"comment_status":"closed","ping_status":"closed","template":"","meta":[],"product_brand":[],"product_cat":[72,86],"product_tag":[],"class_list":{"0":"post-2847","1":"product","2":"type-product","3":"status-publish","4":"has-post-thumbnail","6":"product_cat-nivel","7":"product_cat-interruptores-nivel","9":"first","10":"instock","11":"shipping-taxable","12":"product-type-simple"},"_links":{"self":[{"href":"https:\/\/solcoinco.com\/index.php?rest_route=\/wp\/v2\/product\/2847","targetHints":{"allow":["GET"]}}],"collection":[{"href":"https:\/\/solcoinco.com\/index.php?rest_route=\/wp\/v2\/product"}],"about":[{"href":"https:\/\/solcoinco.com\/index.php?rest_route=\/wp\/v2\/types\/product"}],"replies":[{"embeddable":true,"href":"https:\/\/solcoinco.com\/index.php?rest_route=%2Fwp%2Fv2%2Fcomments&post=2847"}],"wp:featuredmedia":[{"embeddable":true,"href":"https:\/\/solcoinco.com\/index.php?rest_route=\/wp\/v2\/media\/2848"}],"wp:attachment":[{"href":"https:\/\/solcoinco.com\/index.php?rest_route=%2Fwp%2Fv2%2Fmedia&parent=2847"}],"wp:term":[{"taxonomy":"product_brand","embeddable":true,"href":"https:\/\/solcoinco.com\/index.php?rest_route=%2Fwp%2Fv2%2Fproduct_brand&post=2847"},{"taxonomy":"product_cat","embeddable":true,"href":"https:\/\/solcoinco.com\/index.php?rest_route=%2Fwp%2Fv2%2Fproduct_cat&post=2847"},{"taxonomy":"product_tag","embeddable":true,"href":"https:\/\/solcoinco.com\/index.php?rest_route=%2Fwp%2Fv2%2Fproduct_tag&post=2847"}],"curies":[{"name":"wp","href":"https:\/\/api.w.org\/{rel}","templated":true}]}}