{"id":2844,"date":"2025-05-08T11:01:07","date_gmt":"2025-05-08T16:01:07","guid":{"rendered":"https:\/\/solcoinco.com\/?post_type=product&#038;p=2844"},"modified":"2025-07-22T17:58:04","modified_gmt":"2025-07-22T22:58:04","slug":"indicador-de-nivel-vibratorio-gvl30","status":"publish","type":"product","link":"https:\/\/solcoinco.com\/?product=indicador-de-nivel-vibratorio-gvl30","title":{"rendered":"Indicador de nivel Camlogic vibratorio GVL30"},"content":{"rendered":"<div class=\"prod-desc mt-2 mb-1\">\n<p>El\u00a0<strong>GVL30<\/strong>\u00a0es un interruptor de nivel de horquilla vibratoria dise\u00f1ado para la detecci\u00f3n fiable de nivel de\u00a0<strong>l\u00edquidos<\/strong>\u00a0en tanques y tuber\u00edas. Fabricado con materiales resistentes a la corrosi\u00f3n, como\u00a0<strong>el acero inoxidable AISI 316L<\/strong>\u00a0, garantiza un alto rendimiento incluso en entornos hostiles. Su instalaci\u00f3n es sencilla gracias a su dise\u00f1o compacto y a las diversas opciones de montaje disponibles. Adem\u00e1s, la ausencia de piezas m\u00f3viles garantiza un funcionamiento sin mantenimiento, lo que reduce el tiempo de inactividad. El CAMLogic GVL30 es ideal para aplicaciones en sectores como\u00a0<strong>el tratamiento de aguas, la industria qu\u00edmica, alimentaria y petrolera<\/strong>\u00a0.<\/p>\n<h2><strong>Ventajas<\/strong><\/h2>\n<ul class=\"eh-list-01 eh-generic--list\">\n<li class=\"eh-list--item\"><strong>F\u00e1cil instalaci\u00f3n<\/strong>\u00a0: no requiere calibraci\u00f3n ni herramientas espec\u00edficas para su instalaci\u00f3n.<\/li>\n<li class=\"eh-list--item\"><strong>Alta adaptabilidad<\/strong>\u00a0: adecuado para l\u00edquidos con diferentes densidades y condiciones de operaci\u00f3n.<\/li>\n<li class=\"eh-list--item\"><strong>Extrema fiabilidad<\/strong>\u00a0: perfecto como dispositivo de seguridad en combinaci\u00f3n con otros sensores de nivel.<\/li>\n<li class=\"eh-list--item\"><strong>Seguridad intr\u00ednseca<\/strong>\u00a0: el instrumento est\u00e1 dise\u00f1ado para volver a condiciones seguras en caso de fallas, mal funcionamiento o corte de energ\u00eda.<\/li>\n<\/ul>\n<p><img decoding=\"async\" class=\"\" title=\"Materiales l\u00edquidos\" src=\"https:\/\/www.camlogic.it\/uploads\/icone\/4x\/liquidi@4x.png\" alt=\"Materiales l\u00edquidos\" width=\"60\" \/><img decoding=\"async\" class=\"\" title=\"Materiales corrosivos\" src=\"https:\/\/www.camlogic.it\/uploads\/icone\/4x\/corrosivi@4x.png\" alt=\"Materiales corrosivos\" width=\"60\" \/><img decoding=\"async\" class=\"\" title=\"Materiales alimentarios\" src=\"https:\/\/www.camlogic.it\/uploads\/icone\/4x\/alimentare@4x.png\" alt=\"Materiales alimentarios\" width=\"60\" \/><\/p>\n<\/div>\n<div>\n<hr \/>\n<div class=\"info-wrapper\">\n<h2><strong>ESPECIFICACIONES T\u00c9CNICAS<\/strong><\/h2>\n<ul>\n<li><strong>Carcasa y tapa:<\/strong>\u00a0de aluminio fundido a presi\u00f3n<\/li>\n<li><strong>Partes en contacto con el producto:<\/strong>\u00a0todas las piezas est\u00e1n fabricadas en acero inoxidable AISI 316L<\/li>\n<li><strong>Conexi\u00f3n de proceso:<\/strong><\/li>\n<li><img loading=\"lazy\" decoding=\"async\" class=\"img-web-ext alignright\" style=\"background-color: #ffffff;\" src=\"https:\/\/www.camlogic.it\/uploads\/outline\/Vibrazione\/gvl30.svg\" width=\"73\" height=\"191\" \/>3\/4 Gas (BSPP)<\/li>\n<li><strong>Viscosidad m\u00e1xima:<\/strong>\u00a010.000 mm2\/s (=centiStokes)<\/li>\n<li><strong>Tiempo de respuesta r\u00e1pido:<\/strong>\u00a00,5 &#8211; 2 segundos<\/li>\n<li><strong>Temperatura ambiente:<\/strong> -20 \u00b0C &#8230; 70 \u00b0C (-4 \u00b0F &#8230; 158 \u00b0F)<\/li>\n<li><strong>Temperatura del proceso:<\/strong> -20 \u00b0C &#8230; 70 \u00b0C (-4 \u00b0F &#8230; 158 \u00b0F)<\/li>\n<li><strong>Presi\u00f3n de proceso:<\/strong>\u00a00,8 a 20 bar (11,6 a 290 psi)<\/li>\n<li><strong>Grado de protecci\u00f3n:<\/strong>\u00a0IP65 (a prueba de polvo, protegido contra chorros de agua)<\/li>\n<\/ul>\n<\/div>\n<\/div>\n<div><\/div>\n<div><\/div>\n<div><\/div>\n<div><\/div>\n<div><a class=\"button small default\" href=\"https:\/\/www.camlogic.it\/en\/products\/detail\/gvl30_961#productDetailConfigurator\" target=\"_blank\" rel=\"noopener noreferrer\">CONFIGURADOR<\/a><\/div>\n<div><\/div>\n<div><\/div>\n<div><\/div>\n<div><\/div>\n<div><\/div>\n<div>\n<hr \/>\n<\/div>\n<div><\/div>\n<div>\n<div class=\"images-wrapper\"><img loading=\"lazy\" decoding=\"async\" class=\"img-web-ext lazy_img alignleft\" src=\"https:\/\/res.cloudinary.com\/zzdinary\/image\/upload\/w_500,c_scale,f_auto\/camlogic\/prodotti\/accessori\/cyuv1qqllnnqoesji8oa.jpg\" width=\"169\" height=\"75\" data-src=\"https:\/\/res.cloudinary.com\/zzdinary\/image\/upload\/w_500,c_scale,f_auto\/camlogic\/prodotti\/accessori\/cyuv1qqllnnqoesji8oa.jpg\" \/><\/div>\n<div class=\"info-wrapper\">\n<div class=\"prod-desc mt-2 \">\n<p><strong>\u00a0 \u00a0 \u00a0 \u00a0 \u00a0 \u00a0 \u00a0 CARACTER\u00cdSTICAS EL\u00c9CTRICAS<\/strong><\/p>\n<ul>\n<li style=\"list-style-type: none;\">\n<ul>\n<li style=\"list-style-type: none;\">\n<ul>\n<li style=\"list-style-type: none;\">\n<ul>\n<li style=\"list-style-type: none;\">\n<ul>\n<li style=\"list-style-type: none;\">\n<ul>\n<li style=\"list-style-type: none;\">\n<ul>\n<li style=\"list-style-type: none;\">\n<ul>\n<li style=\"list-style-type: none;\">\n<ul>\n<li><strong>Salida<\/strong>\u00a0: 1 contacto de rel\u00e9 DPDT libre de potencial<\/li>\n<li><strong>Clasificaci\u00f3n del rel\u00e9<\/strong>\u00a0: 5 A a 24 VCC o 220 VCA<\/li>\n<li><strong>Alimentaci\u00f3n<\/strong>\u00a0: 15 &#8211; 80 VCC \/ 15 &#8211; 260 VCA (50\/60 Hz)<\/li>\n<li><strong>Modo de seguridad<\/strong>\u00a0: configurable para umbral m\u00e1ximo o m\u00ednimo<\/li>\n<\/ul>\n<\/li>\n<\/ul>\n<\/li>\n<\/ul>\n<\/li>\n<\/ul>\n<\/li>\n<\/ul>\n<\/li>\n<\/ul>\n<\/li>\n<\/ul>\n<\/li>\n<\/ul>\n<\/li>\n<\/ul>\n<\/div>\n<\/div>\n<\/div>","protected":false},"excerpt":{"rendered":"<p><strong>El GVL30<\/strong>\u00a0es un indicador de nivel vibratorio ideal para la detecci\u00f3n fiable del nivel de\u00a0<strong>l\u00edquidos<\/strong>\u00a0. Est\u00e1 dise\u00f1ado para l\u00edquidos con una densidad m\u00e1xima de 10\u00a0000 mm\u00b2\/s y equipado con una conexi\u00f3n\u00a0<strong>BSPP de 3\/4&#8243;<\/strong>\u00a0. Garantiza mediciones precisas y fiables, lo que lo hace ideal para aplicaciones en los sectores\u00a0<strong>alimentario, qu\u00edmico y de tratamiento de aguas<\/strong>\u00a0.<\/p>\n<p><strong><a class=\"button small default\" href=\"http:\/\/solcoinco.com\/productos\/Ficha_Tecnica_GVL30.pdf\" target=\"_blank\" rel=\"noopener noreferrer\">Informaci\u00f3n T\u00e9cnica<\/a> \u00a0<a class=\"button small default\" href=\"http:\/\/solcoinco.com\/productos\/Manual_GVL30.pdf\" target=\"_blank\" rel=\"noopener noreferrer\">Manual<\/a><a class=\"button small default\" href=\"https:\/\/wa.me\/573166199944\" target=\"_blank\" rel=\"noopener noreferrer\">Solicitar Informaci\u00f3n<\/a><\/strong><\/p>\n","protected":false},"featured_media":2845,"comment_status":"closed","ping_status":"closed","template":"","meta":[],"product_brand":[],"product_cat":[72,86],"product_tag":[],"class_list":{"0":"post-2844","1":"product","2":"type-product","3":"status-publish","4":"has-post-thumbnail","6":"product_cat-nivel","7":"product_cat-interruptores-nivel","9":"first","10":"instock","11":"shipping-taxable","12":"product-type-simple"},"_links":{"self":[{"href":"https:\/\/solcoinco.com\/index.php?rest_route=\/wp\/v2\/product\/2844","targetHints":{"allow":["GET"]}}],"collection":[{"href":"https:\/\/solcoinco.com\/index.php?rest_route=\/wp\/v2\/product"}],"about":[{"href":"https:\/\/solcoinco.com\/index.php?rest_route=\/wp\/v2\/types\/product"}],"replies":[{"embeddable":true,"href":"https:\/\/solcoinco.com\/index.php?rest_route=%2Fwp%2Fv2%2Fcomments&post=2844"}],"wp:featuredmedia":[{"embeddable":true,"href":"https:\/\/solcoinco.com\/index.php?rest_route=\/wp\/v2\/media\/2845"}],"wp:attachment":[{"href":"https:\/\/solcoinco.com\/index.php?rest_route=%2Fwp%2Fv2%2Fmedia&parent=2844"}],"wp:term":[{"taxonomy":"product_brand","embeddable":true,"href":"https:\/\/solcoinco.com\/index.php?rest_route=%2Fwp%2Fv2%2Fproduct_brand&post=2844"},{"taxonomy":"product_cat","embeddable":true,"href":"https:\/\/solcoinco.com\/index.php?rest_route=%2Fwp%2Fv2%2Fproduct_cat&post=2844"},{"taxonomy":"product_tag","embeddable":true,"href":"https:\/\/solcoinco.com\/index.php?rest_route=%2Fwp%2Fv2%2Fproduct_tag&post=2844"}],"curies":[{"name":"wp","href":"https:\/\/api.w.org\/{rel}","templated":true}]}}