{"id":2841,"date":"2025-05-08T10:43:28","date_gmt":"2025-05-08T15:43:28","guid":{"rendered":"https:\/\/solcoinco.com\/?post_type=product&#038;p=2841"},"modified":"2025-07-22T18:01:37","modified_gmt":"2025-07-22T23:01:37","slug":"indicador-de-nivel-vibratorio-gvs25","status":"publish","type":"product","link":"https:\/\/solcoinco.com\/?product=indicador-de-nivel-vibratorio-gvs25","title":{"rendered":"Indicador de nivel Camlogic vibratorio GVS25"},"content":{"rendered":"<div class=\"prod-desc mt-2 mb-1\">\n<p>El\u00a0<strong>GVS25<\/strong>\u00a0es un modelo de horquilla vibratoria dise\u00f1ado para la detecci\u00f3n fiable de materiales\u00a0<strong>s\u00f3lidos<\/strong>\u00a0en silos, tolvas y contenedores. Disponible con conexi\u00f3n de\u00a0<strong>1&#8243; 1\/2 Gas (BSPP)<\/strong>\u00a0o en versi\u00f3n bridada, ofrece longitudes personalizables de hasta\u00a0<strong>3000 mm<\/strong>\u00a0. Con un dise\u00f1o robusto y sin mantenimiento, es un indicador que garantiza mediciones precisas.<\/p>\n<p>Es especialmente adecuado para materiales con una densidad a partir de\u00a0<strong>0,2 kg\/dm\u00b3<\/strong>\u00a0, lo que lo hace ideal para aplicaciones con materiales de baja densidad. Ideal para los\u00a0sectores\u00a0<strong>alimentario, cementero, qu\u00edmico, pl\u00e1stico, cer\u00e1mico, de reciclaje , etc.<\/strong><\/p>\n<h2><strong>Ventajas<\/strong><\/h2>\n<ul class=\"eh-list-01 eh-generic--list\">\n<li class=\"eh-list--item\"><strong>F\u00e1cil instalaci\u00f3n<\/strong>\u00a0: no requiere calibraci\u00f3n ni herramientas espec\u00edficas para su instalaci\u00f3n.<\/li>\n<li class=\"eh-list--item\"><strong>Personalizaci\u00f3n completa<\/strong>\u00a0: posibilidad de configuraciones espec\u00edficas, incluidas extensiones hasta\u00a0<strong>3000 mm<\/strong>\u00a0.<\/li>\n<li class=\"eh-list--item\"><strong>Extrema fiabilidad<\/strong>\u00a0: perfecto como se\u00f1al de seguridad en combinaci\u00f3n con sondas de nivel radar, capacitivas, ultras\u00f3nicas o continuas.<\/li>\n<li class=\"eh-list--item\"><strong>Seguridad intr\u00ednseca<\/strong>\u00a0: el instrumento est\u00e1 dise\u00f1ado para volver a condiciones seguras en caso de fallas, mal funcionamiento o corte de energ\u00eda.<\/li>\n<\/ul>\n<\/div>\n<div class=\"prod-cert-item mb-2\">\n<div class=\"prod-cert-img d-inline-flex\"><img decoding=\"async\" class=\"\" title=\"Materiales S\u00f3lidos\" src=\"https:\/\/www.camlogic.it\/uploads\/icone\/4x\/solidi@4x.png\" alt=\"Materiales S\u00f3lidos\" width=\"60\" \/><img decoding=\"async\" class=\"\" title=\"Materiales corrosivos\" src=\"https:\/\/www.camlogic.it\/uploads\/icone\/4x\/corrosivi@4x.png\" alt=\"Materiales corrosivos\" width=\"60\" \/><img decoding=\"async\" class=\"\" title=\"Materiales alimentarios\" src=\"https:\/\/www.camlogic.it\/uploads\/icone\/4x\/alimentare@4x.png\" alt=\"Materiales alimentarios\" width=\"60\" \/><\/div>\n<\/div>\n<div>\n<hr \/>\n<div class=\"info-wrapper\">\n<h2><strong>ESPECIFICACIONES T\u00c9CNICAS<\/strong><\/h2>\n<ul>\n<li><strong>Carcasa y tapa:<\/strong>\u00a0de aluminio fundido a presi\u00f3n<\/li>\n<li><strong>Partes en contacto con el producto:<\/strong>\u00a0todas las piezas est\u00e1n fabricadas en acero inoxidable AISI 316L<strong><img loading=\"lazy\" decoding=\"async\" class=\"img-web-ext alignright\" style=\"background-color: #ffffff;\" src=\"https:\/\/www.camlogic.it\/uploads\/outline\/Vibrazione\/gvs25.svg\" width=\"85\" height=\"272\" \/><\/strong><\/li>\n<li><strong>Conexi\u00f3n de proceso:<\/strong>\u00a03\/4 Gas (BSPP)<\/li>\n<li><strong>Viscosidad m\u00e1xima:<\/strong>\u00a010.000 mm2\/s (=centiStokes)<\/li>\n<li><strong>Tiempo de respuesta r\u00e1pido:<\/strong>\u00a00,5 &#8211; 2 segundos<\/li>\n<li><strong>Temperatura ambiente:<\/strong>\u00a0-20 \u00b0C &#8230; 70 \u00b0C (-4 \u00b0F &#8230; 158 \u00b0F)<\/li>\n<li><strong>Temperatura del proceso:<\/strong>\u00a0-20 \u00b0C &#8230; 70 \u00b0C (-4 \u00b0F &#8230; 158 \u00b0F)<\/li>\n<li><strong>Presi\u00f3n de proceso:<\/strong>\u00a00,8 a 20 bar (11,6 a 290 psi)<\/li>\n<li><strong>Grado de protecci\u00f3n:<\/strong> IP65 (a prueba de polvo, protegido contra chorros de agua)<\/li>\n<\/ul>\n<p>&nbsp;<\/p>\n<\/div>\n<\/div>\n<div><\/div>\n<div><\/div>\n<div><\/div>\n<div><\/div>\n<div><\/div>\n<div><\/div>\n<div><a class=\"button small default\" href=\"https:\/\/www.camlogic.it\/en\/products\/detail\/gvs25_945#productDetailConfigurator\" target=\"_blank\" rel=\"noopener noreferrer\">CONFIGURADOR<\/a><\/div>\n<div><\/div>\n<div>\n<hr \/>\n<div class=\"images-wrapper\"><img loading=\"lazy\" decoding=\"async\" class=\"img-web-ext lazy_img alignleft\" src=\"https:\/\/res.cloudinary.com\/zzdinary\/image\/upload\/w_500,c_scale,f_auto\/camlogic\/prodotti\/accessori\/cyuv1qqllnnqoesji8oa.jpg\" width=\"239\" height=\"106\" data-src=\"https:\/\/res.cloudinary.com\/zzdinary\/image\/upload\/w_500,c_scale,f_auto\/camlogic\/prodotti\/accessori\/cyuv1qqllnnqoesji8oa.jpg\" \/><strong style=\"text-align: center;\">\u00a0 \u00a0 \u00a0 \u00a0 \u00a0 \u00a0 \u00a0 \u00a0 \u00a0 \u00a0 \u00a0 \u00a0 \u00a0CARACTER\u00cdSTICAS EL\u00c9CTRICAS<\/strong><\/div>\n<\/div>\n<div>\n<div class=\"info-wrapper\" style=\"padding-left: 120px;\">\n<div class=\"prod-desc mt-2 \" style=\"padding-left: 120px;\">\n<ul>\n<li style=\"list-style-type: none;\">\n<ul>\n<li style=\"list-style-type: none;\">\n<ul>\n<li style=\"list-style-type: none;\">\n<ul>\n<li><strong>Salida<\/strong>\u00a0: 1 contacto de rel\u00e9 DPDT libre de potencial<\/li>\n<li><strong>Clasificaci\u00f3n del rel\u00e9<\/strong>\u00a0: 5 A a 24 VCC o 220 VCA<\/li>\n<li><strong>Alimentaci\u00f3n<\/strong>\u00a0: 15 &#8211; 80 VCC \/ 15 &#8211; 260 VCA (50\/60 Hz)<\/li>\n<li><strong>Modo de seguridad<\/strong>\u00a0: configurable para umbral m\u00e1ximo o m\u00ednimo<\/li>\n<\/ul>\n<\/li>\n<\/ul>\n<\/li>\n<\/ul>\n<\/li>\n<\/ul>\n<\/div>\n<\/div>\n<\/div>","protected":false},"excerpt":{"rendered":"<p>El\u00a0<strong>GVS25<\/strong>\u00a0es un modelo de horquilla vibratoria dise\u00f1ado para la detecci\u00f3n fiable de materiales\u00a0<strong>s\u00f3lidos<\/strong>\u00a0en silos, tolvas y contenedores. Disponible con conexi\u00f3n\u00a0<strong>de gas de 1&#8243; 1\/2&#8243; (BSPP)<\/strong>\u00a0o en versi\u00f3n bridada, ofrece longitudes personalizables de hasta\u00a0<strong>3000 mm<\/strong>\u00a0. Su dise\u00f1o robusto y sin mantenimiento garantiza mediciones precisas.<\/p>\n<p><strong><a class=\"button small default\" href=\"http:\/\/solcoinco.com\/productos\/Ficha_Tecnica_GVS25.pdf\" target=\"_blank\" rel=\"noopener noreferrer\">Informaci\u00f3n T\u00e9cnica<\/a> \u00a0<a class=\"button small default\" href=\"http:\/\/solcoinco.com\/productos\/Manual_GVS25.pdf\" target=\"_blank\" rel=\"noopener noreferrer\">Manual<\/a><a class=\"button small default\" href=\"https:\/\/wa.me\/573166199944\" target=\"_blank\" rel=\"noopener noreferrer\">Solicitar Informaci\u00f3n<\/a><\/strong><\/p>\n","protected":false},"featured_media":2842,"comment_status":"closed","ping_status":"closed","template":"","meta":[],"product_brand":[],"product_cat":[72,86],"product_tag":[],"class_list":{"0":"post-2841","1":"product","2":"type-product","3":"status-publish","4":"has-post-thumbnail","6":"product_cat-nivel","7":"product_cat-interruptores-nivel","9":"first","10":"instock","11":"shipping-taxable","12":"product-type-simple"},"_links":{"self":[{"href":"https:\/\/solcoinco.com\/index.php?rest_route=\/wp\/v2\/product\/2841","targetHints":{"allow":["GET"]}}],"collection":[{"href":"https:\/\/solcoinco.com\/index.php?rest_route=\/wp\/v2\/product"}],"about":[{"href":"https:\/\/solcoinco.com\/index.php?rest_route=\/wp\/v2\/types\/product"}],"replies":[{"embeddable":true,"href":"https:\/\/solcoinco.com\/index.php?rest_route=%2Fwp%2Fv2%2Fcomments&post=2841"}],"wp:featuredmedia":[{"embeddable":true,"href":"https:\/\/solcoinco.com\/index.php?rest_route=\/wp\/v2\/media\/2842"}],"wp:attachment":[{"href":"https:\/\/solcoinco.com\/index.php?rest_route=%2Fwp%2Fv2%2Fmedia&parent=2841"}],"wp:term":[{"taxonomy":"product_brand","embeddable":true,"href":"https:\/\/solcoinco.com\/index.php?rest_route=%2Fwp%2Fv2%2Fproduct_brand&post=2841"},{"taxonomy":"product_cat","embeddable":true,"href":"https:\/\/solcoinco.com\/index.php?rest_route=%2Fwp%2Fv2%2Fproduct_cat&post=2841"},{"taxonomy":"product_tag","embeddable":true,"href":"https:\/\/solcoinco.com\/index.php?rest_route=%2Fwp%2Fv2%2Fproduct_tag&post=2841"}],"curies":[{"name":"wp","href":"https:\/\/api.w.org\/{rel}","templated":true}]}}