{"id":2838,"date":"2025-04-14T11:12:42","date_gmt":"2025-04-14T16:12:42","guid":{"rendered":"https:\/\/solcoinco.com\/?post_type=product&#038;p=2838"},"modified":"2025-07-22T17:57:20","modified_gmt":"2025-07-22T22:57:20","slug":"indicador-de-nivel-de-flotador-pfglp","status":"publish","type":"product","link":"https:\/\/solcoinco.com\/?product=indicador-de-nivel-de-flotador-pfglp","title":{"rendered":"Indicador de nivel Camlogic de flotador PFGLP"},"content":{"rendered":"<div class=\"prod-desc mt-2 mb-1\">\n<p>Interruptor de nivel Camlogic para tanques con flotador que utiliza la presi\u00f3n hidrost\u00e1tica; el movimiento del flotador se transmite a un im\u00e1n que activa un microinterruptor de se\u00f1al. El flotador y la carcasa est\u00e1n separados por una barrera herm\u00e9tica de acero inoxidable. No necesita fuente de alimentaci\u00f3n.<\/p>\n<h4><strong>Ventajas<\/strong><\/h4>\n<ul class=\"eh-list-01 eh-generic--list\">\n<li class=\"eh-list--item\">Ideal para su uso en contacto con\u00a0<strong>materiales corrosivos<\/strong>\u00a0o\u00a0<strong>alimentarios<\/strong>.<\/li>\n<li class=\"eh-list--item\"><strong>F\u00e1cil instalaci\u00f3n<\/strong>: no requiere calibrado ni herramientas especiales.<\/li>\n<li class=\"eh-list--item\"><strong>Alto nivel de seguridad<\/strong>\u00a0en presencia de gases y polvos potencialmente explosivos.<\/li>\n<\/ul>\n<\/div>\n<div class=\"prod-cert-item mb-2\">\n<div class=\"prod-cert-img d-inline-flex\"><img loading=\"lazy\" decoding=\"async\" class=\"\" title=\"Certificato ATEX\" src=\"https:\/\/www.camlogic.it\/uploads\/loghi\/atex.png\" alt=\"Certificato ATEX\" width=\"76\" height=\"76\" \/><img loading=\"lazy\" decoding=\"async\" class=\"\" title=\"Certificato Idoneit\u00e0 Alimentare\" src=\"https:\/\/www.camlogic.it\/uploads\/loghi\/moca.png\" alt=\"Certificato Idoneit\u00e0 Alimentare\" width=\"72\" height=\"72\" \/><img loading=\"lazy\" decoding=\"async\" class=\"\" title=\"Certificato UKCA\" src=\"https:\/\/www.camlogic.it\/uploads\/loghi\/ukca.png\" alt=\"Certificato UKCA\" width=\"74\" height=\"74\" \/><\/div>\n<\/div>\n<div class=\"prod-cert-item mb-2\">\n<div class=\"prod-cert-img d-inline-flex\"><img loading=\"lazy\" decoding=\"async\" class=\"\" title=\"Materiales liquido\" src=\"https:\/\/www.camlogic.it\/uploads\/icone\/4x\/liquidi@4x.png\" alt=\"Materiales liquido\" width=\"53\" height=\"54\" \/><img loading=\"lazy\" decoding=\"async\" class=\"\" title=\"Materiales corrosivi\" src=\"https:\/\/www.camlogic.it\/uploads\/icone\/4x\/corrosivi@4x.png\" alt=\"Materiales corrosivi\" width=\"53\" height=\"53\" \/><img loading=\"lazy\" decoding=\"async\" class=\"\" title=\"Materiales Alimentari\" src=\"https:\/\/www.camlogic.it\/uploads\/icone\/4x\/alimentare@4x.png\" alt=\"Materiales Alimentari\" width=\"49\" height=\"50\" \/><\/div>\n<\/div>\n<hr \/>\n<div class=\"info-wrapper\">\n<h2><strong>Caracter\u00edsticas t\u00e9cnicas<\/strong><\/h2>\n<ul>\n<li>Carcasa y tapa de aluminio fundido a presi\u00f3n<\/li>\n<li>Conexi\u00f3n con brida de proceso en AISI 304L \/ EN 1.4307<\/li>\n<li>Flotador y v\u00e1stago en AISI 316 \/ EN 1.4435<\/li>\n<li>Conexi\u00f3n a proceso mediante brida DN40<\/li>\n<li>Temperatura ambiente -10\u00b0 \u00f7 +100\u00b0C (14\u00b0 &#8230; +212\u00b0F)<\/li>\n<li>Temperatura de proceso -10\u00b0 \u00f7 +100\u00b0C (14\u00b0 &#8230; +212\u00b0F)<\/li>\n<li>Presi\u00f3n m\u00e1x. de proceso de 25 bar (362,6 psi)<\/li>\n<li>Grado de protecci\u00f3n IP65 (a prueba de polvo, protegido contra chorros de agua)<\/li>\n<li>Capacidad de contacto de 10 A a 250 V (CA)<\/li>\n<li><img loading=\"lazy\" decoding=\"async\" class=\"img-web-ext alignright\" style=\"background-color: #ffffff;\" src=\"https:\/\/www.camlogic.it\/uploads\/outline\/pfglp\/pfglp.svg\" width=\"117\" height=\"308\" \/>Se\u00f1al de salida: interruptor micro SPDT<\/li>\n<\/ul>\n<\/div>\n<p>&nbsp;<\/p>\n<p>&nbsp;<\/p>\n<p>&nbsp;<\/p>\n<p>&nbsp;<\/p>\n<p><a class=\"button small default\" href=\"https:\/\/www.camlogic.it\/es\/productos\/detail\/pfglp_363#productDetailConfigurator\" target=\"_blank\" rel=\"noopener noreferrer\">CONFIGURADOR<\/a><\/p>\n<p>&nbsp;<\/p>\n<div><\/div>","protected":false},"excerpt":{"rendered":"<p>Indicador de nivel de flotador\u00a0<strong>fabricado en robusto<\/strong>\u00a0<strong>fundici\u00f3n a presi\u00f3n de aluminio<\/strong>\u00a0y\u00a0<strong>acero inoxidable<\/strong>, con\u00a0<strong>brida de fijaci\u00f3n<\/strong>,\u00a0<strong>no requiere alimentaci\u00f3n el\u00e9ctrica<\/strong>. El instrumento puede personalizarse con longitudes especiales y accesorios como flotador curvado y fuelles de goma.<\/p>\n<p><strong><a class=\"button small default\" href=\"http:\/\/solcoinco.com\/productos\/Ficha_Tecnica_PFGLP.pdf\" target=\"_blank\" rel=\"noopener noreferrer\">Informaci\u00f3n T\u00e9cnica<\/a> \u00a0<a class=\"button small default\" href=\"http:\/\/solcoinco.com\/productos\/Manual_PFGLP.pdf\" target=\"_blank\" rel=\"noopener noreferrer\">Manual<\/a><a class=\"button small default\" href=\"https:\/\/wa.me\/573166199944\" target=\"_blank\" rel=\"noopener noreferrer\">Solicitar Informaci\u00f3n<\/a><\/strong><\/p>\n<p>&nbsp;<\/p>\n","protected":false},"featured_media":2839,"comment_status":"closed","ping_status":"closed","template":"","meta":[],"product_brand":[],"product_cat":[72,86],"product_tag":[],"class_list":{"0":"post-2838","1":"product","2":"type-product","3":"status-publish","4":"has-post-thumbnail","6":"product_cat-nivel","7":"product_cat-interruptores-nivel","9":"first","10":"instock","11":"shipping-taxable","12":"product-type-simple"},"_links":{"self":[{"href":"https:\/\/solcoinco.com\/index.php?rest_route=\/wp\/v2\/product\/2838","targetHints":{"allow":["GET"]}}],"collection":[{"href":"https:\/\/solcoinco.com\/index.php?rest_route=\/wp\/v2\/product"}],"about":[{"href":"https:\/\/solcoinco.com\/index.php?rest_route=\/wp\/v2\/types\/product"}],"replies":[{"embeddable":true,"href":"https:\/\/solcoinco.com\/index.php?rest_route=%2Fwp%2Fv2%2Fcomments&post=2838"}],"wp:featuredmedia":[{"embeddable":true,"href":"https:\/\/solcoinco.com\/index.php?rest_route=\/wp\/v2\/media\/2839"}],"wp:attachment":[{"href":"https:\/\/solcoinco.com\/index.php?rest_route=%2Fwp%2Fv2%2Fmedia&parent=2838"}],"wp:term":[{"taxonomy":"product_brand","embeddable":true,"href":"https:\/\/solcoinco.com\/index.php?rest_route=%2Fwp%2Fv2%2Fproduct_brand&post=2838"},{"taxonomy":"product_cat","embeddable":true,"href":"https:\/\/solcoinco.com\/index.php?rest_route=%2Fwp%2Fv2%2Fproduct_cat&post=2838"},{"taxonomy":"product_tag","embeddable":true,"href":"https:\/\/solcoinco.com\/index.php?rest_route=%2Fwp%2Fv2%2Fproduct_tag&post=2838"}],"curies":[{"name":"wp","href":"https:\/\/api.w.org\/{rel}","templated":true}]}}