{"id":2834,"date":"2025-04-14T10:50:28","date_gmt":"2025-04-14T15:50:28","guid":{"rendered":"https:\/\/solcoinco.com\/?post_type=product&#038;p=2834"},"modified":"2025-07-22T17:58:55","modified_gmt":"2025-07-22T22:58:55","slug":"sensores-de-presion-mn03","status":"publish","type":"product","link":"https:\/\/solcoinco.com\/?product=sensores-de-presion-mn03","title":{"rendered":"sensores de presi\u00f3n Camlogic MN03"},"content":{"rendered":"<div class=\"prod-desc mt-2 mb-1\">\n<p>Indicador de membrana para se\u00f1alar el nivel Camlogic alcanzado por los materiales, gracias a la presi\u00f3n ejercida sobre la membrana del instrumento. <strong>Fabricaci\u00f3n robusta<\/strong>\u00a0con carcasa de aluminio a una excelente relaci\u00f3n calidad-precio. No necesita fuente de alimentaci\u00f3n.<\/p>\n<h2><strong>Ventajas<\/strong><\/h2>\n<ul>\n<li>Instrumento\u00a0<strong>f\u00e1cil de instalar<\/strong>\u00a0que no requiere calibraci\u00f3n ni herramientas especiales.<\/li>\n<li><strong>Vers\u00e1til<\/strong>: puede montarse vertical, horizontal u oblicuamente.<\/li>\n<li>Nivel de protecci\u00f3n\u00a0<strong>aumentado<\/strong>\u00a0en presencia de polvo potencialmente explosivo.<\/li>\n<\/ul>\n<\/div>\n<div class=\"prod-cert-item mb-2\">\n<div class=\"prod-cert-img d-inline-flex\"><img loading=\"lazy\" decoding=\"async\" class=\"\" title=\"Certificato ATEX\" src=\"https:\/\/www.camlogic.it\/uploads\/loghi\/atex.png\" alt=\"Certificato ATEX\" width=\"66\" height=\"66\" \/><img loading=\"lazy\" decoding=\"async\" class=\"\" title=\"Certificato UKCA\" src=\"https:\/\/www.camlogic.it\/uploads\/loghi\/ukca.png\" alt=\"Certificato UKCA\" width=\"58\" height=\"58\" \/><\/div>\n<\/div>\n<div class=\"prod-cert-item mb-2\">\n<div class=\"prod-cert-img d-inline-flex\"><img decoding=\"async\" class=\"\" title=\"Materiales Solides\" src=\"https:\/\/www.camlogic.it\/uploads\/icone\/4x\/solidi@4x.png\" alt=\"Materiales Solides\" width=\"60\" \/><\/div>\n<\/div>\n<hr \/>\n<div class=\"info-wrapper\">\n<h2><strong>Caracter\u00edsticas t\u00e9cnicas<\/strong><\/h2>\n<ul>\n<li>Carcasa y tapa de aluminio fundido a presi\u00f3n<\/li>\n<li>Membrana de goma para (MN03) o de FKM (MN03V).<\/li>\n<li>Conexi\u00f3n al proceso con brida, con 4 orificios de \u00d8 8,5 equidistantes en un espaciado de \u00d8 160 mm<img loading=\"lazy\" decoding=\"async\" class=\"img-web-ext alignright\" style=\"background-color: #ffffff;\" src=\"https:\/\/www.camlogic.it\/uploads\/outline\/mn03\/mn03.svg\" width=\"143\" height=\"237\" \/><\/li>\n<li>Temperatura ambiente y de proceso -20\u00b0 a +60\u00b0C (-4\u00b0 a +140\u00b0F) MN03 -20\u00b0 A +80\u00b0C (-4\u00b0 A +176\u00b0F) MN03V<\/li>\n<li>Presi\u00f3n m\u00e1x. de proceso de 0,8 a 1,1 bar (11,6 a 15,9 psi)<\/li>\n<li>Grado de protecci\u00f3n IP65 (a prueba de polvo, protegido contra chorros de agua)<\/li>\n<li>Capacidad de contacto de 10 A a 250 V (CA)<\/li>\n<li>Se\u00f1al de salida: interruptor micro SPDT<\/li>\n<\/ul>\n<div class=\"cta-wrapper-left\"><\/div>\n<\/div>\n<p>&nbsp;<\/p>\n<p><a class=\"button small default\" href=\"https:\/\/www.camlogic.it\/es\/productos\/detail\/mn03_365#productDetailConfigurator\" target=\"_blank\" rel=\"noopener noreferrer\">CONFIGURADOR<\/a><\/p>\n<p>&nbsp;<\/p>\n<p>&nbsp;<\/p>\n<p>&nbsp;<\/p>\n<div class=\"prod-cert-item mb-2\">\n<hr \/>\n<\/div>","protected":false},"excerpt":{"rendered":"<div class=\"prod-item-info\">\n<div class=\"prod-desc pb-4\">\n<p>Indicador de nivel de presi\u00f3n<strong>\u00a0fabricado en robusto aluminio fundido a presi\u00f3n<\/strong>,<strong>\u00a0no requiere alimentaci\u00f3n el\u00e9ctrica<\/strong>. El instrumento puede personalizarse con membranas de caucho, FKM (para una mayor resistencia al calor) o con indicador luminoso LED.<\/p>\n<p><strong><a class=\"button small default\" href=\"http:\/\/solcoinco.com\/productos\/Ficha_Tecnica_MN03.pdf\" target=\"_blank\" rel=\"noopener noreferrer\">Informaci\u00f3n T\u00e9cnica<\/a> \u00a0<a class=\"button small default\" href=\"http:\/\/solcoinco.com\/productos\/Manual_MN03.pdf\" target=\"_blank\" rel=\"noopener noreferrer\">Manual<\/a><a class=\"button small default\" href=\"https:\/\/wa.me\/573166199944\" target=\"_blank\" rel=\"noopener noreferrer\">Solicitar Informaci\u00f3n<\/a><\/strong><\/p>\n<p>&nbsp;<\/p>\n<\/div>\n<\/div>\n<div class=\"prod-item-footer\">\n<div class=\"prices_wrapper\"><\/div>\n<\/div>\n","protected":false},"featured_media":2836,"comment_status":"closed","ping_status":"closed","template":"","meta":[],"product_brand":[],"product_cat":[72,86],"product_tag":[],"class_list":{"0":"post-2834","1":"product","2":"type-product","3":"status-publish","4":"has-post-thumbnail","6":"product_cat-nivel","7":"product_cat-interruptores-nivel","9":"first","10":"instock","11":"shipping-taxable","12":"product-type-simple"},"_links":{"self":[{"href":"https:\/\/solcoinco.com\/index.php?rest_route=\/wp\/v2\/product\/2834","targetHints":{"allow":["GET"]}}],"collection":[{"href":"https:\/\/solcoinco.com\/index.php?rest_route=\/wp\/v2\/product"}],"about":[{"href":"https:\/\/solcoinco.com\/index.php?rest_route=\/wp\/v2\/types\/product"}],"replies":[{"embeddable":true,"href":"https:\/\/solcoinco.com\/index.php?rest_route=%2Fwp%2Fv2%2Fcomments&post=2834"}],"wp:featuredmedia":[{"embeddable":true,"href":"https:\/\/solcoinco.com\/index.php?rest_route=\/wp\/v2\/media\/2836"}],"wp:attachment":[{"href":"https:\/\/solcoinco.com\/index.php?rest_route=%2Fwp%2Fv2%2Fmedia&parent=2834"}],"wp:term":[{"taxonomy":"product_brand","embeddable":true,"href":"https:\/\/solcoinco.com\/index.php?rest_route=%2Fwp%2Fv2%2Fproduct_brand&post=2834"},{"taxonomy":"product_cat","embeddable":true,"href":"https:\/\/solcoinco.com\/index.php?rest_route=%2Fwp%2Fv2%2Fproduct_cat&post=2834"},{"taxonomy":"product_tag","embeddable":true,"href":"https:\/\/solcoinco.com\/index.php?rest_route=%2Fwp%2Fv2%2Fproduct_tag&post=2834"}],"curies":[{"name":"wp","href":"https:\/\/api.w.org\/{rel}","templated":true}]}}