{"id":2831,"date":"2025-04-14T09:43:25","date_gmt":"2025-04-14T14:43:25","guid":{"rendered":"https:\/\/solcoinco.com\/?post_type=product&#038;p=2831"},"modified":"2025-07-22T18:02:11","modified_gmt":"2025-07-22T23:02:11","slug":"indicador-de-nivel-pendular-ilp3","status":"publish","type":"product","link":"https:\/\/solcoinco.com\/?product=indicador-de-nivel-pendular-ilp3","title":{"rendered":"Indicador de nivel Camlogic pendular ILP3"},"content":{"rendered":"<div class=\"prod-desc mt-2 mb-1\">\n<p>Indicador de nivel Camlogic basculante, para la se\u00f1alizaci\u00f3n de un umbral de nivel por parte de materiales granulares y polvos que, al depositarse, forman un cono. El p\u00e9ndulo tiende a posicionarse naturalmente en posici\u00f3n vertical y la presi\u00f3n del material lo inclina con respecto al eje, provocando la conmutaci\u00f3n de la se\u00f1al. <strong>Fabricaci\u00f3n robusta<\/strong>\u00a0con carcasa de aluminio y\u00a0<strong>fiabilidad garantizada<\/strong>\u00a0con una excelente relaci\u00f3n calidad-precio. No necesita fuente de alimentaci\u00f3n.<\/p>\n<h2><strong>Ventajas<\/strong><\/h2>\n<ul class=\"eh-list-01 eh-generic--list\">\n<li class=\"eh-list--item\"><strong>F\u00e1cil instalaci\u00f3n<\/strong>: no requiere calibrado ni herramientas especiales.<\/li>\n<li class=\"eh-list--item\">El\u00a0<strong>m\u00e1ximo nivel de seguridad<\/strong>\u00a0en presencia de polvo potencialmente explosivo.<\/li>\n<li class=\"eh-list--item\">La extrema\u00a0<strong>fiabilidad <\/strong>hace que se pueda utilizar junto con\u00a0<strong>sondas de nivel radar, capacitivas, ultras\u00f3nicas<\/strong>\u00a0o continuas, como\u00a0<strong>se\u00f1al de seguridad<\/strong>.<\/li>\n<\/ul>\n<\/div>\n<div class=\"prod-cert-item mb-2\">\n<div class=\"prod-cert-img d-inline-flex\"><img loading=\"lazy\" decoding=\"async\" class=\"\" title=\"Certificato ATEX\" src=\"https:\/\/www.camlogic.it\/uploads\/loghi\/atex.png\" alt=\"Certificato ATEX\" width=\"113\" height=\"113\" \/><img loading=\"lazy\" decoding=\"async\" class=\"\" title=\"Certificato UKCA\" src=\"https:\/\/www.camlogic.it\/uploads\/loghi\/ukca.png\" alt=\"Certificato UKCA\" width=\"106\" height=\"106\" \/><\/div>\n<\/div>\n<div class=\"prod-cert-item mb-2\">\n<div class=\"prod-cert-img d-inline-flex\"><img decoding=\"async\" class=\"\" title=\"Materiales Solides\" src=\"https:\/\/www.camlogic.it\/uploads\/icone\/4x\/solidi@4x.png\" alt=\"Materiales Solides\" width=\"60\" \/><\/div>\n<\/div>\n<hr \/>\n<div class=\"info-wrapper\">\n<h2><strong>Caracter\u00edsticas t\u00e9cnicas<\/strong><\/h2>\n<ul>\n<li>Carcasa y tapa de aluminio fundido a presi\u00f3n<\/li>\n<li>Conexi\u00f3n al proceso de 3\/4 Gas (BSPP)<\/li>\n<li>Temperatura ambiente -20\u00b0 a +70\u00b0C (-4\u00b0 a +158\u00b0F)<\/li>\n<li>Temperatura de proceso -20\u00b0 a +70\u00b0C (-4\u00b0 &#8230; +158\u00b0F)<img loading=\"lazy\" decoding=\"async\" class=\"img-web-ext alignright\" style=\"background-color: #ffffff;\" src=\"https:\/\/www.camlogic.it\/uploads\/outline\/ilp3\/ilp3.svg\" width=\"53\" height=\"183\" \/><\/li>\n<li>Presi\u00f3n m\u00e1x. de proceso de 0,8 a 1,1 bar (11,6 a 15,9 psi)<\/li>\n<li>Grado de protecci\u00f3n IP65 (a prueba de polvo, protegido contra chorros de agua)<\/li>\n<li>Capacidad de contacto de 10 A a 250 V (CA)<\/li>\n<li>Se\u00f1al de salida: interruptor micro SPDT<\/li>\n<\/ul>\n<\/div>\n<div><\/div>\n<p><a class=\"button small default\" href=\"https:\/\/www.camlogic.it\/es\/productos\/detail\/ilp3_366#productDetailConfigurator\" target=\"_blank\" rel=\"noopener noreferrer\">CONFIGURADOR<\/a><\/p>\n<p>&nbsp;<\/p>","protected":false},"excerpt":{"rendered":"<p>Indicador de nivel pendular\u00a0<strong>fabricado a partir de aluminio fundido a presi\u00f3n resistente<\/strong>, dise\u00f1ado para situaciones en las que materiales como polvos y granulados se depositan en\u00a0<strong>una forma c\u00f3nica<\/strong>. El indicador ILP3\u00a0<strong>no necesita alimentaci\u00f3n el\u00e9ctrica<\/strong>. El instrumento puede personalizarse para adaptarlo a sus necesidades.<\/p>\n<p><span style=\"color: #000000;\"><strong><a class=\"button small default\" style=\"color: #000000;\" href=\"http:\/\/solcoinco.com\/productos\/Ficha_Tecnica_ILP3.pdf\" target=\"_blank\" rel=\"noopener noreferrer\">Informaci\u00f3n T\u00e9cnica<\/a> \u00a0<a class=\"button small default\" style=\"color: #000000;\" href=\"http:\/\/solcoinco.com\/productos\/Manual_ILP3.pdf\" target=\"_blank\" rel=\"noopener noreferrer\">Manual<\/a><a class=\"button small default\" style=\"color: #000000;\" href=\"https:\/\/wa.me\/573166199944\" target=\"_blank\" rel=\"noopener noreferrer\">Solicitar Informaci\u00f3n<\/a><\/strong><\/span><\/p>\n","protected":false},"featured_media":2832,"comment_status":"closed","ping_status":"closed","template":"","meta":[],"product_brand":[],"product_cat":[72,86],"product_tag":[],"class_list":{"0":"post-2831","1":"product","2":"type-product","3":"status-publish","4":"has-post-thumbnail","6":"product_cat-nivel","7":"product_cat-interruptores-nivel","9":"first","10":"instock","11":"shipping-taxable","12":"product-type-simple"},"_links":{"self":[{"href":"https:\/\/solcoinco.com\/index.php?rest_route=\/wp\/v2\/product\/2831","targetHints":{"allow":["GET"]}}],"collection":[{"href":"https:\/\/solcoinco.com\/index.php?rest_route=\/wp\/v2\/product"}],"about":[{"href":"https:\/\/solcoinco.com\/index.php?rest_route=\/wp\/v2\/types\/product"}],"replies":[{"embeddable":true,"href":"https:\/\/solcoinco.com\/index.php?rest_route=%2Fwp%2Fv2%2Fcomments&post=2831"}],"wp:featuredmedia":[{"embeddable":true,"href":"https:\/\/solcoinco.com\/index.php?rest_route=\/wp\/v2\/media\/2832"}],"wp:attachment":[{"href":"https:\/\/solcoinco.com\/index.php?rest_route=%2Fwp%2Fv2%2Fmedia&parent=2831"}],"wp:term":[{"taxonomy":"product_brand","embeddable":true,"href":"https:\/\/solcoinco.com\/index.php?rest_route=%2Fwp%2Fv2%2Fproduct_brand&post=2831"},{"taxonomy":"product_cat","embeddable":true,"href":"https:\/\/solcoinco.com\/index.php?rest_route=%2Fwp%2Fv2%2Fproduct_cat&post=2831"},{"taxonomy":"product_tag","embeddable":true,"href":"https:\/\/solcoinco.com\/index.php?rest_route=%2Fwp%2Fv2%2Fproduct_tag&post=2831"}],"curies":[{"name":"wp","href":"https:\/\/api.w.org\/{rel}","templated":true}]}}