{"id":2824,"date":"2025-04-10T16:42:20","date_gmt":"2025-04-10T21:42:20","guid":{"rendered":"https:\/\/solcoinco.com\/?post_type=product&#038;p=2824"},"modified":"2025-07-22T18:03:33","modified_gmt":"2025-07-22T23:03:33","slug":"2824","status":"publish","type":"product","link":"https:\/\/solcoinco.com\/?product=2824","title":{"rendered":"Sensor de nivel Camlogic rotativo de paleta PFG09"},"content":{"rendered":"<div class=\"prod-desc mt-2 mb-1\">\n<p>Interruptor de nivel Camlogic de paleta giratoria para controlar un umbral de nivel, generalmente lleno o vac\u00edo, dentro de un silo o contenedor. El <strong>alto grado de protecci\u00f3n contra gases<\/strong>\u00a0lo hace adecuado para su uso en zonas donde puede haber atm\u00f3sferas explosivas durante el funcionamiento normal. Ofrece una carcasa de aluminio fundido a presi\u00f3n\u00a0<strong>robusta<\/strong>\u00a0con una excelente relaci\u00f3n calidad\/precio.<\/p>\n<h2><strong>Ventajas<\/strong><\/h2>\n<ul>\n<li><strong>F\u00e1cil instalaci\u00f3n<\/strong>:<strong>\u00a0<\/strong>no requiere calibraci\u00f3n, mantenimiento ni herramientas especiales.<\/li>\n<li><strong>Vers\u00e1til<\/strong>:<strong>\u00a0<\/strong>puede montarse vertical, horizontal u oblicuamente.<\/li>\n<li>Sonda <strong>adaptable<\/strong>\u00a0al material que se detecta, gracias a una amplia selecci\u00f3n de h\u00e9lices.<\/li>\n<li><strong>Alto nivel de seguridad <\/strong>en presencia de polvo o gases explosivos.<\/li>\n<li class=\"eh-list--item\">La extrema\u00a0<strong>fiabilidad <\/strong>hace que se pueda utilizar junto con\u00a0<strong>sondas de nivel radar, capacitivas, ultras\u00f3nicas<\/strong>\u00a0o continuas, como\u00a0<strong>se\u00f1al de seguridad<\/strong>.<\/li>\n<\/ul>\n<\/div>\n<div class=\"prod-cert-item mb-2\">\n<div class=\"prod-cert-img d-inline-flex\"><img loading=\"lazy\" decoding=\"async\" class=\"\" title=\"Certificato ATEX\" src=\"https:\/\/www.camlogic.it\/uploads\/loghi\/ATEX.svg\" alt=\"Certificato ATEX\" width=\"60\" height=\"49\" \/><img loading=\"lazy\" decoding=\"async\" class=\"\" title=\"Certificato UKCA\" src=\"https:\/\/www.camlogic.it\/uploads\/loghi\/ukca.png\" alt=\"Certificato UKCA\" width=\"50\" height=\"50\" \/><\/div>\n<\/div>\n<div class=\"prod-cert-item mb-2\">\n<div class=\"prod-cert-img d-inline-flex\"><img loading=\"lazy\" decoding=\"async\" class=\"\" title=\"Materiales Solides\" src=\"https:\/\/www.camlogic.it\/uploads\/icone\/4x\/solidi@4x.png\" alt=\"Materiales Solides\" width=\"41\" height=\"42\" \/><\/div>\n<div>\n<div class=\"info-wrapper\">\n<h2><strong>Caracter\u00edsticas t\u00e9cnicas<\/strong><\/h2>\n<ul>\n<li>Carcasa y tapa de aluminio fundido a presi\u00f3n<\/li>\n<li>Eje de acero inoxidable AISI 303 \/ EN 1.4305 sobre rodamientos de bolas sellados y lubricados permanentemente, con junta de estanqueidad de FKM para el sellado contra el polvo<\/li>\n<li>Amplia gama de h\u00e9lices de acero inoxidable AISI 304 \/ EN 1.4301<\/li>\n<li>Conexi\u00f3n al proceso de 1&#8243; 1\/2 Gas (BSPP) y entrada de cable \u00fanica 1\/2 Gas (BSPP)<\/li>\n<li>Velocidad de rotaci\u00f3n de 1 revoluci\u00f3n \/ minuto<\/li>\n<li><img loading=\"lazy\" decoding=\"async\" class=\"img-web-ext alignright\" style=\"background-color: #ffffff;\" src=\"https:\/\/www.camlogic.it\/uploads\/outline\/pfg09\/pfg09.svg\" width=\"153\" height=\"361\" \/>Temperatura ambiente -20\u00b0 a +70\u00b0C (-4\u00b0 a +158\u00b0F)<\/li>\n<li>Temperatura de proceso -20\u00b0 a +70\u00b0C (-4\u00b0 &#8230; +158\u00b0F)<\/li>\n<li>Presi\u00f3n m\u00e1x. de proceso de 0,8 a 1,1 bar (11,6 a 15,9 psi)<\/li>\n<li>Grado de protecci\u00f3n IP65 (a prueba de polvo, protegido contra chorros de agua)<\/li>\n<li>Potencia absorbida m\u00e1xima de 4 W<\/li>\n<li>Capacidad de los contactos 5 A a 250 V (CA)<\/li>\n<li>Se\u00f1al de salida: interruptor micro SPDT<\/li>\n<\/ul>\n<\/div>\n<\/div>\n<\/div>\n<p>&nbsp;<\/p>\n<p>&nbsp;<\/p>\n<p>&nbsp;<\/p>\n<p>&nbsp;<\/p>\n<div class=\"prod-cert-item mb-2\">\n<div>\n<div class=\"info-wrapper\"><strong><a class=\"button small default\" href=\"https:\/\/www.camlogic.it\/es\/productos\/detail\/pfg09_331?_gl=1%2a1yhcgo1%2a_up%2aMQ..&amp;gclid=CjwKCAjwtdi_BhACEiwA97y8BLUm8QgoTN8zAo8FlA38ENHsRFYg2BCLeq4-9_5EZXlEEJwuY-p7NBoCTAUQAvD_BwE#productDetailConfigurator\" target=\"_blank\" rel=\"noopener noreferrer\">CONFIGURADOR<\/a><\/strong><\/div>\n<\/div>\n<\/div>\n<div><\/div>\n<div class=\"info-wrapper\"><\/div>\n<div class=\"images-wrapper\"><\/div>\n<hr \/>\n<div>\n<div class=\"col-12 col-md-7 image_on_left_with_text_layout_inner_text\">\n<div class=\"description_container\">\n<div class=\"p-description pb-2\">\n<h2><strong>Selecci\u00f3n de la h\u00e9lice<\/strong><\/h2>\n<p>Fundamental para el correcto funcionamiento del indicador de nivel, es la base a partir de la cual personalizarlo, adapt\u00e1ndolo a cada tipo de uso.<br \/>\nPara\u00a0<strong>una elecci\u00f3n \u00f3ptima<\/strong>\u00a0es importante tener en cuenta<strong>\u00a05 puntos<\/strong>:<\/p>\n<ol>\n<li>Cada material tiene una\u00a0<strong>densidad m\u00ednima<\/strong>\u00a0para ser detectado por el instrumento.<\/li>\n<li>El\u00a0<strong>di\u00e1metro m\u00ednimo del orificio de entrada<\/strong>\u00a0por el que puede pasar la h\u00e9lice si no puede instalarse desde el interior.<\/li>\n<li>El\u00a0<strong>di\u00e1metro de entrada<\/strong> que ocupa la h\u00e9lice al girar.<\/li>\n<li>En funci\u00f3n de la intensidad de las perturbaciones a las que est\u00e9 expuesta la h\u00e9lice, var\u00eda el\u00a0<strong>n\u00famero de palas<\/strong>.<\/li>\n<li>Poliamida o acero inoxidable seg\u00fan el tipo de\u00a0<strong>material<\/strong>\u00a0con el que est\u00e9 en contacto.<\/li>\n<\/ol>\n<\/div>\n<\/div>\n<\/div>\n<\/div>\n<p><img loading=\"lazy\" decoding=\"async\" class=\"img-fluid alignright\" style=\"background-color: #ffffff;\" src=\"https:\/\/www.camlogic.it\/uploads\/home\/home_grid_1.png\" alt=\"\" width=\"380\" height=\"209\" aria-hidden=\"true\" \/><\/p>\n<p>&nbsp;<\/p>\n<p>&nbsp;<\/p>\n<div class=\"desktop_btn\"><\/div>\n<div><\/div>\n<div><\/div>\n<div><\/div>\n<div><\/div>\n<div><\/div>\n<div><\/div>\n<div><\/div>\n<p>&nbsp;<\/p>","protected":false},"excerpt":{"rendered":"<p>Indicador de nivel rotativo de h\u00e9lice, antideflagrante, adecuado en\u00a0<strong>entornos con presencia de mezclas gaseosas, explosivas<\/strong>\u00a0o<strong>\u00a0inflamables<\/strong>.<strong>\u00a0<\/strong>Construido en<strong>\u00a0aluminio fundido a presi\u00f3n<\/strong>\u00a0con conexi\u00f3n roscada al proceso<strong>\u00a0G 1\u201d 1\/2<\/strong>\u00a0o con\u00a0<strong>brida de fijaci\u00f3n<\/strong>. La elecci\u00f3n de las h\u00e9lices permite al interruptor de nivel detectar materiales con densidades comprendidas entre<strong>\u00a00,1\u00a0<\/strong>y\u00a0<strong>2,0 kg\/dm3<\/strong>. El instrumento puede personalizarse con longitudes especiales y accesorios el\u00e9ctricos.<\/p>\n<p><a class=\"button small default\" href=\"http:\/\/solcoinco.com\/productos\/Ficha_Tecnica_FPG09.pdf\" target=\"_blank\" rel=\"noopener noreferrer\">Informaci\u00f3n T\u00e9cnica<\/a> \u00a0<a class=\"button small default\" href=\"http:\/\/solcoinco.com\/productos\/Manual_FPG-09.pdf\" target=\"_blank\" rel=\"noopener noreferrer\">Manual\u00a0<\/a> <a class=\"button small default\" href=\"https:\/\/wa.me\/573166199944\" target=\"_blank\" rel=\"noopener noreferrer\">Solicitar Informaci\u00f3n<\/a><\/p>\n","protected":false},"featured_media":2825,"comment_status":"closed","ping_status":"closed","template":"","meta":[],"product_brand":[],"product_cat":[72,86],"product_tag":[],"class_list":{"0":"post-2824","1":"product","2":"type-product","3":"status-publish","4":"has-post-thumbnail","6":"product_cat-nivel","7":"product_cat-interruptores-nivel","9":"first","10":"instock","11":"shipping-taxable","12":"product-type-simple"},"_links":{"self":[{"href":"https:\/\/solcoinco.com\/index.php?rest_route=\/wp\/v2\/product\/2824","targetHints":{"allow":["GET"]}}],"collection":[{"href":"https:\/\/solcoinco.com\/index.php?rest_route=\/wp\/v2\/product"}],"about":[{"href":"https:\/\/solcoinco.com\/index.php?rest_route=\/wp\/v2\/types\/product"}],"replies":[{"embeddable":true,"href":"https:\/\/solcoinco.com\/index.php?rest_route=%2Fwp%2Fv2%2Fcomments&post=2824"}],"wp:featuredmedia":[{"embeddable":true,"href":"https:\/\/solcoinco.com\/index.php?rest_route=\/wp\/v2\/media\/2825"}],"wp:attachment":[{"href":"https:\/\/solcoinco.com\/index.php?rest_route=%2Fwp%2Fv2%2Fmedia&parent=2824"}],"wp:term":[{"taxonomy":"product_brand","embeddable":true,"href":"https:\/\/solcoinco.com\/index.php?rest_route=%2Fwp%2Fv2%2Fproduct_brand&post=2824"},{"taxonomy":"product_cat","embeddable":true,"href":"https:\/\/solcoinco.com\/index.php?rest_route=%2Fwp%2Fv2%2Fproduct_cat&post=2824"},{"taxonomy":"product_tag","embeddable":true,"href":"https:\/\/solcoinco.com\/index.php?rest_route=%2Fwp%2Fv2%2Fproduct_tag&post=2824"}],"curies":[{"name":"wp","href":"https:\/\/api.w.org\/{rel}","templated":true}]}}