{"id":2818,"date":"2025-04-09T09:44:52","date_gmt":"2025-04-09T14:44:52","guid":{"rendered":"https:\/\/solcoinco.com\/?post_type=product&#038;p=2818"},"modified":"2025-07-22T18:00:26","modified_gmt":"2025-07-22T23:00:26","slug":"pfg57-indicador-de-nivel-giratorio","status":"publish","type":"product","link":"https:\/\/solcoinco.com\/?product=pfg57-indicador-de-nivel-giratorio","title":{"rendered":"PFG57-indicador de nivel Camlogic giratorio"},"content":{"rendered":"<div class=\"prod-desc mt-2 mb-1\">\n<p>Indicador de nivel Camlogic de paleta giratoria utilizado para detectar un umbral de nivel, generalmente lleno o vac\u00edo, dentro de un silo o contenedor. De <strong>fabricaci\u00f3n robusta<\/strong>\u00a0gracias a su<strong>\u00a0<\/strong>carcasa de aluminio, sus\u00a0<strong>peque\u00f1as medidas<\/strong>\u00a0lo hacen especialmente adecuado para su montaje en peque\u00f1os dep\u00f3sitos o c\u00e9lulas de carga y\u00a0<strong>para atm\u00f3sferas potencialmente explosivas debido a la presencia de polvo <\/strong>gracias a las \u00faltimas normas ATEX.<\/p>\n<h2><strong>Ventajas<\/strong><\/h2>\n<ul>\n<li><strong>F\u00e1cil instalaci\u00f3n<\/strong>:<strong>\u00a0<\/strong>no requiere calibrado ni herramientas especiales.<\/li>\n<li>Gran\u00a0<strong>versatilidad<\/strong>\u00a0con una excelente relaci\u00f3n calidad\/precio.<\/li>\n<li class=\"eh-list--item\">El\u00a0<strong>m\u00e1ximo nivel de seguridad<\/strong>\u00a0en presencia de polvo potencialmente explosivo.<\/li>\n<li>Sonda <strong>adaptable<\/strong>\u00a0al material que se detecta, gracias a una amplia selecci\u00f3n de h\u00e9lices.<\/li>\n<li class=\"eh-list--item\">La extrema\u00a0<strong>fiabilidad <\/strong>hace que se pueda utilizar junto con\u00a0<strong>sondas de nivel radar, capacitivas, ultras\u00f3nicas<\/strong>\u00a0o continuas, como\u00a0<strong>se\u00f1al de seguridad<\/strong>.<\/li>\n<\/ul>\n<\/div>\n<div class=\"prod-cert-item mb-2\">\n<div class=\"prod-cert-img d-inline-flex\"><img loading=\"lazy\" decoding=\"async\" class=\"\" title=\"Certificato ATEX\" src=\"https:\/\/www.camlogic.it\/uploads\/loghi\/atex.png\" alt=\"Certificato ATEX\" width=\"93\" height=\"93\" \/><img loading=\"lazy\" decoding=\"async\" class=\"\" title=\"Certificato IECEx\" src=\"https:\/\/www.camlogic.it\/uploads\/loghi\/iecex.png\" alt=\"Certificato IECEx\" width=\"92\" height=\"92\" \/><img loading=\"lazy\" decoding=\"async\" class=\"\" title=\"Certificato Eurasian Conformity\" src=\"https:\/\/www.camlogic.it\/uploads\/loghi\/eac.png\" alt=\"Certificato Eurasian Conformity\" width=\"98\" height=\"98\" \/><img loading=\"lazy\" decoding=\"async\" class=\"\" title=\"Certificato UKCA\" src=\"https:\/\/www.camlogic.it\/uploads\/loghi\/ukca.png\" alt=\"Certificato UKCA\" width=\"101\" height=\"101\" \/><\/div>\n<\/div>\n<div class=\"prod-cert-item mb-2\">\n<div class=\"prod-cert-img d-inline-flex\"><img decoding=\"async\" class=\"\" title=\"Materiales Solides\" src=\"https:\/\/www.camlogic.it\/uploads\/icone\/4x\/solidi@4x.png\" alt=\"Materiales Solides\" width=\"60\" \/><\/div>\n<div>\n<hr \/>\n<div class=\"info-wrapper\">\n<h2><strong>Caracter\u00edsticas t\u00e9cnicas<\/strong><\/h2>\n<ul>\n<li>Carcasa y tapa de aluminio fundido a presi\u00f3n<\/li>\n<li>Eje de acero inoxidable AISI 303 \/ EN 1.4305 sobre rodamientos de bolas con sellado herm\u00e9tico y lubricaci\u00f3n permanente, con anillo de sellado de NBR para protecci\u00f3n contra polvo<\/li>\n<li>Amplia gama de h\u00e9lices de poliamida o acero inoxidable AISI 304 \/ EN 1.4301<\/li>\n<li>Conexi\u00f3n al proceso de 1&#8243; 1\/2 Gas (BSPP) y entrada de cable \u00fanica M20x1,5<\/li>\n<li><img loading=\"lazy\" decoding=\"async\" class=\"img-web-ext alignright\" style=\"background-color: #ffffff;\" src=\"https:\/\/www.camlogic.it\/uploads\/outline\/pfg57\/pfg57.svg\" alt=\"\" width=\"111\" height=\"297\" \/>Velocidad de rotaci\u00f3n de 1 revoluci\u00f3n \/ minuto<\/li>\n<li>Temperatura ambiente -20\u00b0 a +70\u00b0C (-4\u00b0 a +158\u00b0F)<\/li>\n<li>Temperatura de proceso -20\u00b0 a +70\u00b0C (-4\u00b0 &#8230; +158\u00b0F)<\/li>\n<li>Presi\u00f3n m\u00e1x. de proceso de 0,8 a 5 bar (11,6 a 72,5 psi)<\/li>\n<li>Grado de protecci\u00f3n IP65 (a prueba de polvo, protegido contra chorros de agua)<\/li>\n<li>Potencia absorbida m\u00e1xima de 4 W<\/li>\n<li>Capacidad de los contactos 5 A a 250 V (CA)<\/li>\n<li>Se\u00f1al de salida: interruptor micro SPDT<\/li>\n<\/ul>\n<p><strong>Si el producto se utiliza en atm\u00f3sferas potencialmente explosivas, se aplicar\u00e1n las siguientes especificaciones:<\/strong><\/p>\n<ul>\n<li>Temperatura ambiente -20\u00b0 a +70\u00b0C (-4\u00b0 a +158\u00b0F)<\/li>\n<li>Temperatura de proceso -20\u00b0 a +70\u00b0C (-4\u00b0 &#8230; +158\u00b0F)<\/li>\n<li>Presi\u00f3n m\u00e1x. de proceso de 0,8 a 1,1 bar (11,6 a 15,9 psi)<\/li>\n<\/ul>\n<\/div>\n<\/div>\n<\/div>\n<div><strong><a class=\"button small default\" href=\"https:\/\/www.camlogic.it\/es\/productos\/detail\/pfg57-f_301?_gl=1%2amr783f%2a_up%2aMQ..%2a_gs%2aMQ..&amp;gclid=CjwKCAjwtdi_BhACEiwA97y8BLUm8QgoTN8zAo8FlA38ENHsRFYg2BCLeq4-9_5EZXlEEJwuY-p7NBoCTAUQAvD_BwE#productDetailConfigurator\" target=\"_blank\" rel=\"noopener noreferrer\">CONFIGURADOR<\/a><\/strong><\/div>\n<div>\n<hr \/>\n<\/div>\n<div class=\"images-wrapper\"><img loading=\"lazy\" decoding=\"async\" class=\"img-web-ext lazy_img alignleft\" src=\"https:\/\/res.cloudinary.com\/zzdinary\/image\/upload\/w_500,c_scale,f_auto\/v1634636719\/camlogic\/prodotti\/interni\/PFG57_interno1.jpg\" width=\"274\" height=\"274\" data-src=\"https:\/\/res.cloudinary.com\/zzdinary\/image\/upload\/w_500,c_scale,f_auto\/v1634636719\/camlogic\/prodotti\/interni\/PFG57_interno1.jpg\" \/><\/div>\n<h2 style=\"padding-left: 80px;\"><strong>\u00a0<span style=\"font-size: 26px; letter-spacing: 0px;\">Caracter\u00edsticas el\u00e9ctricas<\/span><\/strong><\/h2>\n<div style=\"padding-left: 80px;\">\n<div class=\"info-wrapper\" style=\"padding-left: 80px;\">\n<div class=\"prod-desc mt-2 \" style=\"padding-left: 80px;\">\n<p style=\"padding-left: 40px;\">Toda la gama de sondas de nivel PFG57 puede personalizarse, en la parte el\u00e9ctrica, con diferentes tensiones y numerosas opciones:<\/p>\n<ul>\n<li style=\"list-style-type: none;\">\n<ul>\n<li style=\"list-style-type: none;\">\n<ul>\n<li><strong>Fuentes de alimentaci\u00f3n disponibles:\u00a0<\/strong>115\/230V o 24\/48V &#8211; 50 &#8230; 60Hz (CA) y 24V (CC).<\/li>\n<li>Versi\u00f3n est\u00e1ndar con\u00a0<strong>conectores faston<\/strong>.<br \/>\nBajo pedido con\u00a0<strong>terminales de tornillo<\/strong>\u00a0o\u00a0<strong>terminales de resorte autobloqueantes<\/strong>.<\/li>\n<li><strong>4 RPM<\/strong>: aumento de la velocidad de rotaci\u00f3n para reducir el tiempo de intervenci\u00f3n o respuesta.<\/li>\n<li><strong>Baja temperatura:<\/strong>\u00a0permite la operatividad del instrumento hasta -27\u00b0C.<\/li>\n<\/ul>\n<\/li>\n<\/ul>\n<\/li>\n<\/ul>\n<\/div>\n<\/div>\n<\/div>\n<div style=\"padding-left: 80px;\"><\/div>\n<div><\/div>\n<div><\/div>\n<div><\/div>\n<div><\/div>\n<div>\n<hr \/>\n<\/div>\n<div><\/div>\n<div>\n<div class=\"col-12 col-md-7 image_on_left_with_text_layout_inner_text\">\n<div class=\"description_container\">\n<h2 class=\"p-description pb-2\"><strong>Selecci\u00f3n de la h\u00e9lice<\/strong><\/h2>\n<div class=\"p-description pb-2\">\n<p>Fundamental para el correcto funcionamiento del indicador de nivel, es la base a partir de la cual personalizarlo, adapt\u00e1ndolo a cada tipo de uso.Para\u00a0<strong>una elecci\u00f3n \u00f3ptima<\/strong>\u00a0es importante tener en cuenta<strong>\u00a05 puntos<\/strong>:<\/p>\n<ol>\n<li>Cada material tiene una\u00a0<strong>densidad m\u00ednima<\/strong>\u00a0para ser detectado por el instrumento.<\/li>\n<li>El\u00a0<strong>di\u00e1metro m\u00ednimo del orificio de entrada<\/strong>\u00a0por el que puede pasar la h\u00e9lice si no puede instalarse desde el interior.<\/li>\n<li>El\u00a0<strong>di\u00e1metro de entrada<\/strong>\u00a0que ocupa la h\u00e9lice al girar.<\/li>\n<li>En funci\u00f3n de la intensidad de las perturbaciones a las que est\u00e9 expuesta la h\u00e9lice, var\u00eda el <strong>n\u00famero de palas<\/strong>.<\/li>\n<li>Poliamida o acero inoxidable seg\u00fan el tipo de\u00a0<strong>material<\/strong>\u00a0con el que est\u00e9 en contacto.<img loading=\"lazy\" decoding=\"async\" class=\"img-fluid alignright\" style=\"background-color: #ffffff;\" src=\"https:\/\/www.camlogic.it\/uploads\/home\/home_grid_1.png\" alt=\"\" width=\"391\" height=\"214\" aria-hidden=\"true\" \/><\/li>\n<\/ol>\n<\/div>\n<\/div>\n<\/div>\n<\/div>\n<p>&nbsp;<\/p>\n<p>&nbsp;<\/p>\n<p>&nbsp;<\/p>\n<p>&nbsp;<\/p>\n<div>\n<div class=\"col-12 col-md-7 image_on_left_with_text_layout_inner_text\">\n<div class=\"description_container\">\n<div class=\"desktop_btn\"><\/div>\n<\/div>\n<\/div>\n<\/div>","protected":false},"excerpt":{"rendered":"<div class=\"prod-code\">Indicador de nivel rotativo de h\u00e9lice que tambi\u00e9n puede utilizarse en contenedores peque\u00f1os gracias a su <strong>reducido tama\u00f1o<\/strong>, fabricado en aluminio fundido a presi\u00f3n con conexi\u00f3n roscada al proceso<strong>\u00a0G 1\u201d 1\/2 (BSPP)<\/strong>\u00a0o con\u00a0<strong>brida de<\/strong>\u00a0montaje. La elecci\u00f3n de las h\u00e9lices permite la detecci\u00f3n de materiales con densidades comprendidas entre<strong>\u00a00,1<\/strong>\u00a0y\u00a0<strong>2,0 kg\/dm3<\/strong>. El instrumento puede personalizarse con longitudes especiales y accesorios el\u00e9ctricos.<\/div>\n<div><\/div>\n<p><a class=\"button small default\" href=\"http:\/\/solcoinco.com\/productos\/Ficha_Tecnica_FPG57.pdf\" target=\"_blank\" rel=\"noopener noreferrer\">Informaci\u00f3n T\u00e9cnica<\/a> \u00a0<a class=\"button small default\" href=\"http:\/\/solcoinco.com\/productos\/Manual_PFG57.pdf\" target=\"_blank\" rel=\"noopener noreferrer\">Manual\u00a0<\/a> <a class=\"button small default\" href=\"https:\/\/wa.me\/573166199944\" target=\"_blank\" rel=\"noopener noreferrer\">Solicitar Informaci\u00f3n<\/a><\/p>\n","protected":false},"featured_media":2819,"comment_status":"closed","ping_status":"closed","template":"","meta":[],"product_brand":[],"product_cat":[72,86],"product_tag":[],"class_list":{"0":"post-2818","1":"product","2":"type-product","3":"status-publish","4":"has-post-thumbnail","6":"product_cat-nivel","7":"product_cat-interruptores-nivel","9":"first","10":"instock","11":"shipping-taxable","12":"product-type-simple"},"_links":{"self":[{"href":"https:\/\/solcoinco.com\/index.php?rest_route=\/wp\/v2\/product\/2818","targetHints":{"allow":["GET"]}}],"collection":[{"href":"https:\/\/solcoinco.com\/index.php?rest_route=\/wp\/v2\/product"}],"about":[{"href":"https:\/\/solcoinco.com\/index.php?rest_route=\/wp\/v2\/types\/product"}],"replies":[{"embeddable":true,"href":"https:\/\/solcoinco.com\/index.php?rest_route=%2Fwp%2Fv2%2Fcomments&post=2818"}],"wp:featuredmedia":[{"embeddable":true,"href":"https:\/\/solcoinco.com\/index.php?rest_route=\/wp\/v2\/media\/2819"}],"wp:attachment":[{"href":"https:\/\/solcoinco.com\/index.php?rest_route=%2Fwp%2Fv2%2Fmedia&parent=2818"}],"wp:term":[{"taxonomy":"product_brand","embeddable":true,"href":"https:\/\/solcoinco.com\/index.php?rest_route=%2Fwp%2Fv2%2Fproduct_brand&post=2818"},{"taxonomy":"product_cat","embeddable":true,"href":"https:\/\/solcoinco.com\/index.php?rest_route=%2Fwp%2Fv2%2Fproduct_cat&post=2818"},{"taxonomy":"product_tag","embeddable":true,"href":"https:\/\/solcoinco.com\/index.php?rest_route=%2Fwp%2Fv2%2Fproduct_tag&post=2818"}],"curies":[{"name":"wp","href":"https:\/\/api.w.org\/{rel}","templated":true}]}}