{"id":2795,"date":"2025-04-08T08:49:09","date_gmt":"2025-04-08T13:49:09","guid":{"rendered":"https:\/\/solcoinco.com\/?post_type=product&#038;p=2795"},"modified":"2025-07-22T18:03:00","modified_gmt":"2025-07-22T23:03:00","slug":"sensores-de-nivel-capacitivos-pfg06","status":"publish","type":"product","link":"https:\/\/solcoinco.com\/?product=sensores-de-nivel-capacitivos-pfg06","title":{"rendered":"Sensores de nivel Camlogic capacitivos &#8211; PFG06"},"content":{"rendered":"<div class=\"prod-desc mt-2 mb-1\">\n<p>Sensor capacitivo Camlogic sin partes m\u00f3viles, basado en el principio de detecci\u00f3n de la capacidad el\u00e9ctrica de un condensador. El instrumento se suministra con una calibraci\u00f3n est\u00e1ndar, que permite al instrumento percibir el material a una distancia de aproximadamente 10 mm de la sonda; ajustando el trimmer interno es posible aumentar o disminuir la sensibilidad.<\/p>\n<h2><strong>Ventajas<\/strong><\/h2>\n<ul>\n<li><strong>Instalaci\u00f3n sencilla<\/strong>\u00a0instrumento que no requiere herramientas especiales para su montaje.<\/li>\n<li><strong>Vers\u00e1til<\/strong>: puede montarse vertical, horizontal u oblicuamente.<\/li>\n<li><strong>Personalizable<\/strong>\u00a0con diferentes conexiones a proceso y sondas.<\/li>\n<\/ul>\n<\/div>\n<div class=\"prod-cert-item mb-2\">\n<div class=\"prod-cert-img d-inline-flex\"><img loading=\"lazy\" decoding=\"async\" class=\"\" title=\"Certificato ATEX\" src=\"https:\/\/www.camlogic.it\/uploads\/loghi\/atex.png\" alt=\"Certificato ATEX\" width=\"68\" height=\"68\" \/><img loading=\"lazy\" decoding=\"async\" class=\"\" title=\"Certificato Idoneit\u00e0 Alimentare\" src=\"https:\/\/www.camlogic.it\/uploads\/loghi\/moca.png\" alt=\"Certificato Idoneit\u00e0 Alimentare\" width=\"65\" height=\"65\" \/><img loading=\"lazy\" decoding=\"async\" class=\"\" title=\"Certificato UKCA\" src=\"https:\/\/www.camlogic.it\/uploads\/loghi\/ukca.png\" alt=\"Certificato UKCA\" width=\"59\" height=\"59\" \/><\/div>\n<\/div>\n<div class=\"prod-cert-item mb-2\">\n<h2 class=\"prod-cert-img d-inline-flex\"><strong><img loading=\"lazy\" decoding=\"async\" class=\"\" title=\"Materiales Solides\" src=\"https:\/\/www.camlogic.it\/uploads\/icone\/4x\/solidi@4x.png\" alt=\"Materiales Solides\" width=\"44\" height=\"45\" \/> <img loading=\"lazy\" decoding=\"async\" class=\"\" title=\"Materiales Alimentari\" src=\"https:\/\/www.camlogic.it\/uploads\/icone\/4x\/alimentare@4x.png\" alt=\"Materiales Alimentari\" width=\"44\" height=\"45\" \/><\/strong><\/h2>\n<hr \/>\n<div>\n<div class=\"info-wrapper\">\n<div class=\"info-wrapper\">\n<h2><strong>Caracter\u00edsticas t\u00e9cnicas<\/strong><\/h2>\n<ul>\n<li>Carcasa y tapa de poliamida reforzada<\/li>\n<li>Conexi\u00f3n al proceso de 1&#8243; 1\/2 Gas (BSPP) y entrada de cable \u00fanica M20x1,5<\/li>\n<li>Temperatura ambiente -20\u00b0 a +70\u00b0C (-4\u00b0 a +158\u00b0F)<\/li>\n<li>Temperatura de proceso -20\u00b0 a +70\u00b0C (-4\u00b0 &#8230; +158\u00b0F)<img loading=\"lazy\" decoding=\"async\" class=\"img-web-ext alignright\" style=\"background-color: #ffffff;\" src=\"https:\/\/www.camlogic.it\/uploads\/outline\/pfg06\/pfg06.svg\" width=\"88\" height=\"178\" \/><\/li>\n<li>Presi\u00f3n m\u00e1x. de proceso de 0,8 a 1,1 bar (11,6 a 15,9 psi)<\/li>\n<li>Grado de protecci\u00f3n IP65 (a prueba de polvo, protegido contra chorros de agua)<\/li>\n<li>Potencia absorbida m\u00e1xima de 1 W<\/li>\n<li>Capacidad de los contactos 5 A a 250 V (CA)<\/li>\n<li>Se\u00f1al de salida Microinterruptor DPDT<\/li>\n<\/ul>\n<\/div>\n<\/div>\n<\/div>\n<\/div>\n<div class=\"cta-wrapper-left\"><\/div>\n<div><\/div>\n<div><\/div>\n<div><\/div>\n<div><strong><a class=\"button small default\" href=\"https:\/\/www.camlogic.it\/es\/productos\/detail\/pfg06_267#productDetailConfigurator\" target=\"_blank\" rel=\"noopener noreferrer\">CONFIGURADOR<\/a><\/strong><\/div>\n<div><\/div>\n<div><\/div>\n<hr \/>\n<div class=\"images-wrapper\"><img loading=\"lazy\" decoding=\"async\" class=\"img-web-ext lazy_img alignright\" src=\"https:\/\/res.cloudinary.com\/zzdinary\/image\/upload\/w_500,c_scale,f_auto\/v1613119199\/camlogic\/prodotti\/interni\/PFG06_INTERNO_I5A3917.jpg\" width=\"249\" height=\"249\" data-src=\"https:\/\/res.cloudinary.com\/zzdinary\/image\/upload\/w_500,c_scale,f_auto\/v1613119199\/camlogic\/prodotti\/interni\/PFG06_INTERNO_I5A3917.jpg\" \/><\/div>\n<h2><strong><span style=\"font-size: 26px; letter-spacing: 0px;\">Caracter\u00edsticas el\u00e9ctricas<\/span><\/strong><\/h2>\n<div>\n<div class=\"info-wrapper\">\n<div class=\"prod-desc mt-2 \">\n<p>El indicador capacitivo PFG06 est\u00e1 disponible en las siguientes fuentes de alimentaci\u00f3n:<\/p>\n<ul>\n<li>115\/230V &#8211; 50 &#8230; 60Hz (AC)<\/li>\n<li>24\/48V &#8211; 50 &#8230; 60Hz (AC)<\/li>\n<li>24V (DC)<\/li>\n<\/ul>\n<\/div>\n<\/div>\n<\/div>\n<p>&nbsp;<\/p>\n<p>&nbsp;<\/p>\n<p>&nbsp;<\/p>\n<hr \/>\n<p>&nbsp;<\/p>","protected":false},"excerpt":{"rendered":"<p><strong>Indicador de nivel capacitivo <\/strong>basado en el principio de detecci\u00f3n de la capacitancia el\u00e9ctrica de un condensador.\u00a0<strong>Construido en pl\u00e1stico y acero inoxidable<\/strong>, con\u00a0<strong>conexi\u00f3n roscada al proceso G 1\u201d 1\/2<\/strong>\u00a0o con\u00a0<strong>brida<\/strong>\u00a0o con\u00a0<strong>tri-abrazadera<\/strong>. Adecuado para la detecci\u00f3n de piensos y\u00a0<strong>alimentos<\/strong>. El instrumento puede personalizarse con longitudes especiales y accesorios el\u00e9ctricos.<\/p>\n<p><a class=\"button small default\" href=\"http:\/\/solcoinco.com\/productos\/Ficha_Tecnica_FPG-06.pdf\" target=\"_blank\" rel=\"noopener noreferrer\">Informaci\u00f3n T\u00e9cnica<\/a> \u00a0<a class=\"button small default\" href=\"http:\/\/solcoinco.com\/productos\/Manual_FPG-06.pdf\" target=\"_blank\" rel=\"noopener noreferrer\">Manual<\/a><a class=\"button small default\" href=\"https:\/\/wa.me\/573166199944\" target=\"_blank\" rel=\"noopener noreferrer\">Solicitar Informaci\u00f3n<\/a><\/p>\n","protected":false},"featured_media":2796,"comment_status":"closed","ping_status":"closed","template":"","meta":[],"product_brand":[],"product_cat":[72,86],"product_tag":[],"class_list":{"0":"post-2795","1":"product","2":"type-product","3":"status-publish","4":"has-post-thumbnail","6":"product_cat-nivel","7":"product_cat-interruptores-nivel","9":"first","10":"instock","11":"shipping-taxable","12":"product-type-simple"},"_links":{"self":[{"href":"https:\/\/solcoinco.com\/index.php?rest_route=\/wp\/v2\/product\/2795","targetHints":{"allow":["GET"]}}],"collection":[{"href":"https:\/\/solcoinco.com\/index.php?rest_route=\/wp\/v2\/product"}],"about":[{"href":"https:\/\/solcoinco.com\/index.php?rest_route=\/wp\/v2\/types\/product"}],"replies":[{"embeddable":true,"href":"https:\/\/solcoinco.com\/index.php?rest_route=%2Fwp%2Fv2%2Fcomments&post=2795"}],"wp:featuredmedia":[{"embeddable":true,"href":"https:\/\/solcoinco.com\/index.php?rest_route=\/wp\/v2\/media\/2796"}],"wp:attachment":[{"href":"https:\/\/solcoinco.com\/index.php?rest_route=%2Fwp%2Fv2%2Fmedia&parent=2795"}],"wp:term":[{"taxonomy":"product_brand","embeddable":true,"href":"https:\/\/solcoinco.com\/index.php?rest_route=%2Fwp%2Fv2%2Fproduct_brand&post=2795"},{"taxonomy":"product_cat","embeddable":true,"href":"https:\/\/solcoinco.com\/index.php?rest_route=%2Fwp%2Fv2%2Fproduct_cat&post=2795"},{"taxonomy":"product_tag","embeddable":true,"href":"https:\/\/solcoinco.com\/index.php?rest_route=%2Fwp%2Fv2%2Fproduct_tag&post=2795"}],"curies":[{"name":"wp","href":"https:\/\/api.w.org\/{rel}","templated":true}]}}