{"id":2719,"date":"2025-04-04T09:53:43","date_gmt":"2025-04-04T14:53:43","guid":{"rendered":"https:\/\/solcoinco.com\/?post_type=product&#038;p=2719"},"modified":"2025-07-22T18:01:11","modified_gmt":"2025-07-22T23:01:11","slug":"sensores-de-nivel-rotativos-de-paleta","status":"publish","type":"product","link":"https:\/\/solcoinco.com\/?product=sensores-de-nivel-rotativos-de-paleta","title":{"rendered":"Controlador de nivel Camlogic de paleta giratoria PFG05"},"content":{"rendered":"<div class=\"prod-desc mt-2 mb-1\">\n<div class=\"prod-desc mt-2 mb-1\">\n<p>Indicador de nivel Camlogic con paleta rotativa para el control de un umbral de nivel, generalmente lleno o vac\u00edo, para materiales s\u00f3lidos dentro de silos o contenedores. <strong>Fabricaci\u00f3n robusta<\/strong>\u00a0con carcasa de aluminio y\u00a0<strong>fiabilidad garantizada<\/strong>\u00a0con una excelente relaci\u00f3n calidad-precio. Sensor ideal para condiciones de trabajo duras y ritmos continuos,\u00a0<strong>incluso en atm\u00f3sferas potencialmente explosivas<\/strong>, seg\u00fan las \u00faltimas normas ATEX.<\/p>\n<h2><strong>Ventajas<\/strong><\/h2>\n<ul class=\"eh-list-01 eh-generic--list\">\n<li class=\"eh-list--item\"><strong>F\u00e1cil instalaci\u00f3n<\/strong>: no requiere calibrado ni herramientas especiales.<\/li>\n<li class=\"eh-list--item\">El\u00a0<strong>m\u00e1ximo nivel de seguridad<\/strong>\u00a0en presencia de polvo potencialmente explosivo.<\/li>\n<li class=\"eh-list--item\">Sonda\u00a0<strong>adaptable al material<\/strong>\u00a0con una amplia gama de palas de pl\u00e1stico o acero inoxidable.<\/li>\n<li class=\"eh-list--item\"><strong>Personalizaci\u00f3n\u00a0<\/strong>mec\u00e1nica y el\u00e9ctrica del instrumento de medida previa solicitud.<\/li>\n<li class=\"eh-list--item\">La extrema\u00a0<strong>fiabilidad <\/strong>hace que se pueda utilizar junto con\u00a0<strong>sondas de nivel radar, capacitivas, ultras\u00f3nicas<\/strong>\u00a0o continuas, como\u00a0<strong>se\u00f1al de seguridad<\/strong>.<\/li>\n<\/ul>\n<\/div>\n<div class=\"prod-cert-item mb-2\">\n<div class=\"prod-cert-img d-inline-flex\"><img loading=\"lazy\" decoding=\"async\" class=\"\" title=\"Certificato IECEx\" src=\"https:\/\/www.camlogic.it\/uploads\/loghi\/iecex.png\" alt=\"Certificato IECEx\" width=\"75\" height=\"75\" \/><img loading=\"lazy\" decoding=\"async\" class=\"\" title=\"Certificato Eurasian Conformity\" src=\"https:\/\/www.camlogic.it\/uploads\/loghi\/eac.png\" alt=\"Certificato Eurasian Conformity\" width=\"79\" height=\"79\" \/><img loading=\"lazy\" decoding=\"async\" class=\"\" title=\"Certificato UKCA\" src=\"https:\/\/www.camlogic.it\/uploads\/loghi\/ukca.png\" alt=\"Certificato UKCA\" width=\"78\" height=\"78\" \/><img loading=\"lazy\" decoding=\"async\" class=\"\" title=\"Certificato ATEX\" src=\"https:\/\/www.camlogic.it\/uploads\/loghi\/atex.png\" alt=\"Certificato ATEX\" width=\"76\" height=\"76\" \/><\/div>\n<\/div>\n<div class=\"prod-cert-item mb-2\">\n<div class=\"prod-cert-img d-inline-flex\"><img decoding=\"async\" class=\"\" title=\"Materiales Solides\" src=\"https:\/\/www.camlogic.it\/uploads\/icone\/4x\/solidi@4x.png\" alt=\"Materiales Solides\" width=\"60\" \/><\/div>\n<div>\n<hr \/>\n<\/div>\n<\/div>\n<div>\n<div class=\"info-wrapper\">\n<h2><strong>Caracter\u00edsticas t\u00e9cnicas<\/strong><img loading=\"lazy\" decoding=\"async\" class=\"img-web-ext alignright\" style=\"background-color: #ffffff;\" src=\"https:\/\/www.camlogic.it\/uploads\/outline\/pfg05\/pfg05.svg\" width=\"180\" height=\"448\" \/><\/h2>\n<ul>\n<li>Carcasa y tapa de aluminio fundido a presi\u00f3n<\/li>\n<li>Eje de acero inoxidable AISI 303 \/ EN 1.4305 sobre rodamientos de bolas con sellado herm\u00e9tico y lubricaci\u00f3n permanente, con anillo de sellado de NBR para protecci\u00f3n contra polvo<\/li>\n<li>Amplia gama de h\u00e9lices de poliamida o acero inoxidable AISI 304 \/ EN 1.4301<\/li>\n<li>Conexi\u00f3n al proceso de 2&#8243; 1\/2 Gas (BSPP) y doble entrada de cables de M20x1,5<\/li>\n<li>Velocidad de rotaci\u00f3n de 1 revoluci\u00f3n \/ minuto<\/li>\n<li>Temperatura ambiente -20\u00b0 a +70\u00b0C (-4\u00b0 a +158\u00b0F)<\/li>\n<li>Con accesorio para baja temperatura de -40\u00b0C a +70\u00b0C (-40\u00b0F a +158\u00b0F)<\/li>\n<li>Temperatura de proceso -20\u00b0 a +70\u00b0C (-4\u00b0 &#8230; +158\u00b0F)<\/li>\n<li>Presi\u00f3n m\u00e1x. de proceso de 0,8 a 5 bar (11,6 a 72,5 psi)<\/li>\n<li>Grado de protecci\u00f3n IP65 (a prueba de polvo, protegido contra chorros de agua)<\/li>\n<li>Potencia absorbida m\u00e1xima de 4 W<\/li>\n<li>Capacidad de contacto de 10 A a 250 V (CA)<\/li>\n<li>Se\u00f1al de salida: interruptor micro SPDT<\/li>\n<\/ul>\n<p><strong>Si el producto se utiliza en atm\u00f3sferas potencialmente explosivas, se aplicar\u00e1n las siguientes especificaciones:<\/strong><\/p>\n<ul>\n<li>Temperatura ambiente -20\u00b0 a +70\u00b0C (-4\u00b0 a +158\u00b0F)<br \/>\n&#8211; Con accesorio para baja temperatura de -40\u00b0C a +70\u00b0C (-40\u00b0F a +158\u00b0F)<\/li>\n<li>Temperatura de proceso -20\u00b0 a +70\u00b0C (-4\u00b0 &#8230; +158\u00b0F)<\/li>\n<li>Presi\u00f3n m\u00e1x. de proceso de 0,8 a 1,1 bar (11,6 a 15,9 psi)<\/li>\n<\/ul>\n<h2 class=\"cta-wrapper-left\"><strong><span style=\"color: #000000;\"><a class=\"button small default\" style=\"color: #000000;\" href=\"https:\/\/www.camlogic.it\/es\/productos\/detail\/pfg05-f_46?_gl=1%2atidkjj%2a_up%2aMQ..%2a_gs%2aMQ..&amp;gclid=CjwKCAjwtdi_BhACEiwA97y8BLUm8QgoTN8zAo8FlA38ENHsRFYg2BCLeq4-9_5EZXlEEJwuY-p7NBoCTAUQAvD_BwE#productDetailConfigurator\" target=\"_blank\" rel=\"noopener noreferrer\">CONFIGURADOR<\/a><\/span><\/strong><\/h2>\n<hr \/>\n<\/div>\n<div>\n<div class=\"images-wrapper\"><img loading=\"lazy\" decoding=\"async\" class=\"img-web-ext lazy_img alignleft\" src=\"https:\/\/res.cloudinary.com\/zzdinary\/image\/upload\/w_500,c_scale,f_auto\/v1613119099\/camlogic\/prodotti\/interni\/PFG05_INTERNO_G-05_I5A3926.jpg\" width=\"328\" height=\"328\" data-src=\"https:\/\/res.cloudinary.com\/zzdinary\/image\/upload\/w_500,c_scale,f_auto\/v1613119099\/camlogic\/prodotti\/interni\/PFG05_INTERNO_G-05_I5A3926.jpg\" \/><\/div>\n<div class=\"info-wrapper\">\n<div class=\"prod-desc mt-2 \">\n<p>&nbsp;<\/p>\n<h2><strong>Caracter\u00edsticas el\u00e9ctricas<\/strong><\/h2>\n<p>Toda la gama PFG05 de sondas de nivel puede personalizarse el\u00e9ctricamente con diferentes tensiones y numerosas opciones:<\/p>\n<ul>\n<li><strong>Fuentes de alimentaci\u00f3n disponibles:\u00a0<\/strong>115\/230V o 24\/48V &#8211; 50 &#8230; 60Hz (CA) y 24V (CC).<\/li>\n<li>Versi\u00f3n est\u00e1ndar con\u00a0<strong>conectores faston<\/strong>.<br \/>\nBajo pedido con\u00a0<strong>terminales de tornillo<\/strong>\u00a0o\u00a0<strong>terminales de resorte autobloqueantes<\/strong>.<\/li>\n<li><strong>Control de voltaje:<\/strong>\u00a0para verificar de forma remota la correcta alimentaci\u00f3n del indicador.<\/li>\n<li><strong>Doble contacto:<\/strong>\u00a0contacto limpio adicional para el control de los automatismos del sistema.<\/li>\n<li><strong>Control de rotaci\u00f3n:<\/strong>\u00a0para verificar a distancia el correcto funcionamiento del indicador.<\/li>\n<li><strong>4 RPM<\/strong>: aumento de la velocidad de rotaci\u00f3n para reducir el tiempo de intervenci\u00f3n o respuesta.<\/li>\n<li><strong>Baja temperatura:<\/strong>\u00a0permite la operatividad del instrumento hasta -27\u00b0C.<\/li>\n<\/ul>\n<\/div>\n<\/div>\n<\/div>\n<\/div>\n<p>&nbsp;<\/p>\n<\/div>\n<hr \/>\n<h2><strong style=\"font-size: 26px; letter-spacing: 0px;\">Selecci\u00f3n de la h\u00e9lice<\/strong><\/h2>\n<div class=\"col-12 col-md-7 image_on_left_with_text_layout_inner_text\">\n<div class=\"description_container\">\n<div class=\"p-description pb-2\">\n<div class=\"p-description\">\n<p>Fundamental para el correcto funcionamiento del indicador de nivel, es la base a partir de la cual personalizarlo, adapt\u00e1ndolo a cada tipo de uso.Para\u00a0<strong>una elecci\u00f3n \u00f3ptima<\/strong>\u00a0es importante tener en cuenta<strong>\u00a05 puntos<\/strong>:<\/p>\n<ol>\n<li>Cada material tiene una\u00a0<strong>densidad m\u00ednima<\/strong>\u00a0para ser detectado por el instrumento.<\/li>\n<li>El\u00a0<strong>di\u00e1metro m\u00ednimo del orificio de entrada<\/strong>\u00a0por el que puede pasar la h\u00e9lice si no puede instalarse desde el interior.<\/li>\n<li>El\u00a0<strong>di\u00e1metro de entrada<\/strong> que ocupa la h\u00e9lice al girar.<\/li>\n<li>En funci\u00f3n de la intensidad de las perturbaciones a las que est\u00e9 expuesta la h\u00e9lice, var\u00eda el\u00a0<strong>n\u00famero de palas<\/strong>.<\/li>\n<li>Poliamida o acero inoxidable seg\u00fan el tipo de\u00a0<strong>material<\/strong>\u00a0con el que est\u00e9 en contacto.<img loading=\"lazy\" decoding=\"async\" class=\"img-fluid alignright\" style=\"background-color: #ffffff;\" src=\"https:\/\/www.camlogic.it\/uploads\/home\/home_grid_1.png\" alt=\"\" width=\"409\" height=\"225\" aria-hidden=\"true\" \/><\/li>\n<\/ol>\n<\/div>\n<\/div>\n<div class=\"desktop_btn\"><\/div>\n<\/div>\n<\/div>","protected":false},"excerpt":{"rendered":"<p><strong>Controlador de nivel de paleta giratoria\u00a0<\/strong>con cuerpo de aluminio fundido a presi\u00f3n y conexi\u00f3n roscada al proceso<strong>\u00a0G 2\u201d\u00a0<\/strong><strong>1\/2<\/strong>\u00a0o con\u00a0<strong>brida de montaje<\/strong>. La amplia gama de h\u00e9lices permite al controlador de nivel detectar materiales con densidades comprendidas entre\u00a0<strong>0,1 y 2,0 kg\/dm3<\/strong>. El instrumento puede personalizarse con longitudes especiales y accesorios el\u00e9ctricos.<\/p>\n<p><a class=\"button small default\" href=\"http:\/\/solcoinco.com\/productos\/Ficha_Tecnica_1.pdf\" target=\"_blank\" rel=\"noopener noreferrer\">Informaci\u00f3n T\u00e9cnica<\/a> <a class=\"button small default\" href=\"http:\/\/solcoinco.com\/productos\/esquema_de_conexiones.pdf\" target=\"_blank\" rel=\"noopener noreferrer\">Esquema de conexiones <\/a>\u00a0<a class=\"button small default\" href=\"http:\/\/solcoinco.com\/productos\/Manual.pdf\" target=\"_blank\" rel=\"noopener noreferrer\">Manual<\/a> <a class=\"button small default\" href=\"https:\/\/wa.me\/573166199944\" target=\"_blank\" rel=\"noopener noreferrer\">Solicitar Informaci\u00f3n<\/a><\/p>\n","protected":false},"featured_media":2721,"comment_status":"closed","ping_status":"closed","template":"","meta":[],"product_brand":[],"product_cat":[72,86],"product_tag":[],"class_list":{"0":"post-2719","1":"product","2":"type-product","3":"status-publish","4":"has-post-thumbnail","6":"product_cat-nivel","7":"product_cat-interruptores-nivel","9":"first","10":"instock","11":"shipping-taxable","12":"product-type-simple"},"_links":{"self":[{"href":"https:\/\/solcoinco.com\/index.php?rest_route=\/wp\/v2\/product\/2719","targetHints":{"allow":["GET"]}}],"collection":[{"href":"https:\/\/solcoinco.com\/index.php?rest_route=\/wp\/v2\/product"}],"about":[{"href":"https:\/\/solcoinco.com\/index.php?rest_route=\/wp\/v2\/types\/product"}],"replies":[{"embeddable":true,"href":"https:\/\/solcoinco.com\/index.php?rest_route=%2Fwp%2Fv2%2Fcomments&post=2719"}],"wp:featuredmedia":[{"embeddable":true,"href":"https:\/\/solcoinco.com\/index.php?rest_route=\/wp\/v2\/media\/2721"}],"wp:attachment":[{"href":"https:\/\/solcoinco.com\/index.php?rest_route=%2Fwp%2Fv2%2Fmedia&parent=2719"}],"wp:term":[{"taxonomy":"product_brand","embeddable":true,"href":"https:\/\/solcoinco.com\/index.php?rest_route=%2Fwp%2Fv2%2Fproduct_brand&post=2719"},{"taxonomy":"product_cat","embeddable":true,"href":"https:\/\/solcoinco.com\/index.php?rest_route=%2Fwp%2Fv2%2Fproduct_cat&post=2719"},{"taxonomy":"product_tag","embeddable":true,"href":"https:\/\/solcoinco.com\/index.php?rest_route=%2Fwp%2Fv2%2Fproduct_tag&post=2719"}],"curies":[{"name":"wp","href":"https:\/\/api.w.org\/{rel}","templated":true}]}}