{"id":1233,"date":"2021-07-21T09:39:32","date_gmt":"2021-07-21T14:39:32","guid":{"rendered":"http:\/\/solcoinco.com\/?post_type=product&#038;p=1233"},"modified":"2021-07-21T09:39:32","modified_gmt":"2021-07-21T14:39:32","slug":"medidores-de-engranajes-ovalados-de-capacidad-media-serie-om","status":"publish","type":"product","link":"https:\/\/solcoinco.com\/?product=medidores-de-engranajes-ovalados-de-capacidad-media-serie-om","title":{"rendered":"Medidores de engranajes ovalados de capacidad media (serie OM)"},"content":{"rendered":"<p>Los medidores de engranajes ovalados de capacidad media FLOMEC\u00ae OM son excelentes para rangos de flujo medio y tienen la capacidad de manejar una amplia gama de viscosidades de fluidos.<\/p>\n<h4><strong>APLICACIONES<\/strong><\/h4>\n<div>\n<ul>\n<li><span>Aceites<\/span><\/li>\n<li><span>Por lotes<\/span><\/li>\n<li><span>Pinturas a base de aceite<\/span><\/li>\n<li><span>Combustible \u2022 Melaza<\/span><\/li>\n<\/ul>\n<\/div>\n<div>\n<ul>\n<li><span>Fluidos industriales<\/span><\/li>\n<li><span>Diesel<\/span><\/li>\n<li><span>Fluidos limpios<\/span><\/li>\n<li><span>L\u00edneas de alimentaci\u00f3n de productos qu\u00edmicos<\/span><\/li>\n<li><span>Medici\u00f3n de camiones<\/span><\/li>\n<li><span>Aceite combustible Bunker C<\/span><\/li>\n<li><span>Inyecci\u00f3n de aditivos qu\u00edmicos<\/span><\/li>\n<\/ul>\n<\/div>","protected":false},"excerpt":{"rendered":"<h4><span>CARACTER\u00cdSTICAS Y BENEFICIOS<\/span><\/h4>\n<ul>\n<li><span>Alta precisi\u00f3n y repetibilidad, lectura volum\u00e9trica directa.<\/span><\/li>\n<li><span>Mide l\u00edquidos de alta y baja viscosidad<\/span><\/li>\n<li><span>Opci\u00f3n de salida de pulsos en cuadratura y flujo bidireccional<\/span><\/li>\n<li><span>Aprobaci\u00f3n Exd I \/ IIB opcional (ATEX, IECEx)<\/span><\/li>\n<li><span>No se requiere acondicionamiento de flujo (tramos de tuber\u00eda recta)<\/span><\/li>\n<li><span>Solo dos partes m\u00f3viles<\/span><\/li>\n<\/ul>\n<p style=\"text-align: center;\"><a class=\"button small default\" href=\"http:\/\/solcoinco.com\/productos\/om-medium-data-sheet.pdf\" target=\"_blank\" rel=\"noopener noreferrer\">FICHA DE DATOS DEL PRODUCTO<\/a><\/p>\n<p style=\"text-align: center;\"><a class=\"button small default\" href=\"http:\/\/solcoinco.com\/productos\/catalogo_flomec_gpi.pdf\" target=\"_blank\" rel=\"noopener noreferrer\">BROCHURE\u00a0<\/a><\/p>\n","protected":false},"featured_media":1234,"comment_status":"closed","ping_status":"closed","template":"","meta":[],"product_brand":[],"product_cat":[76,103],"product_tag":[],"class_list":{"0":"post-1233","1":"product","2":"type-product","3":"status-publish","4":"has-post-thumbnail","6":"product_cat-caudal","7":"product_cat-medidores-de-engranaje","9":"first","10":"instock","11":"shipping-taxable","12":"product-type-simple"},"_links":{"self":[{"href":"https:\/\/solcoinco.com\/index.php?rest_route=\/wp\/v2\/product\/1233","targetHints":{"allow":["GET"]}}],"collection":[{"href":"https:\/\/solcoinco.com\/index.php?rest_route=\/wp\/v2\/product"}],"about":[{"href":"https:\/\/solcoinco.com\/index.php?rest_route=\/wp\/v2\/types\/product"}],"replies":[{"embeddable":true,"href":"https:\/\/solcoinco.com\/index.php?rest_route=%2Fwp%2Fv2%2Fcomments&post=1233"}],"wp:featuredmedia":[{"embeddable":true,"href":"https:\/\/solcoinco.com\/index.php?rest_route=\/wp\/v2\/media\/1234"}],"wp:attachment":[{"href":"https:\/\/solcoinco.com\/index.php?rest_route=%2Fwp%2Fv2%2Fmedia&parent=1233"}],"wp:term":[{"taxonomy":"product_brand","embeddable":true,"href":"https:\/\/solcoinco.com\/index.php?rest_route=%2Fwp%2Fv2%2Fproduct_brand&post=1233"},{"taxonomy":"product_cat","embeddable":true,"href":"https:\/\/solcoinco.com\/index.php?rest_route=%2Fwp%2Fv2%2Fproduct_cat&post=1233"},{"taxonomy":"product_tag","embeddable":true,"href":"https:\/\/solcoinco.com\/index.php?rest_route=%2Fwp%2Fv2%2Fproduct_tag&post=1233"}],"curies":[{"name":"wp","href":"https:\/\/api.w.org\/{rel}","templated":true}]}}