{"id":1208,"date":"2021-07-19T10:59:38","date_gmt":"2021-07-19T15:59:38","guid":{"rendered":"http:\/\/solcoinco.com\/?post_type=product&#038;p=1208"},"modified":"2021-07-19T17:37:17","modified_gmt":"2021-07-19T22:37:17","slug":"caudalimetro-electronico-serie-02-con-salida-de-pulsos-escalada","status":"publish","type":"product","link":"https:\/\/solcoinco.com\/?product=caudalimetro-electronico-serie-02-con-salida-de-pulsos-escalada","title":{"rendered":"Medidores de flujo tipo turbina  Flomec\/GPI serie 02 con salida de pulsos"},"content":{"rendered":"<p>La serie FLOMEC\u00ae 02 es un medidor de turbina liviano, preciso y confiable.\u00a0Elija la Serie 02 para aplicaciones de fluidos de viscosidad fina.<\/p>\n<ul>\n<li>Disponible en aluminio o nailon<\/li>\n<li>Pr\u00e1cticamente libre de mantenimiento<\/li>\n<li>Pantalla alimentada por dos pilas AAA<\/li>\n<li>Ofrece un pulso por unidad (galones y litros)<\/li>\n<\/ul>\n<h4><strong>APLICACIONES<\/strong><\/h4>\n<div>\n<div>\n<ul>\n<li>Irrigaci\u00f3n<\/li>\n<li>Automatizaci\u00f3n de edificios (enfriadores)<\/li>\n<li>Controlador l\u00f3gico programable (control por lotes)<\/li>\n<li>OEM (conectar al interruptor de flujo &#8211; medidor de bajo costo<\/li>\n<li>Conectar al interruptor de flujo<\/li>\n<\/ul>\n<\/div>\n<div>\n<ul>\n<li>Diesel y fuel oil<\/li>\n<li>Registrador de datos<\/li>\n<li>Comunicaci\u00f3n inal\u00e1mbrica<\/li>\n<li>Numerosas aplicaciones de agua<\/li>\n<li>Controlador de lotes<\/li>\n<\/ul>\n<\/div>\n<\/div>","protected":false},"excerpt":{"rendered":"<h4><strong>CARACTER\u00cdSTICAS Y BENEFICIOS<\/strong><\/h4>\n<ul>\n<li>Medidor completo, que incluye conjunto de turbina, microprocesador y lectura LCD.<\/li>\n<li>Dos totales: Lote (reiniciable para medir el flujo durante un solo uso) y acumulativo (no reiniciable, para proporcionar medici\u00f3n continua).<\/li>\n<li>Opci\u00f3n de monitor remoto para conectarse a un sistema externo (pulso de colector abierto NPN)<\/li>\n<li>El dise\u00f1o ligero y compacto permite una f\u00e1cil instalaci\u00f3n.<\/li>\n<li>Pantalla alimentada por dos pilas alcalinas AAA que son f\u00e1ciles de reemplazar, con el medidor instalado.<\/li>\n<\/ul>\n<p style=\"text-align: center;\"><a class=\"button small default\" href=\"http:\/\/solcoinco.com\/productos\/02-data-sheet.pdf\" target=\"_blank\" rel=\"noopener noreferrer\">FICHA DE DATOS DEL PRODUCTO<\/a><\/p>\n<p style=\"text-align: center;\"><a class=\"button small default\" href=\"http:\/\/solcoinco.com\/productos\/catalogo_flomec_gpi.pdf\" target=\"_blank\" rel=\"noopener noreferrer\">BROCHURE\u00a0<\/a><\/p>\n","protected":false},"featured_media":1209,"comment_status":"closed","ping_status":"closed","template":"","meta":[],"product_brand":[],"product_cat":[76,91],"product_tag":[],"class_list":{"0":"post-1208","1":"product","2":"type-product","3":"status-publish","4":"has-post-thumbnail","6":"product_cat-caudal","7":"product_cat-medidores-transmisores","9":"first","10":"instock","11":"shipping-taxable","12":"product-type-simple"},"_links":{"self":[{"href":"https:\/\/solcoinco.com\/index.php?rest_route=\/wp\/v2\/product\/1208","targetHints":{"allow":["GET"]}}],"collection":[{"href":"https:\/\/solcoinco.com\/index.php?rest_route=\/wp\/v2\/product"}],"about":[{"href":"https:\/\/solcoinco.com\/index.php?rest_route=\/wp\/v2\/types\/product"}],"replies":[{"embeddable":true,"href":"https:\/\/solcoinco.com\/index.php?rest_route=%2Fwp%2Fv2%2Fcomments&post=1208"}],"wp:featuredmedia":[{"embeddable":true,"href":"https:\/\/solcoinco.com\/index.php?rest_route=\/wp\/v2\/media\/1209"}],"wp:attachment":[{"href":"https:\/\/solcoinco.com\/index.php?rest_route=%2Fwp%2Fv2%2Fmedia&parent=1208"}],"wp:term":[{"taxonomy":"product_brand","embeddable":true,"href":"https:\/\/solcoinco.com\/index.php?rest_route=%2Fwp%2Fv2%2Fproduct_brand&post=1208"},{"taxonomy":"product_cat","embeddable":true,"href":"https:\/\/solcoinco.com\/index.php?rest_route=%2Fwp%2Fv2%2Fproduct_cat&post=1208"},{"taxonomy":"product_tag","embeddable":true,"href":"https:\/\/solcoinco.com\/index.php?rest_route=%2Fwp%2Fv2%2Fproduct_tag&post=1208"}],"curies":[{"name":"wp","href":"https:\/\/api.w.org\/{rel}","templated":true}]}}