{"id":1204,"date":"2021-07-19T10:56:26","date_gmt":"2021-07-19T15:56:26","guid":{"rendered":"http:\/\/solcoinco.com\/?post_type=product&#038;p=1204"},"modified":"2021-07-19T17:32:56","modified_gmt":"2021-07-19T22:32:56","slug":"serie-a1-medidores-de-grado-comercial","status":"publish","type":"product","link":"https:\/\/solcoinco.com\/?product=serie-a1-medidores-de-grado-comercial","title":{"rendered":"Medidores de flujo tipo turbina  Flomec\/GPI Serie A1 (medidores de grado comercial)"},"content":{"rendered":"<p style=\"text-align: center;\">Los medidores de la serie FLOMEC\u00ae A1 est\u00e1n dise\u00f1ados como unidades aut\u00f3nomas que funcionan con bater\u00edas.\u00a0Seleccione la Serie A1 cuando necesite un medidor b\u00e1sico y preciso.<\/p>\n<ul>\n<li>Disponible en aluminio o nailon<\/li>\n<li>El modelo de aluminio est\u00e1 disponible en tres tama\u00f1os.<\/li>\n<li>Utilice el modelo de aluminio para productos derivados del petr\u00f3leo<\/li>\n<li>Medidor de nailon para uso en agua o aplicaciones qu\u00edmicas no agresivas.<\/li>\n<\/ul>\n<h4><strong>APLICACIONES<\/strong><\/h4>\n<div>\n<div>\n<ul>\n<li>Transferencia de combustible<\/li>\n<li>Agua de proceso de la planta<\/li>\n<li>Procesamiento por lotes \/ Mezcla<\/li>\n<li>Productos combustibles (modelo de aluminio)<\/li>\n<li>Agua \/ Productos qu\u00edmicos no agresivos (modelo de nailon)<\/li>\n<\/ul>\n<\/div>\n<div>\n<ul>\n<li>Productos qu\u00edmicos agr\u00edcolas<\/li>\n<li>Disolventes \/ Glicol<\/li>\n<li>L\u00edneas de alimentaci\u00f3n de productos qu\u00edmicos<\/li>\n<\/ul>\n<\/div>\n<\/div>","protected":false},"excerpt":{"rendered":"<h4><strong>CARACTER\u00cdSTICAS Y BENEFICIOS<\/strong><\/h4>\n<ul>\n<li>El paquete \u00fanico combina Turbine y LCD en un medidor econ\u00f3mico, compacto y aut\u00f3nomo.<\/li>\n<li>Caracter\u00edsticas de la computadora de pantalla local: 2 totales (1 reiniciable, 1 acumulativo);\u00a0Tasa de flujo y configuraci\u00f3n de usuario.<\/li>\n<li>Capacidades de salida disponibles para comunicarse con equipos de control de procesos.<\/li>\n<li>El dise\u00f1o ligero y compacto permite una f\u00e1cil instalaci\u00f3n.<\/li>\n<li>Duraci\u00f3n de la pila alcalina: 2 a\u00f1os<\/li>\n<li>Calibraci\u00f3n de f\u00e1brica en galones y litros (tambi\u00e9n se puede calibrar en campo con otros fluidos).<\/li>\n<\/ul>\n<p style=\"text-align: center;\"><a class=\"button small default\" href=\"http:\/\/solcoinco.com\/productos\/g2-data-sheet-approved.pdf\" target=\"_blank\" rel=\"noopener noreferrer\">FICHA DE DATOS DEL PRODUCTO<\/a><\/p>\n<p style=\"text-align: center;\"><a class=\"button small default\" href=\"http:\/\/solcoinco.com\/productos\/catalogo_flomec_gpi.pdf\" target=\"_blank\" rel=\"noopener noreferrer\">BROCHURE\u00a0<\/a><\/p>\n","protected":false},"featured_media":1206,"comment_status":"closed","ping_status":"closed","template":"","meta":[],"product_brand":[],"product_cat":[76,91],"product_tag":[],"class_list":{"0":"post-1204","1":"product","2":"type-product","3":"status-publish","4":"has-post-thumbnail","6":"product_cat-caudal","7":"product_cat-medidores-transmisores","9":"first","10":"instock","11":"shipping-taxable","12":"product-type-simple"},"_links":{"self":[{"href":"https:\/\/solcoinco.com\/index.php?rest_route=\/wp\/v2\/product\/1204","targetHints":{"allow":["GET"]}}],"collection":[{"href":"https:\/\/solcoinco.com\/index.php?rest_route=\/wp\/v2\/product"}],"about":[{"href":"https:\/\/solcoinco.com\/index.php?rest_route=\/wp\/v2\/types\/product"}],"replies":[{"embeddable":true,"href":"https:\/\/solcoinco.com\/index.php?rest_route=%2Fwp%2Fv2%2Fcomments&post=1204"}],"wp:featuredmedia":[{"embeddable":true,"href":"https:\/\/solcoinco.com\/index.php?rest_route=\/wp\/v2\/media\/1206"}],"wp:attachment":[{"href":"https:\/\/solcoinco.com\/index.php?rest_route=%2Fwp%2Fv2%2Fmedia&parent=1204"}],"wp:term":[{"taxonomy":"product_brand","embeddable":true,"href":"https:\/\/solcoinco.com\/index.php?rest_route=%2Fwp%2Fv2%2Fproduct_brand&post=1204"},{"taxonomy":"product_cat","embeddable":true,"href":"https:\/\/solcoinco.com\/index.php?rest_route=%2Fwp%2Fv2%2Fproduct_cat&post=1204"},{"taxonomy":"product_tag","embeddable":true,"href":"https:\/\/solcoinco.com\/index.php?rest_route=%2Fwp%2Fv2%2Fproduct_tag&post=1204"}],"curies":[{"name":"wp","href":"https:\/\/api.w.org\/{rel}","templated":true}]}}