{"id":1201,"date":"2021-07-19T10:52:30","date_gmt":"2021-07-19T15:52:30","guid":{"rendered":"http:\/\/solcoinco.com\/?post_type=product&#038;p=1201"},"modified":"2021-07-19T17:30:06","modified_gmt":"2021-07-19T22:30:06","slug":"caudalimetros-de-turbina-de-impulsos-turbo-fiables","status":"publish","type":"product","link":"https:\/\/solcoinco.com\/?product=caudalimetros-de-turbina-de-impulsos-turbo-fiables","title":{"rendered":"Medidores de flujo tipo turbina para baja viscosidad Flomec\/GPI"},"content":{"rendered":"<p>Los caudal\u00edmetros de la serie FLOMEC\u00ae TP miden flujos de l\u00edquidos de baja viscosidad de 0,5 a 1200 galones \/ min (1,8 a 4500 litros \/ min) en un rango de tama\u00f1os de \u00bd \u201da 4\u201d (15 a 100 mm).\u00a0La orientaci\u00f3n de la instalaci\u00f3n es horizontal o vertical, y est\u00e1n disponibles con certificaciones para \u00e1reas peligrosas ATEX e IECEx e intr\u00ednsecamente seguras (IS).<\/p>\n<h4><strong>APLICACIONES<\/strong><\/h4>\n<div>\n<div>\n<ul>\n<li>Combustible<\/li>\n<li>Alcoholes<\/li>\n<li>Disolventes<\/li>\n<li>Insecticidas<\/li>\n<\/ul>\n<\/div>\n<div>\n<ul>\n<li>Agua<\/li>\n<li>Aceites Hidr\u00e1ulicos Ligeros<\/li>\n<\/ul>\n<\/div>\n<\/div>","protected":false},"excerpt":{"rendered":"<h4><strong>CARACTER\u00cdSTICAS Y BENEFICIOS<\/strong><\/h4>\n<ul>\n<li>Alta precisi\u00f3n y repetibilidad, caudal\u00edmetro de lectura directa<\/li>\n<li>Amplio rango de flujo<\/li>\n<li>Dise\u00f1o robusto y compacto<\/li>\n<li>Versiones para \u00e1reas peligrosas IS disponibles<\/li>\n<li>Opci\u00f3n integral 4-20mA<\/li>\n<\/ul>\n<p style=\"text-align: center;\"><a class=\"button small default\" href=\"http:\/\/solcoinco.com\/productos\/tp-data-sheet.pdf\" target=\"_blank\" rel=\"noopener noreferrer\">FICHA DE DATOS DEL PRODUCTO<\/a><\/p>\n<p style=\"text-align: center;\"><a class=\"button small default\" href=\"http:\/\/solcoinco.com\/productos\/catalogo_flomec_gpi.pdf\" target=\"_blank\" rel=\"noopener noreferrer\">BROCHURE\u00a0<\/a><\/p>\n","protected":false},"featured_media":1202,"comment_status":"closed","ping_status":"closed","template":"","meta":[],"product_brand":[],"product_cat":[76,91],"product_tag":[],"class_list":{"0":"post-1201","1":"product","2":"type-product","3":"status-publish","4":"has-post-thumbnail","6":"product_cat-caudal","7":"product_cat-medidores-transmisores","9":"first","10":"instock","11":"shipping-taxable","12":"product-type-simple"},"_links":{"self":[{"href":"https:\/\/solcoinco.com\/index.php?rest_route=\/wp\/v2\/product\/1201","targetHints":{"allow":["GET"]}}],"collection":[{"href":"https:\/\/solcoinco.com\/index.php?rest_route=\/wp\/v2\/product"}],"about":[{"href":"https:\/\/solcoinco.com\/index.php?rest_route=\/wp\/v2\/types\/product"}],"replies":[{"embeddable":true,"href":"https:\/\/solcoinco.com\/index.php?rest_route=%2Fwp%2Fv2%2Fcomments&post=1201"}],"wp:featuredmedia":[{"embeddable":true,"href":"https:\/\/solcoinco.com\/index.php?rest_route=\/wp\/v2\/media\/1202"}],"wp:attachment":[{"href":"https:\/\/solcoinco.com\/index.php?rest_route=%2Fwp%2Fv2%2Fmedia&parent=1201"}],"wp:term":[{"taxonomy":"product_brand","embeddable":true,"href":"https:\/\/solcoinco.com\/index.php?rest_route=%2Fwp%2Fv2%2Fproduct_brand&post=1201"},{"taxonomy":"product_cat","embeddable":true,"href":"https:\/\/solcoinco.com\/index.php?rest_route=%2Fwp%2Fv2%2Fproduct_cat&post=1201"},{"taxonomy":"product_tag","embeddable":true,"href":"https:\/\/solcoinco.com\/index.php?rest_route=%2Fwp%2Fv2%2Fproduct_tag&post=1201"}],"curies":[{"name":"wp","href":"https:\/\/api.w.org\/{rel}","templated":true}]}}