{"id":1114,"date":"2021-02-12T16:32:13","date_gmt":"2021-02-12T21:32:13","guid":{"rendered":"http:\/\/solcoinco.com\/?post_type=product&#038;p=1114"},"modified":"2021-02-12T18:04:40","modified_gmt":"2021-02-12T23:04:40","slug":"controlador-pid-32x74-mm-atr144-abc","status":"publish","type":"product","link":"https:\/\/solcoinco.com\/?product=controlador-pid-32x74-mm-atr144-abc","title":{"rendered":"Controlador PID 32&#215;74 mm ATR144"},"content":{"rendered":"<p>El controlador ATR144 es la nueva versi\u00f3n Blue Line en formato 32&#215;74 que completa los nuevos est\u00e1ndares de la l\u00ednea ATR introducidos con ATR244. Se diferencia por su pantalla de alto rendimiento que garantiza una excelente legibilidad y aumenta las informaciones disponibles para el operador, as\u00ed como una funci\u00f3n muy \u00fatil de ayuda de desplazamiento.<\/p>\n<h3>C\u00f3digos<\/h3>\n<div class=\"tabella_caratteristiche\">\n<div class=\"tabella_riga\">\n<div class=\"tabella_sx\"><strong>ATR144-ABC<\/strong><\/div>\n<div class=\"tabella_dx ama\">1 entrada anal\u00f3gica + 2 rel\u00e9s 5 A + 1 D.I \/ O &#8211; Alimentaci\u00f3n 24.230 V AC \/ DC<\/div>\n<div class=\"link_amazon\"><strong>ATR144-ABC-T<\/strong><\/div>\n<\/div>\n<div class=\"tabella_riga\">\n<div class=\"tabella_dx\">1 entrada anal\u00f3gica + 1 rel\u00e9 5 A + 1 D.I \/ O + RS485 &#8211; Alimentaci\u00f3n 24.230 V AC \/ DCAC\/DC<\/div>\n<\/div>\n<\/div>\n<h3>Caracter\u00edsticas generales<\/h3>\n<div class=\"tabella_caratteristiche\">\n<div class=\"tabella_riga\">\n<div class=\"tabella_sx\">Contenedor<\/div>\n<div class=\"tabella_dx\">32 x 74 (frontal) x 53 mm<\/div>\n<\/div>\n<div class=\"tabella_riga\">\n<div class=\"tabella_sx\">Alimentaci\u00f3n<\/div>\n<div class=\"tabella_dx\">24..230 V CA \/ CC \u00b1 15% 50\/60 Hz &#8211; aislamiento galv\u00e1nico 2.5KV<\/div>\n<\/div>\n<div class=\"tabella_riga\">\n<div class=\"tabella_sx\">Consumo<\/div>\n<div class=\"tabella_dx\">5 VA<\/div>\n<\/div>\n<div class=\"tabella_riga\">\n<div class=\"tabella_dx\">Display blanco 4 cifras 0.38 \u00ab+ rojo 5 cifras 0.28\u00bb<\/div>\n<\/div>\n<div class=\"tabella_riga\">\n<div class=\"tabella_sx\">Condiciones ambientales<\/div>\n<div class=\"tabella_dx\">Temperatura 0-45 \u00b0 C, humedad 35..95% HR<\/div>\n<\/div>\n<div class=\"tabella_riga\">\n<div class=\"tabella_sx\">Material<\/div>\n<div class=\"tabella_dx\">Contenedor: PC UL94V2 autoextinguible. Frontal: PC UL94V2UL94V2<\/div>\n<\/div>\n<div class=\"tabella_riga\">\n<div class=\"tabella_sx\">Peso<\/div>\n<div class=\"tabella_dx\">Alrededor de 120 g<\/div>\n<\/div>\n<div class=\"tabella_riga\">\n<div class=\"tabella_sx\">Protecci\u00f3n<\/div>\n<div class=\"tabella_dx\">Frontal: IP65 (con junta). Contenedor y borneras: IP20<\/div>\n<\/div>\n<div class=\"tabella_riga\">\n<div class=\"tabella_sx\">Configuraci\u00f3n r\u00e1pida<\/div>\n<div class=\"tabella_dx\">Memory card, software LABSOFTVIEW, c\u00f3digos EASY-UP<\/div>\n<\/div>\n<div class=\"tabella_riga\">\n<div class=\"tabella_sx\">APP \/ NFC<\/div>\n<div class=\"tabella_dx\">Programaci\u00f3n a trav\u00e9s de APP (NFC) para dispositivos Android<\/div>\n<\/div>\n<\/div>\n<h3>Entradas<\/h3>\n<div class=\"tabella_caratteristiche\">\n<div class=\"tabella_riga\">\n<div class=\"tabella_sx\">1 anal\u00f3gica configurable<\/div>\n<div class=\"tabella_dx\">Res. 16 bits, selecci\u00f3n entre termopares K, S, R, J, T, N, B (compensaci\u00f3n autom\u00e1tica de uni\u00f3n fr\u00eda -25..85 \u00b0 C, \u00b1 0.2% FS \u00b1 1 d\u00edgito FS), termorresistencia PT100, PT500, PT1000 , Ni100, PTC1K, NTC10K (\u03b2 3435K), se\u00f1ales de proceso 0..10 V (50000 puntos), 0 \/ 4..20mA (40000 puntos), 0..60 mV (25000 puntos), potenci\u00f3metro 1..150 K\u03a9 (50000 puntos)<\/div>\n<\/div>\n<div class=\"tabella_riga\">\n<div class=\"tabella_sx\">Tiempo de adquisici\u00f3n<\/div>\n<div class=\"tabella_dx\">Programable hasta 2.1 ms (frecuencia hasta 470 Hz)<\/div>\n<\/div>\n<div class=\"tabella_riga\">\n<div class=\"tabella_sx\">1\/2 Digital<\/div>\n<div class=\"tabella_dx\">Cambio setpoint, Hold, Run, activaci\u00f3n del tuning, Start \/ Stop, bloqueo de configuraci\u00f3n<\/div>\n<\/div>\n<\/div>\n<h3>Salidas<\/h3>\n<div class=\"tabella_caratteristiche\">\n<div class=\"tabella_riga\">\n<div class=\"tabella_sx\">1\/2 Rel\u00e8<\/div>\n<div class=\"tabella_dx\">5 A &#8211; 250 V AC carga resistiva<\/div>\n<\/div>\n<div class=\"tabella_riga\">\n<div class=\"tabella_sx\">1 SSR<\/div>\n<div class=\"tabella_dx\">12 V DC &#8211; 25 mA m\u00e1x<\/div>\n<\/div>\n<div class=\"tabella_riga\">\n<div class=\"tabella_sx\">Comunicaci\u00f3n serial<\/div>\n<div class=\"tabella_dx\">Comunicaci\u00f3n serial RS485 Modbus RTU &#8211; Esclavo (4800..115200 baud) C\u00f3digo \u00ab-T\u00bb<\/div>\n<\/div>\n<\/div>\n<h3>Caracter\u00edsticas software<\/h3>\n<div class=\"tabella_caratteristiche\">\n<div class=\"tabella_riga\">\n<div class=\"tabella_sx\">Algoritmos de ajuste<\/div>\n<div class=\"tabella_dx\">ON &#8211; OFF con hist\u00e9resis, P., P.I., P.I.D., P.D. tiempo proporcional<\/div>\n<\/div>\n<div class=\"tabella_riga\">\n<div class=\"tabella_sx\">Tuning<\/div>\n<div class=\"tabella_dx\">Manuale o automatico<\/div>\n<\/div>\n<div class=\"tabella_riga\">\n<div class=\"tabella_sx\">Protecciones<\/div>\n<div class=\"tabella_dx\">Setpoint de comando \/ alarma: password para acceder a los par\u00e1metros<\/div>\n<\/div>\n<div class=\"tabella_riga\">\n<div class=\"tabella_sx\">Modalidad de alarma<\/div>\n<div class=\"tabella_dx\">Absoluta \/ umbral, banda, desviaci\u00f3n superior e inferior. Alarmas con retenci\u00f3n y retraso de activaci\u00f3n. Funci\u00f3n Loop Break Alarm.<\/div>\n<\/div>\n<div class=\"tabella_riga\">\n<div class=\"tabella_sx\">Doble acci\u00f3n<\/div>\n<div class=\"tabella_dx\">Funcionamiento combinado calor-fr\u00edo con doble P.I.D<\/div>\n<\/div>\n<div class=\"tabella_riga\">\n<div class=\"tabella_sx\">Soft-Start<\/div>\n<div class=\"tabella_dx\">Configuraci\u00f3n del gradiente de subida en Grados \/ Hora o por porcentajes salida fija<\/div>\n<\/div>\n<div class=\"tabella_riga\">\n<div class=\"tabella_sx\">L\u00f3gica Abre\/Cierra<\/div>\n<div class=\"tabella_dx\">Comando v\u00e1lvulas motorizadas<\/div>\n<\/div>\n<\/div>","protected":false},"excerpt":{"rendered":"<p>Programaci\u00f3n con tecnolog\u00eda NFC \/ RFID, Funciones de regulaci\u00f3n y alarma, entrada programable para diferentes sensores, fuente de alimentaci\u00f3n multivoltaje, entrada digital, comunicaci\u00f3n en serie.<\/p>\n<p>Se ha introducido el modo de\u00a0<strong>programaci\u00f3n con tecnolog\u00eda NFC \/ RFID<\/strong>\u00a0por medio de\u00a0<strong>AppMyPixsys<\/strong> (ya disponible en la l\u00ednea de convertidores, indicadores STR y m\u00f3dulos MCM260X)<\/p>\n<p><a class=\"button small default\" href=\"http:\/\/solcoinco.com\/productos\/Manual_ATR144.pdf\" target=\"_blank\" rel=\"noopener noreferrer\">Informaci\u00f3n T\u00e9cnica<\/a><\/p>\n<p><img loading=\"lazy\" decoding=\"async\" class=\"alignleft\" src=\"https:\/\/www.optris.es\/tl_files\/bilder\/products\/kompaktserie\/cs-micro\/google-play-badge-ES.png\" alt=\"\" width=\"122\" height=\"47\" \/><img loading=\"lazy\" decoding=\"async\" class=\"aligncenter wp-image-1122\" src=\"http:\/\/solcoinco.com\/wp-content\/uploads\/2021\/02\/Disponible_App_Store-1-300x157.png\" alt=\"\" width=\"106\" height=\"56\" srcset=\"https:\/\/solcoinco.com\/wp-content\/uploads\/2021\/02\/Disponible_App_Store-1-300x159.png 300w, https:\/\/solcoinco.com\/wp-content\/uploads\/2021\/02\/Disponible_App_Store-1.png 304w\" sizes=\"auto, (max-width: 106px) 100vw, 106px\" \/><\/p>\n<p>.<\/p>\n<p>&nbsp;<\/p>\n<p>&nbsp;<\/p>\n","protected":false},"featured_media":1116,"comment_status":"closed","ping_status":"closed","template":"","meta":[],"product_brand":[],"product_cat":[63,83],"product_tag":[],"class_list":{"0":"post-1114","1":"product","2":"type-product","3":"status-publish","4":"has-post-thumbnail","6":"product_cat-temperatura","7":"product_cat-controles-on-off-y-pid-temperatura","9":"first","10":"instock","11":"shipping-taxable","12":"product-type-simple"},"_links":{"self":[{"href":"https:\/\/solcoinco.com\/index.php?rest_route=\/wp\/v2\/product\/1114","targetHints":{"allow":["GET"]}}],"collection":[{"href":"https:\/\/solcoinco.com\/index.php?rest_route=\/wp\/v2\/product"}],"about":[{"href":"https:\/\/solcoinco.com\/index.php?rest_route=\/wp\/v2\/types\/product"}],"replies":[{"embeddable":true,"href":"https:\/\/solcoinco.com\/index.php?rest_route=%2Fwp%2Fv2%2Fcomments&post=1114"}],"wp:featuredmedia":[{"embeddable":true,"href":"https:\/\/solcoinco.com\/index.php?rest_route=\/wp\/v2\/media\/1116"}],"wp:attachment":[{"href":"https:\/\/solcoinco.com\/index.php?rest_route=%2Fwp%2Fv2%2Fmedia&parent=1114"}],"wp:term":[{"taxonomy":"product_brand","embeddable":true,"href":"https:\/\/solcoinco.com\/index.php?rest_route=%2Fwp%2Fv2%2Fproduct_brand&post=1114"},{"taxonomy":"product_cat","embeddable":true,"href":"https:\/\/solcoinco.com\/index.php?rest_route=%2Fwp%2Fv2%2Fproduct_cat&post=1114"},{"taxonomy":"product_tag","embeddable":true,"href":"https:\/\/solcoinco.com\/index.php?rest_route=%2Fwp%2Fv2%2Fproduct_tag&post=1114"}],"curies":[{"name":"wp","href":"https:\/\/api.w.org\/{rel}","templated":true}]}}