{"id":1088,"date":"2021-02-05T09:44:01","date_gmt":"2021-02-05T14:44:01","guid":{"rendered":"http:\/\/solcoinco.com\/?post_type=product&#038;p=1088"},"modified":"2022-04-30T08:47:05","modified_gmt":"2022-04-30T13:47:05","slug":"sensores-de-temperatura","status":"publish","type":"product","link":"https:\/\/solcoinco.com\/?product=sensores-de-temperatura","title":{"rendered":"Sensores de temperatura"},"content":{"rendered":"<p><strong>Termopares: <\/strong>El uso de los termopares se emplea a menudo para elevadas temperaturas, entornos extremos o aplicaciones que necesitan sensores de tama\u00f1o reducido. SOLCOINCO ofrece una gran variedad de opciones que incluyen termopares de cable y vaina para aplicaciones generales con capacidad para operar hasta a 420\u00b0C, aisladas en mineral MgO, termopares de metales nobles y metales b\u00e1sicos con capacidad para operar hasta 1260\u00b0 C y termopares de alta temperatura que operan hasta 1700\u00b0C.<\/p>\n<p><a href=\"http:\/\/solcoinco.com\/wp-content\/uploads\/2021\/02\/PT100-2-hilos-lisa.jpeg\"><img loading=\"lazy\" decoding=\"async\" class=\"alignnone size-thumbnail wp-image-1140\" src=\"http:\/\/solcoinco.com\/wp-content\/uploads\/2021\/02\/PT100-2-hilos-lisa-150x150.jpeg\" alt=\"\" width=\"150\" height=\"150\" srcset=\"https:\/\/solcoinco.com\/wp-content\/uploads\/2021\/02\/PT100-2-hilos-lisa-150x150.jpeg 150w, https:\/\/solcoinco.com\/wp-content\/uploads\/2021\/02\/PT100-2-hilos-lisa-300x300.jpeg 300w, https:\/\/solcoinco.com\/wp-content\/uploads\/2021\/02\/PT100-2-hilos-lisa-100x100.jpeg 100w\" sizes=\"auto, (max-width: 150px) 100vw, 150px\" \/><\/a><a href=\"http:\/\/solcoinco.com\/wp-content\/uploads\/2021\/02\/Termopar-MIC-J-800\u00b0C_.jpeg\"> <img loading=\"lazy\" decoding=\"async\" class=\"alignnone size-thumbnail wp-image-1141\" src=\"http:\/\/solcoinco.com\/wp-content\/uploads\/2021\/02\/Termopar-MIC-J-800\u00b0C_-150x150.jpeg\" alt=\"\" width=\"150\" height=\"150\" srcset=\"https:\/\/solcoinco.com\/wp-content\/uploads\/2021\/02\/Termopar-MIC-J-800\u00b0C_-150x150.jpeg 150w, https:\/\/solcoinco.com\/wp-content\/uploads\/2021\/02\/Termopar-MIC-J-800\u00b0C_-300x300.jpeg 300w, https:\/\/solcoinco.com\/wp-content\/uploads\/2021\/02\/Termopar-MIC-J-800\u00b0C_-100x100.jpeg 100w\" sizes=\"auto, (max-width: 150px) 100vw, 150px\" \/><\/a><a href=\"http:\/\/solcoinco.com\/wp-content\/uploads\/2021\/02\/Termopar-MgO-1000\u00b0C-e1613601460586.jpeg\"> <img loading=\"lazy\" decoding=\"async\" class=\"alignnone size-thumbnail wp-image-1124\" src=\"http:\/\/solcoinco.com\/wp-content\/uploads\/2021\/02\/Termopar-MgO-1000\u00b0C-e1613601460586-150x150.jpeg\" alt=\"\" width=\"150\" height=\"150\" srcset=\"https:\/\/solcoinco.com\/wp-content\/uploads\/2021\/02\/Termopar-MgO-1000\u00b0C-e1613601460586-150x150.jpeg 150w, https:\/\/solcoinco.com\/wp-content\/uploads\/2021\/02\/Termopar-MgO-1000\u00b0C-e1613601460586-300x300.jpeg 300w, https:\/\/solcoinco.com\/wp-content\/uploads\/2021\/02\/Termopar-MgO-1000\u00b0C-e1613601460586-100x100.jpeg 100w\" sizes=\"auto, (max-width: 150px) 100vw, 150px\" \/> <\/a><a href=\"http:\/\/solcoinco.com\/wp-content\/uploads\/2021\/02\/Termopar-cabezote-cierre-r\u00e1pido-SS316-rotated.jpeg\"><img loading=\"lazy\" decoding=\"async\" class=\"alignnone wp-image-1143 size-medium\" src=\"http:\/\/solcoinco.com\/wp-content\/uploads\/2021\/02\/Termopar-cabezote-cierre-r\u00e1pido-SS316-300x108.jpeg\" alt=\"\" width=\"300\" height=\"108\" srcset=\"https:\/\/solcoinco.com\/wp-content\/uploads\/2021\/02\/Termopar-cabezote-cierre-r\u00e1pido-SS316-300x108.jpeg 300w, https:\/\/solcoinco.com\/wp-content\/uploads\/2021\/02\/Termopar-cabezote-cierre-r\u00e1pido-SS316-768x278.jpeg 768w, https:\/\/solcoinco.com\/wp-content\/uploads\/2021\/02\/Termopar-cabezote-cierre-r\u00e1pido-SS316-600x217.jpeg 600w, https:\/\/solcoinco.com\/wp-content\/uploads\/2021\/02\/Termopar-cabezote-cierre-r\u00e1pido-SS316-rotated.jpeg 1024w\" sizes=\"auto, (max-width: 300px) 100vw, 300px\" \/><\/a><a href=\"http:\/\/solcoinco.com\/wp-content\/uploads\/2021\/02\/Termopar.jpeg\"><img loading=\"lazy\" decoding=\"async\" class=\"alignnone wp-image-1123 size-medium\" src=\"http:\/\/solcoinco.com\/wp-content\/uploads\/2021\/02\/Termopar-300x90.jpeg\" alt=\"\" width=\"300\" height=\"90\" srcset=\"https:\/\/solcoinco.com\/wp-content\/uploads\/2021\/02\/Termopar-300x90.jpeg 300w, https:\/\/solcoinco.com\/wp-content\/uploads\/2021\/02\/Termopar-768x231.jpeg 768w, https:\/\/solcoinco.com\/wp-content\/uploads\/2021\/02\/Termopar-600x180.jpeg 600w, https:\/\/solcoinco.com\/wp-content\/uploads\/2021\/02\/Termopar.jpeg 1024w\" sizes=\"auto, (max-width: 300px) 100vw, 300px\" \/><\/a><a href=\"http:\/\/solcoinco.com\/wp-content\/uploads\/2021\/02\/Termopar-especial-alta-presi\u00f3n_.jpeg\"> <img loading=\"lazy\" decoding=\"async\" class=\"alignnone wp-image-1127 size-medium\" src=\"http:\/\/solcoinco.com\/wp-content\/uploads\/2021\/02\/Termopar-especial-alta-presi\u00f3n_-300x225.jpeg\" alt=\"\" width=\"300\" height=\"225\" srcset=\"https:\/\/solcoinco.com\/wp-content\/uploads\/2021\/02\/Termopar-especial-alta-presi\u00f3n_-300x225.jpeg 300w, https:\/\/solcoinco.com\/wp-content\/uploads\/2021\/02\/Termopar-especial-alta-presi\u00f3n_-768x576.jpeg 768w, https:\/\/solcoinco.com\/wp-content\/uploads\/2021\/02\/Termopar-especial-alta-presi\u00f3n_-600x450.jpeg 600w, https:\/\/solcoinco.com\/wp-content\/uploads\/2021\/02\/Termopar-especial-alta-presi\u00f3n_.jpeg 1024w\" sizes=\"auto, (max-width: 300px) 100vw, 300px\" \/><\/a><\/p>\n<p><strong>RTD: <\/strong>Los sensores de temperatura RTD son adecuadas para aplicaciones en las que son esenciales la precisi\u00f3n y la estabilidad para mantener un control adecuado en aplicaciones por debajo de los 650\u00b0C. Los termistores son mejores para aplicaciones en las que se desea una r\u00e1pida respuesta temporal y un alto cambio en la resistencia en un rango limitado de temperatura.<\/p>\n<p><a href=\"http:\/\/solcoinco.com\/wp-content\/uploads\/2021\/02\/20180829_152312-1-scaled.jpg\"><img loading=\"lazy\" decoding=\"async\" class=\"size-medium wp-image-1091 alignleft\" src=\"http:\/\/solcoinco.com\/wp-content\/uploads\/2021\/02\/20180829_152312-1-300x62.jpg\" alt=\"\" width=\"300\" height=\"62\" srcset=\"https:\/\/solcoinco.com\/wp-content\/uploads\/2021\/02\/20180829_152312-1-300x62.jpg 300w, https:\/\/solcoinco.com\/wp-content\/uploads\/2021\/02\/20180829_152312-1-1024x210.jpg 1024w, https:\/\/solcoinco.com\/wp-content\/uploads\/2021\/02\/20180829_152312-1-768x158.jpg 768w, https:\/\/solcoinco.com\/wp-content\/uploads\/2021\/02\/20180829_152312-1-1536x315.jpg 1536w, https:\/\/solcoinco.com\/wp-content\/uploads\/2021\/02\/20180829_152312-1-2048x421.jpg 2048w, https:\/\/solcoinco.com\/wp-content\/uploads\/2021\/02\/20180829_152312-1-600x123.jpg 600w\" sizes=\"auto, (max-width: 300px) 100vw, 300px\" \/><\/a><a href=\"http:\/\/solcoinco.com\/wp-content\/uploads\/2021\/02\/IMG_20200327_081231-scaled.jpg\"><img loading=\"lazy\" decoding=\"async\" class=\"alignnone size-thumbnail wp-image-1098\" src=\"http:\/\/solcoinco.com\/wp-content\/uploads\/2021\/02\/IMG_20200327_081231-150x150.jpg\" alt=\"\" width=\"150\" height=\"150\" srcset=\"https:\/\/solcoinco.com\/wp-content\/uploads\/2021\/02\/IMG_20200327_081231-150x150.jpg 150w, https:\/\/solcoinco.com\/wp-content\/uploads\/2021\/02\/IMG_20200327_081231-300x300.jpg 300w, https:\/\/solcoinco.com\/wp-content\/uploads\/2021\/02\/IMG_20200327_081231-100x100.jpg 100w\" sizes=\"auto, (max-width: 150px) 100vw, 150px\" \/><\/a><a href=\"http:\/\/solcoinco.com\/wp-content\/uploads\/2021\/02\/PT100-2-hilos-lisa.jpeg\"><img loading=\"lazy\" decoding=\"async\" class=\"alignnone size-thumbnail wp-image-1140\" src=\"http:\/\/solcoinco.com\/wp-content\/uploads\/2021\/02\/PT100-2-hilos-lisa-150x150.jpeg\" alt=\"\" width=\"150\" height=\"150\" srcset=\"https:\/\/solcoinco.com\/wp-content\/uploads\/2021\/02\/PT100-2-hilos-lisa-150x150.jpeg 150w, https:\/\/solcoinco.com\/wp-content\/uploads\/2021\/02\/PT100-2-hilos-lisa-300x300.jpeg 300w, https:\/\/solcoinco.com\/wp-content\/uploads\/2021\/02\/PT100-2-hilos-lisa-100x100.jpeg 100w\" sizes=\"auto, (max-width: 150px) 100vw, 150px\" \/><\/a><a href=\"http:\/\/solcoinco.com\/wp-content\/uploads\/2021\/02\/Transmisor-temp.-indicaci\u00f3n-local-Encerramiento-Atex.jpeg\"><img loading=\"lazy\" decoding=\"async\" class=\"alignnone size-thumbnail wp-image-1142\" src=\"http:\/\/solcoinco.com\/wp-content\/uploads\/2021\/02\/Transmisor-temp.-indicaci\u00f3n-local-Encerramiento-Atex-150x150.jpeg\" alt=\"\" width=\"150\" height=\"150\" srcset=\"https:\/\/solcoinco.com\/wp-content\/uploads\/2021\/02\/Transmisor-temp.-indicaci\u00f3n-local-Encerramiento-Atex-150x150.jpeg 150w, https:\/\/solcoinco.com\/wp-content\/uploads\/2021\/02\/Transmisor-temp.-indicaci\u00f3n-local-Encerramiento-Atex-300x300.jpeg 300w, https:\/\/solcoinco.com\/wp-content\/uploads\/2021\/02\/Transmisor-temp.-indicaci\u00f3n-local-Encerramiento-Atex-100x100.jpeg 100w\" sizes=\"auto, (max-width: 150px) 100vw, 150px\" \/><\/a><\/p>\n<p><strong>Accesorios: <\/strong>Solcoinco Ofrece una l\u00ednea completa de termopozos, tubos protectores, conectores, cabezales de conexi\u00f3n, regletas de terminales y transmisores. Todos estos accesorios complementan la l\u00ednea de sensores de temperatura sus necesidades de detecci\u00f3n t\u00e9rmica.<\/p>\n<p><a href=\"http:\/\/solcoinco.com\/wp-content\/uploads\/2021\/02\/20180827_113037-1-scaled-e1612556074439.jpg\"><img loading=\"lazy\" decoding=\"async\" class=\"alignnone size-medium wp-image-1101\" src=\"http:\/\/solcoinco.com\/wp-content\/uploads\/2021\/02\/20180827_113037-1-scaled-e1612556074439-300x123.jpg\" alt=\"\" width=\"300\" height=\"123\" srcset=\"https:\/\/solcoinco.com\/wp-content\/uploads\/2021\/02\/20180827_113037-1-scaled-e1612556074439-300x123.jpg 300w, https:\/\/solcoinco.com\/wp-content\/uploads\/2021\/02\/20180827_113037-1-scaled-e1612556074439-1024x420.jpg 1024w, https:\/\/solcoinco.com\/wp-content\/uploads\/2021\/02\/20180827_113037-1-scaled-e1612556074439-768x315.jpg 768w, https:\/\/solcoinco.com\/wp-content\/uploads\/2021\/02\/20180827_113037-1-scaled-e1612556074439-1536x630.jpg 1536w, https:\/\/solcoinco.com\/wp-content\/uploads\/2021\/02\/20180827_113037-1-scaled-e1612556074439-2048x839.jpg 2048w, https:\/\/solcoinco.com\/wp-content\/uploads\/2021\/02\/20180827_113037-1-scaled-e1612556074439-600x246.jpg 600w\" sizes=\"auto, (max-width: 300px) 100vw, 300px\" \/><\/a><a href=\"http:\/\/solcoinco.com\/wp-content\/uploads\/2021\/02\/20180827_115741.jpg\"> <img loading=\"lazy\" decoding=\"async\" class=\"alignnone size-thumbnail wp-image-1096\" src=\"http:\/\/solcoinco.com\/wp-content\/uploads\/2021\/02\/20180827_115741-150x150.jpg\" alt=\"\" width=\"150\" height=\"150\" srcset=\"https:\/\/solcoinco.com\/wp-content\/uploads\/2021\/02\/20180827_115741-150x150.jpg 150w, https:\/\/solcoinco.com\/wp-content\/uploads\/2021\/02\/20180827_115741-300x300.jpg 300w, https:\/\/solcoinco.com\/wp-content\/uploads\/2021\/02\/20180827_115741-100x100.jpg 100w\" sizes=\"auto, (max-width: 150px) 100vw, 150px\" \/><\/a><\/p>","protected":false},"excerpt":{"rendered":"<p>Dise\u00f1amos y fabricamos sensores de temperatura de acuerdo a las necesidades de nuestros clientes, las aplicaciones son innumerables para sectores industriales tales como: Pl\u00e1stico, alimentos, farmac\u00e9utica, petr\u00f3leo, miner\u00eda.<\/p>\n<p><a href=\"http:\/\/solcoinco.com\/wp-content\/uploads\/2021\/02\/20180828_081400.jpg\"><img loading=\"lazy\" decoding=\"async\" class=\"alignnone size-medium wp-image-1090\" src=\"http:\/\/solcoinco.com\/wp-content\/uploads\/2021\/02\/20180828_081400-300x214.jpg\" alt=\"\" width=\"300\" height=\"214\" srcset=\"https:\/\/solcoinco.com\/wp-content\/uploads\/2021\/02\/20180828_081400-300x214.jpg 300w, https:\/\/solcoinco.com\/wp-content\/uploads\/2021\/02\/20180828_081400-1024x729.jpg 1024w, https:\/\/solcoinco.com\/wp-content\/uploads\/2021\/02\/20180828_081400-768x547.jpg 768w, https:\/\/solcoinco.com\/wp-content\/uploads\/2021\/02\/20180828_081400-1536x1094.jpg 1536w, https:\/\/solcoinco.com\/wp-content\/uploads\/2021\/02\/20180828_081400-2048x1458.jpg 2048w, https:\/\/solcoinco.com\/wp-content\/uploads\/2021\/02\/20180828_081400-600x427.jpg 600w\" sizes=\"auto, (max-width: 300px) 100vw, 300px\" \/><\/a><\/p>\n","protected":false},"featured_media":1090,"comment_status":"closed","ping_status":"closed","template":"","meta":[],"product_brand":[],"product_cat":[88],"product_tag":[],"class_list":{"0":"post-1088","1":"product","2":"type-product","3":"status-publish","4":"has-post-thumbnail","6":"product_cat-sensores-cables-accesorios","8":"first","9":"instock","10":"shipping-taxable","11":"product-type-simple"},"_links":{"self":[{"href":"https:\/\/solcoinco.com\/index.php?rest_route=\/wp\/v2\/product\/1088","targetHints":{"allow":["GET"]}}],"collection":[{"href":"https:\/\/solcoinco.com\/index.php?rest_route=\/wp\/v2\/product"}],"about":[{"href":"https:\/\/solcoinco.com\/index.php?rest_route=\/wp\/v2\/types\/product"}],"replies":[{"embeddable":true,"href":"https:\/\/solcoinco.com\/index.php?rest_route=%2Fwp%2Fv2%2Fcomments&post=1088"}],"wp:featuredmedia":[{"embeddable":true,"href":"https:\/\/solcoinco.com\/index.php?rest_route=\/wp\/v2\/media\/1090"}],"wp:attachment":[{"href":"https:\/\/solcoinco.com\/index.php?rest_route=%2Fwp%2Fv2%2Fmedia&parent=1088"}],"wp:term":[{"taxonomy":"product_brand","embeddable":true,"href":"https:\/\/solcoinco.com\/index.php?rest_route=%2Fwp%2Fv2%2Fproduct_brand&post=1088"},{"taxonomy":"product_cat","embeddable":true,"href":"https:\/\/solcoinco.com\/index.php?rest_route=%2Fwp%2Fv2%2Fproduct_cat&post=1088"},{"taxonomy":"product_tag","embeddable":true,"href":"https:\/\/solcoinco.com\/index.php?rest_route=%2Fwp%2Fv2%2Fproduct_tag&post=1088"}],"curies":[{"name":"wp","href":"https:\/\/api.w.org\/{rel}","templated":true}]}}