{"id":1085,"date":"2021-01-20T18:02:25","date_gmt":"2021-01-20T23:02:25","guid":{"rendered":"http:\/\/solcoinco.com\/?post_type=product&#038;p=1085"},"modified":"2021-01-20T18:07:13","modified_gmt":"2021-01-20T23:07:13","slug":"csmicro-3m-para-la-medicion-de-la-temperatura-en-metal","status":"publish","type":"product","link":"https:\/\/solcoinco.com\/?product=csmicro-3m-para-la-medicion-de-la-temperatura-en-metal","title":{"rendered":"CSmicro 3M para la medici\u00f3n de la temperatura en metal"},"content":{"rendered":"<p>El peque\u00f1o cabezal de sensado infrarrojo es apropiado para el montaje en lugares muy estrechos y permite, de este modo, una reducci\u00f3n de los costes en la integraci\u00f3n mec\u00e1nica de determinados procesos. La medici\u00f3n de la temperatura a trav\u00e9s de vidrio es posible gracias al rango espectral especial.<\/p>\n<h4><strong>Caracter\u00edsticas des optris\u00a0CSmicro 3M<\/strong><\/h4>\n<h4><strong>Especificaciones de medici\u00f3n<\/strong><\/h4>\n<ul>\n<li>Rango de temperatura\u00a0<sup>1)<\/sup>(escalable v\u00eda software):<br \/>\n50 &#8230; 350 \u00b0C (3ML)<br \/>\n100\u00a0&#8230;\u00a0600 \u00b0C (3MH)<\/li>\n<li>Rango espectral: 2,3 \u00b5m<\/li>\n<li>\u00a0Resoluci\u00f3n \u00f3ptica\u00a0(90 % energ\u00eda):<br \/>\n22:1 (3ML)<br \/>\n33:1 (3MH)<\/li>\n<li>Lente CF\u00a0 (opcional):\u00a0SF, CF, CF1\u00a0[close focus]<\/li>\n<li>Precisi\u00f3n del sistema<sup>2)<\/sup>\u00a0(a temperatura ambiente 23 \u00b15 \u00b0C)\u00a0\u00b1 (0,3 % T<sub>med<\/sub>\u00a0+1 \u00b0C)<\/li>\n<li>Reproducibilidad\u00a0(a temperatura ambiente 23 \u00b1 5 \u00b0C):\u00a0\u00b1 (0,1 %\u00a0T<sub>med<\/sub>\u00a0+ 1 \u00b0C)<\/li>\n<li>NETD<sup>3)<\/sup>: 30 mK (3ML) \/ 50 mK (3MH)<\/li>\n<li>Tiempo de respuesta<sup>4)<\/sup>\u00a0(90%):\u00a08 ms (mA version: 20 ms)<\/li>\n<li>Emisividad \/ Ganancia\u00a0(ajustable via 0-5 V DC entrada \u00f3 software):\u00a00,100 &#8211; 1,100<\/li>\n<li>Transmisividad\u00a0(ajustable via software):\u00a00,100 &#8211; 1,100<\/li>\n<li>Procesamiento de la sen\u1dc9al\u00a0(par\u00e1metros ajustables v\u00eda software):\u00a0 Peak hold (retenci\u00f3n de valores), valley hold (borrado de valores), promedio, funci\u00f3n de retenci\u00f3n extendida con umbral y la hist\u00e9resis<\/li>\n<li>Dimensiones de la electr\u00f3nica:\u00a0longitud: 35 mm, di\u00e1metro: 12 mm<\/li>\n<li>Software: optris Compact Connect (Windows) IR mobile (Android)<\/li>\n<\/ul>\n<h4><strong>Especificaciones generales<\/strong><\/h4>\n<ul>\n<li>Clase de protecci\u00f3n:\u00a0IP 65 (NEMA-4)<\/li>\n<li>Temperatura ambiente:<br \/>\n\u201320 &#8230; 85 \u00b0C (cabezal de sensado)<br \/>\n\u201320 &#8230; 80 \u00b0C (Electr\u00f3nica)<br \/>\n\u201320 &#8230; 75 \u00b0C (Electr\u00f3nica \/ mA cersion)<sup>5)<\/sup><\/li>\n<li>Temperatura de almacenaje:\u00a0-40 &#8230; 85 \u00b0C (cabezal de sensado y la electr\u00f3nica)<\/li>\n<li>Humedad relativa de aire: 10 &#8211; 95 %,\u00a0sin condensaci\u00f3n<\/li>\n<li>Vibraci\u00f3n:\u00a0IEC 60068-2-6 \/ -64<\/li>\n<li>Shock: IEC60068-2-27 (25 G y 50 G)<\/li>\n<li>Peso: 42 g<\/li>\n<\/ul>\n<h4><strong>Especificaciones el\u00e9ctricas<\/strong><\/h4>\n<ul>\n<li>Salida \/ an\u00e1loga:0 \u2013 5\/10 V (mV version) o 4 \u2013 20 mA (mA versi\u00f3n)<\/li>\n<li>Salida \/ alarma: 0 \u2013 30 V \/ 50 mA (colector abierto) (mA versi\u00f3n: 500 mA)<\/li>\n<li>Salida \/ digital:\u00a0uni \/ bidirectional, 9,6 kBaud, 0\/3 V digital level \/ USB opcional<\/li>\n<li>Entrada\u00a0(0-10V):\u00a0Entrada funcional programable para la configuraci\u00f3n de la emisividad externa<sup>6)<\/sup>\u00a0\/ compensaci\u00f3n de la temperatura ambiente<sup>6)<\/sup>, se\u00f1al activa o funci\u00f3n Peak hold<\/li>\n<li>\u00a0Funciones del LED:\u00a0Indicaci\u00f3n de alarma, asistencia autom\u00e1tica, autodiagn\u00f3stico, indicaci\u00f3n de la temperatura (V\u00eda c\u00f3digo de temperatura)<\/li>\n<li>Longitud del cable: Cabezal-Electr\u00f3nica: 0,5 m (est\u00e1ndar), 3 m\u00a0 Despu\u00e9s de la electr\u00f3nica: 0,5 m (est\u00e1ndar), 3 m, 6 m<\/li>\n<li>\u00a0Alimentaci\u00f3n: 5-30 V DC<\/li>\n<li>\u00a0Consumo de energ\u00eda: 9 mA (mV versi\u00f3n)<\/li>\n<\/ul>\n<p><img decoding=\"async\" class=\"alignright\" src=\"https:\/\/www.optris.es\/assets\/images\/4\/qr-code-5ed6c694.png\" \/><\/p>\n<p style=\"text-align: right;\"><span style=\"color: #000000;\"><a class=\"button small orange\" style=\"color: #000000;\" href=\"https:\/\/www.optris.es\/calculador-del-punto-de-medicion\">Calculador \u00d3ptico<\/a><\/span><\/p>\n<h4><strong>Campos de aplicaci\u00f3n del pir\u00f3metro optris CSmicro 3M<\/strong><\/h4>\n<p>El compacto term\u00f3metro IR optris CSmicro 3M presenta una longitud de onda de medici\u00f3n de 2,3 \u00b5m por lo que se puede aplicar en la medici\u00f3n de temperaturas de superficies met\u00e1licas y materiales compuestos en los procesos de tratamiento. Ante todo su bajo rango de temperatura a partir de 50\u00b0C permite que el sensor de temperatura se utilice con preferencia como equipo de medici\u00f3n para todo tipo de mediciones a baja temperatura en metal.<\/p>","protected":false},"excerpt":{"rendered":"<p>El pir\u00f3metro optris CSmicro 3M se ha concebido para un rango de temperatura desde 50 \u00b0C hasta 600 \u00b0C. Su rango espectral especial de 2,3 \u00b5m lo hace ideal como pir\u00f3metro IR para la\u00a0medici\u00f3n de la temperatura en superficies met\u00e1licas a partir de 50\u00b0C.<\/p>\n<p><span style=\"color: #ff0000;\"><span class=\"rot\">Novedad<\/span>:<\/span> la serie CSmicro se puede manejar ahora tambi\u00e9n a trav\u00e9s de la nueva aplicaci\u00f3n m\u00f3vil por infrarrojos (Android). La aplicaci\u00f3n permite controlar y analizar mediciones de temperatura por infrarrojos a trav\u00e9s del smartphone o la tableta.<\/p>\n<p><a class=\"button small default\" href=\"http:\/\/solcoinco.com\/productos\/csmicro-3m.pdf\" target=\"_blank\" rel=\"noopener noreferrer\">Informaci\u00f3n T\u00e9cnica<\/a> \u00a0\u00a0 \u00a0\u00a0 <a class=\"button small default\" href=\"http:\/\/solcoinco.com\/productos\/folleto-de-aplicacion-metal.pdf\" target=\"_blank\" rel=\"noopener noreferrer\">Folleto de aplicaci\u00f3n en metales<\/a><img decoding=\"async\" class=\"alignright\" src=\"https:\/\/www.optris.es\/assets\/images\/4\/qr-code-5ed6c694.png\" \/><img decoding=\"async\" class=\"alignright\" src=\"https:\/\/www.optris.es\/tl_files\/bilder\/products\/kompaktserie\/cs-micro\/google-play-badge-ES.png\" alt=\"\" width=\"150\" \/><\/p>\n","protected":false},"featured_media":613,"comment_status":"closed","ping_status":"closed","template":"","meta":[],"product_brand":[],"product_cat":[63,66,70],"product_tag":[],"class_list":{"0":"post-1085","1":"product","2":"type-product","3":"status-publish","4":"has-post-thumbnail","6":"product_cat-temperatura","7":"product_cat-medicion-infrarroja","8":"product_cat-termometros","10":"first","11":"instock","12":"shipping-taxable","13":"product-type-simple"},"_links":{"self":[{"href":"https:\/\/solcoinco.com\/index.php?rest_route=\/wp\/v2\/product\/1085","targetHints":{"allow":["GET"]}}],"collection":[{"href":"https:\/\/solcoinco.com\/index.php?rest_route=\/wp\/v2\/product"}],"about":[{"href":"https:\/\/solcoinco.com\/index.php?rest_route=\/wp\/v2\/types\/product"}],"replies":[{"embeddable":true,"href":"https:\/\/solcoinco.com\/index.php?rest_route=%2Fwp%2Fv2%2Fcomments&post=1085"}],"wp:featuredmedia":[{"embeddable":true,"href":"https:\/\/solcoinco.com\/index.php?rest_route=\/wp\/v2\/media\/613"}],"wp:attachment":[{"href":"https:\/\/solcoinco.com\/index.php?rest_route=%2Fwp%2Fv2%2Fmedia&parent=1085"}],"wp:term":[{"taxonomy":"product_brand","embeddable":true,"href":"https:\/\/solcoinco.com\/index.php?rest_route=%2Fwp%2Fv2%2Fproduct_brand&post=1085"},{"taxonomy":"product_cat","embeddable":true,"href":"https:\/\/solcoinco.com\/index.php?rest_route=%2Fwp%2Fv2%2Fproduct_cat&post=1085"},{"taxonomy":"product_tag","embeddable":true,"href":"https:\/\/solcoinco.com\/index.php?rest_route=%2Fwp%2Fv2%2Fproduct_tag&post=1085"}],"curies":[{"name":"wp","href":"https:\/\/api.w.org\/{rel}","templated":true}]}}