{"id":1079,"date":"2021-01-20T12:38:01","date_gmt":"2021-01-20T17:38:01","guid":{"rendered":"http:\/\/solcoinco.com\/?post_type=product&#038;p=1079"},"modified":"2021-01-20T16:56:23","modified_gmt":"2021-01-20T21:56:23","slug":"optris-csmicro-lt","status":"publish","type":"product","link":"https:\/\/solcoinco.com\/?product=optris-csmicro-lt","title":{"rendered":"Optris CSmicro LT\/LTH"},"content":{"rendered":"<p>El indicador inteligente por LED sirve, a elegir, de alarma, ayuda, autodiagn\u00f3stico o visualizaci\u00f3n del c\u00f3digo de temperatura. El sistema electr\u00f3nico est\u00e1 integrado en el cable lo que permite alcanzar una alta estabilidad t\u00e9rmica del cabezal de sensado.<\/p>\n<h2>Caracter\u00edsticas del optris CSmicro LT LTH<\/h2>\n<h3>Especificaciones de medici\u00f3n<\/h3>\n<ul>\n<li>Rango de temperatura\u00a0(escalable v\u00eda software):\u00a0-50 \u00b0C\u00a0&#8230;\u00a01.030 \u00b0C<\/li>\n<li>Rango espectral: 8 &#8211; 14 \u00b5m<\/li>\n<li>Resoluci\u00f3n \u00f3ptica\u00a0(90 % energ\u00eda):<br \/>\n22:1 (LT22H)<br \/>\n15:1 (LT15 \/ LT15H)<br \/>\n2:1 (LT02)<\/li>\n<li>Lente CF\u00a0(Punto m\u00e1s peque\u00f1o a medir)[close focus] (opcional):<br \/>\n2,3 mm @ 50 mm (22:1)<br \/>\n3,4 mm @ 50 mm (15:1)<br \/>\n2,5 mm @ 23 mm (2:1 con lente CF)<\/li>\n<li>Precisi\u00f3n del sistema:\u00a0\u00b1 1,0 %\u00a0\u00f3 \u00b1 1,0 \u00b0C<sup>1)2)<\/sup><\/li>\n<li>Reproducibilidad:\u00a0\u00b1 0,5 %\u00a0\u00f3 \u00b1 0,5 \u00b0C<sup>1)2)<\/sup><\/li>\n<li>Coeficiente de temperatura:\u00a0\u00b1 0,05 K\/K\u00a0\u00f3 \u00b1 0,05 %\/K<sup>3)<\/sup><\/li>\n<li>NETD: 50 mK<sup>4)<\/sup><\/li>\n<li>Tiempo de respuesta\u00a0(90%):\u00a014 ms (LT) \/ 150 ms (LTH)<\/li>\n<li>Emisividad \/ Ganancia\u00a0(ajustable via 0-5 V DC entrada \u00f3 software):\u00a00,100 &#8211; 1,100<\/li>\n<li>Transmisividad\u00a0(ajustable via software):\u00a00,100 &#8211; 1,100<\/li>\n<li>Procesamiento de la se\u00f1al (par\u00e1metros ajustables v\u00eda software):\u00a0 Peak hold (retenci\u00f3n de valores), valley hold (borrado de valores), promedio, funci\u00f3n de retenci\u00f3n extendida con umbral y la hist\u00e9resis<\/li>\n<li>Dimensiones de la electr\u00f3nica:\u00a0longitud: 35 mm, di\u00e1metro: 12 mm<\/li>\n<li>Software:<br \/>\noptris Compact Connect (Windows)<br \/>\nIR mobile (Android)<\/li>\n<\/ul>\n<h3>Especificaciones generales<\/h3>\n<ul>\n<li>Clase de protecci\u00f3n:\u00a0IP 65 (NEMA-4)<\/li>\n<li>Temperatura ambiente:<br \/>\n\u201320 &#8230; 120 \u00b0C (cabezal de sensado LT)<br \/>\n\u201320 &#8230; 180 \u00b0C (cabezal de sensado LTH)<br \/>\n\u201320 &#8230; 80 \u00b0C (Electr\u00f3nica)<br \/>\n\u201320 &#8230; 75 \u00b0C (Electr\u00f3nica \/ versi\u00f3n mA)<sup>5)<\/sup><\/li>\n<li>Temperatura de almacenaje:\u00a0-40 \u00b0C\u00a0&#8230;\u00a085 \u00b0C (cabezal de sensado y la electr\u00f3nica)<\/li>\n<li>Humedad relativa de aire: 10 &#8211; 95 %,\u00a0sin condensaci\u00f3n<\/li>\n<li>Vibraci\u00f3n:\u00a0IEC 60068-2-6 \/ -64<\/li>\n<li>Shock: IEC60068-2-27 (25 G und 50 G)<\/li>\n<li>Peso: 42 g<\/li>\n<\/ul>\n<p><img decoding=\"async\" class=\"alignright\" src=\"https:\/\/www.optris.es\/assets\/images\/4\/qr-code-5ed6c694.png\" \/><\/p>\n<p style=\"text-align: right;\"><span style=\"color: #000000;\"><a class=\"button small orange\" style=\"color: #000000;\" href=\"https:\/\/www.optris.es\/calculador-del-punto-de-medicion\">Calculador \u00d3ptico<\/a><\/span><\/p>\n<h4 style=\"padding-left: 40px; text-align: left;\"><strong>Campos de aplicaci\u00f3n del pir\u00f3metro optris CSmicro LT LTH<\/strong><\/h4>\n<p style=\"padding-left: 40px;\">El peque\u00f1o term\u00f3metro infrarrojo optris CSmicro LT LTH con sistema electr\u00f3nico integrado en el cable es ideal para la medici\u00f3n de la temperatura sin contacto en lugares estrechos con un espacio limitado. Se puede usar en las m\u00e1s diversas aplicaciones industriales, como por ejemplo en la adhesi\u00f3n de componentes de material compuesto de fibra de carbono (CFK).<\/p>\n<p>&nbsp;<\/p>","protected":false},"excerpt":{"rendered":"<p>El pir\u00f3metro optris CSmicro LT LTH est\u00e1 equipado con un innovador cabezal de sensado miniaturizado de acero inoxidable que lo hace ideal para un f\u00e1cil montaje en lugares estrechos con un espacio limitado. Debido a su peque\u00f1o tama\u00f1o y a su resistencia a altas temperaturas de hasta 120\u00baC, sirve de gran ayuda para ahorrar costes en la integraci\u00f3n mec\u00e1nica del cabezal de sensado.<\/p>\n<p><span style=\"color: #ff0000;\"><span class=\"rot\">Novedad<\/span>:<\/span> la serie CSmicro se puede manejar ahora tambi\u00e9n a trav\u00e9s de la nueva aplicaci\u00f3n m\u00f3vil por infrarrojos (Android). La aplicaci\u00f3n permite controlar y analizar mediciones de temperatura por infrarrojos a trav\u00e9s del smartphone o la tableta.<\/p>\n<p><a class=\"button small default\" href=\"http:\/\/solcoinco.com\/productos\/csmicro-lt.pdf\" target=\"_blank\" rel=\"noopener noreferrer\">Informaci\u00f3n T\u00e9cnica<\/a><\/p>\n<p><a href=\"https:\/\/www.optris.es\/assets\/images\/4\/qr-code-5ed6c694.png\"><img loading=\"lazy\" decoding=\"async\" class=\"alignright\" style=\"background-color: #ffffff;\" src=\"https:\/\/www.optris.es\/assets\/images\/4\/qr-code-5ed6c694.png\" alt=\"\" width=\"100\" height=\"100\" \/><\/a><\/p>\n<p><img decoding=\"async\" class=\"alignright\" style=\"background-color: #ffffff;\" src=\"https:\/\/www.optris.es\/tl_files\/bilder\/products\/kompaktserie\/cs-micro\/google-play-badge-ES.png\" alt=\"\" width=\"150\" \/><\/p>\n<p>&nbsp;<\/p>\n","protected":false},"featured_media":614,"comment_status":"closed","ping_status":"closed","template":"","meta":[],"product_brand":[],"product_cat":[63,66,70],"product_tag":[],"class_list":{"0":"post-1079","1":"product","2":"type-product","3":"status-publish","4":"has-post-thumbnail","6":"product_cat-temperatura","7":"product_cat-medicion-infrarroja","8":"product_cat-termometros","10":"first","11":"instock","12":"shipping-taxable","13":"product-type-simple"},"_links":{"self":[{"href":"https:\/\/solcoinco.com\/index.php?rest_route=\/wp\/v2\/product\/1079","targetHints":{"allow":["GET"]}}],"collection":[{"href":"https:\/\/solcoinco.com\/index.php?rest_route=\/wp\/v2\/product"}],"about":[{"href":"https:\/\/solcoinco.com\/index.php?rest_route=\/wp\/v2\/types\/product"}],"replies":[{"embeddable":true,"href":"https:\/\/solcoinco.com\/index.php?rest_route=%2Fwp%2Fv2%2Fcomments&post=1079"}],"wp:featuredmedia":[{"embeddable":true,"href":"https:\/\/solcoinco.com\/index.php?rest_route=\/wp\/v2\/media\/614"}],"wp:attachment":[{"href":"https:\/\/solcoinco.com\/index.php?rest_route=%2Fwp%2Fv2%2Fmedia&parent=1079"}],"wp:term":[{"taxonomy":"product_brand","embeddable":true,"href":"https:\/\/solcoinco.com\/index.php?rest_route=%2Fwp%2Fv2%2Fproduct_brand&post=1079"},{"taxonomy":"product_cat","embeddable":true,"href":"https:\/\/solcoinco.com\/index.php?rest_route=%2Fwp%2Fv2%2Fproduct_cat&post=1079"},{"taxonomy":"product_tag","embeddable":true,"href":"https:\/\/solcoinco.com\/index.php?rest_route=%2Fwp%2Fv2%2Fproduct_tag&post=1079"}],"curies":[{"name":"wp","href":"https:\/\/api.w.org\/{rel}","templated":true}]}}