{"id":1062,"date":"2020-10-29T14:51:22","date_gmt":"2020-10-29T19:51:22","guid":{"rendered":"http:\/\/solcoinco.com\/?post_type=product&#038;p=1062"},"modified":"2020-11-06T08:54:15","modified_gmt":"2020-11-06T13:54:15","slug":"registrador-sin-papel","status":"publish","type":"product","link":"https:\/\/solcoinco.com\/?product=registrador-sin-papel","title":{"rendered":"REGISTRADOR SIN PAPEL"},"content":{"rendered":"<ul>\n<li>Pantalla t\u00e1ctil, TFT, color 65K<\/li>\n<li>100 mseg. rango de escaneo<\/li>\n<li>Memoria interna: 256 MB Flash<\/li>\n<li>CPU: ARM Cortex-A8, 1 Ghz<\/li>\n<li>Est\u00e1ndar: Ethernet, ranura SD y USB<\/li>\n<li>Opci\u00f3n: RS232 \/ 422\/485 y entrada de pulsos<\/li>\n<li>Protecci\u00f3n: IP65 frontal y IP20 posterior<\/li>\n<li>Est\u00e1ndares: CE, cULus y RoHS<\/li>\n<li>Entrada de pulsos para aplicaciones de flujo<\/li>\n<li>Conectividad directa a la impresora<\/li>\n<li>Servidor web y correo electr\u00f3nico directamente desde la grabadora<\/li>\n<li>Canales IO remotos, canales virtuales<\/li>\n<li>Protocolos maestro y esclavo, modbus RTU y TCP<\/li>\n<li>P\u00e1ginas de visualizaci\u00f3n personalizadas similares a HMI<\/li>\n<li>Operaciones por lotes, seguridad integrada y FDA 21 CFR parte 11<\/li>\n<li>19 idiomas internacionales<\/li>\n<\/ul>\n<div id=\"prodNav\">\n<div class=\"tabbable\">\n<div class=\"tab-content responsive hidden-xs\">\n<div id=\"contentprod2\" class=\"tab-pane fade txtNormal active in\">\n<table>\n<tbody>\n<tr>\n<td>Product position<\/td>\n<td>Medium size and powerful one, input numbers up to the highest 24 channels<\/td>\n<\/tr>\n<tr>\n<td>Input numbers<\/td>\n<td>3, 6, 12, 18, 24channels<\/td>\n<\/tr>\n<tr>\n<td>True universal inputs<\/td>\n<td>Thermocouples: J, K, T, E, B, R, S, N, L, U, P, W5, W3, LR, A1, A2, A3, M<br \/>\nRTD: Pt50, Pt100, Pt200, Pt500, Pt1000 (\u03b1=0.00385), Pt50, Pt100 (\u03b1=0.00391), Cu10 (\u03b1=0.00427), Cu50, Cu100(\u03b1=0.00426, 0.00428), Ni100, Ni200, Ni500, JPt50, JPt100, JPt200, JPt500, JPt1000 (\u03b1=0.003916) Ni1000 (\u03b1=0.00617) mA, V, mV<\/td>\n<\/tr>\n<tr>\n<td>The fastest sampling rate<\/td>\n<td>To reach 100 msec \/ dot, default setting at 1 sec \/ dot<\/td>\n<\/tr>\n<tr>\n<td>Math, External channels, Batch,<br \/>\nCustom display, FDA 21 CFR part 11<\/td>\n<td>Math in standard version, others in Plus versions<\/td>\n<\/tr>\n<tr>\n<td>Display<\/td>\n<td>5.6&#8243; TFT wide touch screen<\/td>\n<\/tr>\n<tr>\n<td>Resolution<\/td>\n<td>640 x 480<\/td>\n<\/tr>\n<tr>\n<td>MTFB backlight at 25\u00b0C<\/td>\n<td>30,000 hrs<\/td>\n<\/tr>\n<tr>\n<td>Backlight<\/td>\n<td>LED<\/td>\n<\/tr>\n<tr>\n<td>Screen saver, Email<\/td>\n<td>Yes<\/td>\n<\/tr>\n<tr>\n<td>A faster CPU<\/td>\n<td>ARM Cortex-A8, 1Ghz<\/td>\n<\/tr>\n<tr>\n<td>Internal flash memory<\/td>\n<td>256 MB<\/td>\n<\/tr>\n<tr>\n<td>RAM<\/td>\n<td>256 MB<\/td>\n<\/tr>\n<tr>\n<td>Ethernet<\/td>\n<td>Modbus TCP\/IP<\/td>\n<\/tr>\n<tr>\n<td>RS-232\/422\/485<\/td>\n<td>O\u3123tional RS-232 or RS-422\/485 Modbus RTU<\/td>\n<\/tr>\n<tr>\n<td>SD card slot, USB host x 2<\/td>\n<td>Standard, one USB in the front, another USB in the back<\/td>\n<\/tr>\n<tr>\n<td>Pulse input<\/td>\n<td>Optional DI card offering either logic or high frequency pulse counter<\/td>\n<\/tr>\n<tr>\n<td>Process control<\/td>\n<td>PID, Ramp&amp; dwell<\/td>\n<\/tr>\n<tr>\n<td>START \/ STOP key<\/td>\n<td>To start \/ stop record and to turn off the display only, not recorder itself so that a quick start possible<\/td>\n<\/tr>\n<tr>\n<td>Calibration correction<\/td>\n<td>On-site calibration possible, or using handy features of Offset and Gain for correction<\/td>\n<\/tr>\n<tr>\n<td>Multilingual<\/td>\n<td>Convenient for local users by offering 19 languages including English, Japanese, Danish, Italian, Polish, Russian, Dutch, Korean, Thai, Turkish, Portuguese, Chinese (simplied, traditional), French, German, Spanish, Swedish, Brazil Portuguese, Czech, other languages negotiable<\/td>\n<\/tr>\n<tr>\n<td>PC software historical viewer+ configuration<\/td>\n<td>Standard<\/td>\n<\/tr>\n<tr>\n<td>Extensive software data acquisition studio<\/td>\n<td>Optional real-time monitoring<\/td>\n<\/tr>\n<tr>\n<td>Power supply<\/td>\n<td>90-250VAC or 11-36VDC<\/td>\n<\/tr>\n<tr>\n<td>Outer dimensions (W x H x L mm)<\/td>\n<td>144 x 144 x189<\/td>\n<\/tr>\n<tr>\n<td>Shorter mounting depth (mm)<\/td>\n<td>171<\/td>\n<\/tr>\n<tr>\n<td>DIN panel cutout (W x H mm)<\/td>\n<td>137 x 137<\/td>\n<\/tr>\n<tr>\n<td>Protection<\/td>\n<td>IP65 front, IP20 rear<\/td>\n<\/tr>\n<tr>\n<td>Operating temperature<\/td>\n<td>0\u00b0C to 50\u00b0C<\/td>\n<\/tr>\n<tr>\n<td>Storage temperature<\/td>\n<td>-30\u00b0C to 70\u00b0C<\/td>\n<\/tr>\n<tr>\n<td>Safety standards<\/td>\n<td>CE, cULus, RoHS<\/td>\n<\/tr>\n<\/tbody>\n<\/table>\n<\/div>\n<\/div>\n<\/div>\n<\/div>","protected":false},"excerpt":{"rendered":"<p>Los nuevos registradores sin papel Brain Child de la serie PR se lanzan en una gama completa de productos con especificaciones y caracter\u00edsticas excepcionales. La serie PR incluye un PR10 de bajo costo, un PR20 popular y un PR30 de alta gama. Registradores en pantallas de 4.3 \u201dy 12.1\u201d adem\u00e1s de 5.6 \u201d, 100 mseg. frecuencia de muestreo, canales externos, lote, pantalla personalizada, FDA 21 CFR parte 11 m\u00e1s estricta, mensajes de escritura a mano, ranura SD, 2 USB, entrada de pulsos, calibraci\u00f3n de campo, servidor web, correo electr\u00f3nico, 19 idiomas, IP65 y con una profundidad m\u00e1s corta de 167 mm .<\/p>\n<p>La adquisici\u00f3n de datos, el monitoreo, el registro y el control se pueden realizar en el registrador de datos de temperatura PR20.Pantalla t\u00e1ctil, TFT, color 65K<\/p>\n<p><a class=\"button small default\" href=\"http:\/\/solcoinco.com\/productos\/PR_LF_EN_Catalog_2019.07.pdf\" target=\"_blank\" rel=\"noopener noreferrer\">Informaci\u00f3n T\u00e9cnica<\/a><\/p>\n","protected":false},"featured_media":1069,"comment_status":"closed","ping_status":"closed","template":"","meta":[],"product_brand":[],"product_cat":[99],"product_tag":[],"class_list":{"0":"post-1062","1":"product","2":"type-product","3":"status-publish","4":"has-post-thumbnail","6":"product_cat-adquisicion-de-datos","8":"first","9":"instock","10":"shipping-taxable","11":"product-type-simple"},"_links":{"self":[{"href":"https:\/\/solcoinco.com\/index.php?rest_route=\/wp\/v2\/product\/1062","targetHints":{"allow":["GET"]}}],"collection":[{"href":"https:\/\/solcoinco.com\/index.php?rest_route=\/wp\/v2\/product"}],"about":[{"href":"https:\/\/solcoinco.com\/index.php?rest_route=\/wp\/v2\/types\/product"}],"replies":[{"embeddable":true,"href":"https:\/\/solcoinco.com\/index.php?rest_route=%2Fwp%2Fv2%2Fcomments&post=1062"}],"wp:featuredmedia":[{"embeddable":true,"href":"https:\/\/solcoinco.com\/index.php?rest_route=\/wp\/v2\/media\/1069"}],"wp:attachment":[{"href":"https:\/\/solcoinco.com\/index.php?rest_route=%2Fwp%2Fv2%2Fmedia&parent=1062"}],"wp:term":[{"taxonomy":"product_brand","embeddable":true,"href":"https:\/\/solcoinco.com\/index.php?rest_route=%2Fwp%2Fv2%2Fproduct_brand&post=1062"},{"taxonomy":"product_cat","embeddable":true,"href":"https:\/\/solcoinco.com\/index.php?rest_route=%2Fwp%2Fv2%2Fproduct_cat&post=1062"},{"taxonomy":"product_tag","embeddable":true,"href":"https:\/\/solcoinco.com\/index.php?rest_route=%2Fwp%2Fv2%2Fproduct_tag&post=1062"}],"curies":[{"name":"wp","href":"https:\/\/api.w.org\/{rel}","templated":true}]}}