{"id":25,"date":"2014-06-18T19:38:23","date_gmt":"2014-06-18T19:38:23","guid":{"rendered":"http:\/\/solcoinco.com\/solcoinco?page_id=25"},"modified":"2021-04-09T08:17:34","modified_gmt":"2021-04-09T13:17:34","slug":"servicios","status":"publish","type":"page","link":"https:\/\/solcoinco.com\/?page_id=25","title":{"rendered":"Servicios"},"content":{"rendered":"<p><a href=\"http:\/\/solcoinco.com\/productos\/PORTAFOLIO.pdf\">SOLCOINCO<\/a> ofrece servicios de tipo electromec\u00e1nico a equipo especializado en la industria tales como:<\/p>\n<ul>\n<li>Equipo de laboratorio para pruebas y an\u00e1lisis de cementaci\u00f3n en el sector petrolero<\/li>\n<li>Equipo de laboratorio para pruebas y an\u00e1lisis de coque y carb\u00f3n en el sector minero<\/li>\n<li>Tableros el\u00e9ctricos de control y fuerza<\/li>\n<li>Instalaciones el\u00e9ctricas en baja tensi\u00f3n<\/li>\n<li>Mantenimiento preventivo y correctivo a instalaciones el\u00e9ctricas<\/li>\n<li>An\u00e1lisis y mejoras a equipos de calefacci\u00f3n mediante la implementaci\u00f3n de nuevas tecnolog\u00edas<\/li>\n<\/ul>\n<h3><a href=\"http:\/\/solcoinco.com\/productos\/Catalogo_productos.pdf\">Nuestros servicios<\/a><\/h3>\n<div class=\"rt-toggle  no-numbers\"><ol>\n<li>\n<div class=\"toggle-head\">\n<div class=\"toggle-title\">Equipos de laboratorio para pruebas de cementaci\u00f3n<\/div>\n<\/div>\n<div class=\"toggle-content\">\n<p style=\"text-align: center;\">\u00a0<a href=\"http:\/\/solcoinco.com\/solcoincowp-content\/uploads\/2014\/06\/ultra-sonic-analyzer.jpg\"><img loading=\"lazy\" decoding=\"async\" class=\"alignnone wp-image-145 size-full\" src=\"http:\/\/solcoinco.com\/wp-content\/uploads\/2014\/06\/ultra-sonic-analyzer.jpg\" alt=\"ultra-sonic-analyzer\" width=\"203\" height=\"284\" \/><\/a><a href=\"http:\/\/solcoinco.com\/solcoincowp-content\/uploads\/2014\/06\/uca.jpg\"><img loading=\"lazy\" decoding=\"async\" class=\"alignnone wp-image-144 size-medium\" src=\"http:\/\/solcoinco.com\/wp-content\/uploads\/2014\/06\/uca-255x300.jpg\" alt=\"uca\" width=\"255\" height=\"300\" srcset=\"https:\/\/solcoinco.com\/wp-content\/uploads\/2014\/06\/uca-255x300.jpg 255w, https:\/\/solcoinco.com\/wp-content\/uploads\/2014\/06\/uca-600x706.jpg 600w, https:\/\/solcoinco.com\/wp-content\/uploads\/2014\/06\/uca-870x1024.jpg 870w, https:\/\/solcoinco.com\/wp-content\/uploads\/2014\/06\/uca.jpg 2006w\" sizes=\"auto, (max-width: 255px) 100vw, 255px\" \/><\/a><a href=\"http:\/\/solcoinco.com\/solcoincowp-content\/uploads\/2014\/06\/consistometers.jpg\"><img loading=\"lazy\" decoding=\"async\" class=\"alignnone wp-image-141 size-full\" src=\"http:\/\/solcoinco.com\/wp-content\/uploads\/2014\/06\/consistometers.jpg\" alt=\"consistometers\" width=\"203\" height=\"284\" \/><\/a><\/p>\n<ul>\n<li>Mantenimiento, reparaci\u00f3n y calibraci\u00f3n\n<ul>\n<li>Consistometros presurizados<\/li>\n<li>Equipo de an\u00e1lisis de cemento por ultrasonido UCA<\/li>\n<li>Equipo de an\u00e1lisis est\u00e1tico para medir la fuerza del gel SGSA<\/li>\n<li>Viscos\u00edmetro<\/li>\n<li>Mezcladores<\/li>\n<\/ul>\n<\/li>\n<\/ul>\n<\/div>\n<\/li>\n<li>\n<div class=\"toggle-head\">\n<div class=\"toggle-title\">Equipo de laboratoro para pruebas de coque<\/div>\n<\/div>\n<div class=\"toggle-content\">\n<p style=\"text-align: center;\"><a href=\"http:\/\/solcoinco.com\/wp-content\/uploads\/2014\/06\/20180523_115354.jpg\"><img loading=\"lazy\" decoding=\"async\" class=\"alignnone wp-image-675 \" src=\"http:\/\/solcoinco.com\/wp-content\/uploads\/2014\/06\/20180523_115354-300x225.jpg\" alt=\"\" width=\"207\" height=\"155\" srcset=\"https:\/\/solcoinco.com\/wp-content\/uploads\/2014\/06\/20180523_115354-300x225.jpg 300w, https:\/\/solcoinco.com\/wp-content\/uploads\/2014\/06\/20180523_115354-600x450.jpg 600w, https:\/\/solcoinco.com\/wp-content\/uploads\/2014\/06\/20180523_115354-768x576.jpg 768w, https:\/\/solcoinco.com\/wp-content\/uploads\/2014\/06\/20180523_115354-1024x768.jpg 1024w\" sizes=\"auto, (max-width: 207px) 100vw, 207px\" \/><\/a> \u00a0\u00a0<a href=\"http:\/\/solcoinco.com\/wp-content\/uploads\/2014\/06\/20180523_115330a.jpg\"><img loading=\"lazy\" decoding=\"async\" class=\"alignnone wp-image-677 \" src=\"http:\/\/solcoinco.com\/wp-content\/uploads\/2014\/06\/20180523_115330a-249x300.jpg\" alt=\"\" width=\"144\" height=\"174\" srcset=\"https:\/\/solcoinco.com\/wp-content\/uploads\/2014\/06\/20180523_115330a-249x300.jpg 249w, https:\/\/solcoinco.com\/wp-content\/uploads\/2014\/06\/20180523_115330a-600x724.jpg 600w, https:\/\/solcoinco.com\/wp-content\/uploads\/2014\/06\/20180523_115330a-768x926.jpg 768w, https:\/\/solcoinco.com\/wp-content\/uploads\/2014\/06\/20180523_115330a-849x1024.jpg 849w\" sizes=\"auto, (max-width: 144px) 100vw, 144px\" \/><\/a><a href=\"http:\/\/solcoinco.com\/wp-content\/uploads\/2021\/04\/WhatsApp-Image-2021-04-08-at-10.29.16-PM.jpeg\"><img loading=\"lazy\" decoding=\"async\" class=\"alignnone size-medium wp-image-1149\" src=\"http:\/\/solcoinco.com\/wp-content\/uploads\/2021\/04\/WhatsApp-Image-2021-04-08-at-10.29.16-PM-300x150.jpeg\" alt=\"\" width=\"300\" height=\"150\" srcset=\"https:\/\/solcoinco.com\/wp-content\/uploads\/2021\/04\/WhatsApp-Image-2021-04-08-at-10.29.16-PM-300x150.jpeg 300w, https:\/\/solcoinco.com\/wp-content\/uploads\/2021\/04\/WhatsApp-Image-2021-04-08-at-10.29.16-PM-1024x514.jpeg 1024w, https:\/\/solcoinco.com\/wp-content\/uploads\/2021\/04\/WhatsApp-Image-2021-04-08-at-10.29.16-PM-768x385.jpeg 768w, https:\/\/solcoinco.com\/wp-content\/uploads\/2021\/04\/WhatsApp-Image-2021-04-08-at-10.29.16-PM-600x301.jpeg 600w, https:\/\/solcoinco.com\/wp-content\/uploads\/2021\/04\/WhatsApp-Image-2021-04-08-at-10.29.16-PM.jpeg 1280w\" sizes=\"auto, (max-width: 300px) 100vw, 300px\" \/><\/a><a href=\"http:\/\/solcoinco.com\/wp-content\/uploads\/2021\/04\/WhatsApp-Image-2021-04-08-at-10.27.24-PM.jpeg\"><img loading=\"lazy\" decoding=\"async\" class=\"alignnone size-medium wp-image-1148\" src=\"http:\/\/solcoinco.com\/wp-content\/uploads\/2021\/04\/WhatsApp-Image-2021-04-08-at-10.27.24-PM-235x300.jpeg\" alt=\"\" width=\"235\" height=\"300\" srcset=\"https:\/\/solcoinco.com\/wp-content\/uploads\/2021\/04\/WhatsApp-Image-2021-04-08-at-10.27.24-PM-235x300.jpeg 235w, https:\/\/solcoinco.com\/wp-content\/uploads\/2021\/04\/WhatsApp-Image-2021-04-08-at-10.27.24-PM-802x1024.jpeg 802w, https:\/\/solcoinco.com\/wp-content\/uploads\/2021\/04\/WhatsApp-Image-2021-04-08-at-10.27.24-PM-768x981.jpeg 768w, https:\/\/solcoinco.com\/wp-content\/uploads\/2021\/04\/WhatsApp-Image-2021-04-08-at-10.27.24-PM-600x766.jpeg 600w, https:\/\/solcoinco.com\/wp-content\/uploads\/2021\/04\/WhatsApp-Image-2021-04-08-at-10.27.24-PM.jpeg 1002w\" sizes=\"auto, (max-width: 235px) 100vw, 235px\" \/><\/a><a href=\"http:\/\/solcoinco.com\/wp-content\/uploads\/2021\/04\/WhatsApp-Image-2021-04-08-at-10.25.24-PM.jpeg\"><img loading=\"lazy\" decoding=\"async\" class=\"alignnone size-medium wp-image-1147\" src=\"http:\/\/solcoinco.com\/wp-content\/uploads\/2021\/04\/WhatsApp-Image-2021-04-08-at-10.25.24-PM-163x300.jpeg\" alt=\"\" width=\"163\" height=\"300\" srcset=\"https:\/\/solcoinco.com\/wp-content\/uploads\/2021\/04\/WhatsApp-Image-2021-04-08-at-10.25.24-PM-163x300.jpeg 163w, https:\/\/solcoinco.com\/wp-content\/uploads\/2021\/04\/WhatsApp-Image-2021-04-08-at-10.25.24-PM-556x1024.jpeg 556w, https:\/\/solcoinco.com\/wp-content\/uploads\/2021\/04\/WhatsApp-Image-2021-04-08-at-10.25.24-PM-600x1105.jpeg 600w, https:\/\/solcoinco.com\/wp-content\/uploads\/2021\/04\/WhatsApp-Image-2021-04-08-at-10.25.24-PM.jpeg 695w\" sizes=\"auto, (max-width: 163px) 100vw, 163px\" \/><\/a><\/p>\n<p style=\"text-align: left;\">Mantenimiento, reparaci\u00f3n y calibraci\u00f3n<\/p>\n<ul>\n<li>Horno para pruebas de FSI<\/li>\n<li>Equipo para prueba Micum<\/li>\n<li>Equipos para pruebas de CRI y CSR<\/li>\n<li>C\u00e1maras de secado<\/li>\n<li>Hornos para materia vol\u00e1til<\/li>\n<li>Horno piloto<\/li>\n<\/ul>\n<\/div>\n<\/li>\n<li>\n<div class=\"toggle-head\">\n<div class=\"toggle-title\">Fabricaci\u00f3n de tableros de control y fuerza<\/div>\n<\/div>\n<div class=\"toggle-content\">\n<p style=\"text-align: center;\"><a href=\"http:\/\/solcoinco.com\/solcoincowp-content\/uploads\/2014\/06\/tablero-electrico-4.jpg\"><img loading=\"lazy\" decoding=\"async\" class=\"alignnone wp-image-157 size-medium\" src=\"http:\/\/solcoinco.com\/wp-content\/uploads\/2014\/06\/tablero-electrico-4-300x225.jpg\" alt=\"tablero-electrico-4\" width=\"300\" height=\"225\" srcset=\"https:\/\/solcoinco.com\/wp-content\/uploads\/2014\/06\/tablero-electrico-4-300x225.jpg 300w, https:\/\/solcoinco.com\/wp-content\/uploads\/2014\/06\/tablero-electrico-4.jpg 450w\" sizes=\"auto, (max-width: 300px) 100vw, 300px\" \/><\/a> <a href=\"http:\/\/solcoinco.com\/wp-content\/uploads\/2014\/06\/tableroselectronicos3.jpg\"><img loading=\"lazy\" decoding=\"async\" class=\"alignnone wp-image-158 size-medium\" src=\"http:\/\/solcoinco.com\/wp-content\/uploads\/2014\/06\/tableroselectronicos3-300x225.jpg\" alt=\"\" width=\"300\" height=\"225\" srcset=\"https:\/\/solcoinco.com\/wp-content\/uploads\/2014\/06\/tableroselectronicos3-300x225.jpg 300w, https:\/\/solcoinco.com\/wp-content\/uploads\/2014\/06\/tableroselectronicos3.jpg 530w\" sizes=\"auto, (max-width: 300px) 100vw, 300px\" \/><\/a><\/p>\n<\/div>\n<\/li><\/ol><\/div>\n<p>&nbsp;<\/p>","protected":false},"excerpt":{"rendered":"<p>SOLCOINCO ofrece servicios de tipo electromec\u00e1nico a equipo especializado en la industria tales como: Equipo de laboratorio para pruebas y an\u00e1lisis de cementaci\u00f3n en el sector petrolero Equipo de laboratorio para pruebas y an\u00e1lisis de coque y carb\u00f3n en el sector minero Tableros el\u00e9ctricos de control y fuerza Instalaciones el\u00e9ctricas en baja tensi\u00f3n Mantenimiento preventivo [&hellip;]<\/p>\n","protected":false},"author":1,"featured_media":0,"parent":0,"menu_order":0,"comment_status":"open","ping_status":"open","template":"","meta":{"footnotes":""},"class_list":["post-25","page","type-page","status-publish","hentry"],"_links":{"self":[{"href":"https:\/\/solcoinco.com\/index.php?rest_route=\/wp\/v2\/pages\/25","targetHints":{"allow":["GET"]}}],"collection":[{"href":"https:\/\/solcoinco.com\/index.php?rest_route=\/wp\/v2\/pages"}],"about":[{"href":"https:\/\/solcoinco.com\/index.php?rest_route=\/wp\/v2\/types\/page"}],"author":[{"embeddable":true,"href":"https:\/\/solcoinco.com\/index.php?rest_route=\/wp\/v2\/users\/1"}],"replies":[{"embeddable":true,"href":"https:\/\/solcoinco.com\/index.php?rest_route=%2Fwp%2Fv2%2Fcomments&post=25"}],"version-history":[{"count":40,"href":"https:\/\/solcoinco.com\/index.php?rest_route=\/wp\/v2\/pages\/25\/revisions"}],"predecessor-version":[{"id":778,"href":"https:\/\/solcoinco.com\/index.php?rest_route=\/wp\/v2\/pages\/25\/revisions\/778"}],"wp:attachment":[{"href":"https:\/\/solcoinco.com\/index.php?rest_route=%2Fwp%2Fv2%2Fmedia&parent=25"}],"curies":[{"name":"wp","href":"https:\/\/api.w.org\/{rel}","templated":true}]}}